{"id":987515053,"date":"2025-03-07T16:02:25","date_gmt":"2025-03-07T15:02:25","guid":{"rendered":"https:\/\/ecoglass-optic.com\/certifikaty\/"},"modified":"2025-03-14T15:25:03","modified_gmt":"2025-03-14T14:25:03","slug":"certifikaty","status":"publish","type":"page","link":"https:\/\/ecoglass-optic.com\/cs\/certifikaty\/","title":{"rendered":"Certifik\u00e1ty"},"content":{"rendered":"<p>[et_pb_section fb_built=&#8220;1&#8243; admin_label=&#8220;About&#8220; _builder_version=&#8220;4.25.1&#8243; _module_preset=&#8220;default&#8220; background_image=&#8220;https:\/\/ecoglass-optic.com\/wp-content\/uploads\/2024\/08\/prouzek-horni-popis.jpg&#8220; locked=&#8220;off&#8220; collapsed=&#8220;off&#8220; global_colors_info=&#8220;{}&#8220;][et_pb_row _builder_version=&#8220;4.21.0&#8243; _module_preset=&#8220;default&#8220; global_colors_info=&#8220;{}&#8220;][et_pb_column type=&#8220;4_4&#8243; _builder_version=&#8220;4.21.0&#8243; _module_preset=&#8220;default&#8220; global_colors_info=&#8220;{}&#8220;][et_pb_text _builder_version=&#8220;4.27.0&#8243; _module_preset=&#8220;default&#8220; header_font=&#8220;&#8211;et_global_heading_font|500||on|||||&#8220; header_text_align=&#8220;center&#8220; header_text_color=&#8220;#0158a2&#8243; header_font_size=&#8220;40px&#8220; header_line_height=&#8220;1.2em&#8220; header_font_size_tablet=&#8220;&#8220; header_font_size_phone=&#8220;30px&#8220; header_font_size_last_edited=&#8220;on|desktop&#8220; global_colors_info=&#8220;{}&#8220;]<\/p>\n<h1><strong>Certifik\u00e1ty ECOGLASS<\/strong><\/h1>\n<p>[\/et_pb_text][\/et_pb_column][\/et_pb_row][\/et_pb_section][et_pb_section fb_built=&#8220;1&#8243; disabled_on=&#8220;on|on|off&#8220; admin_label=&#8220;About&#8220; _builder_version=&#8220;4.27.0&#8243; _module_preset=&#8220;default&#8220; background_enable_image=&#8220;off&#8220; locked=&#8220;off&#8220; collapsed=&#8220;on&#8220; global_colors_info=&#8220;{}&#8220;][et_pb_row column_structure=&#8220;1_2,1_2&#8243; use_custom_gutter=&#8220;on&#8220; gutter_width=&#8220;1&#8243; make_equal=&#8220;on&#8220; _builder_version=&#8220;4.27.0&#8243; _module_preset=&#8220;default&#8220; width=&#8220;90%&#8220; max_width=&#8220;1170px&#8220; custom_padding=&#8220;0px||0px|||&#8220; global_colors_info=&#8220;{}&#8220;][et_pb_column type=&#8220;1_2&#8243; _builder_version=&#8220;4.27.0&#8243; _module_preset=&#8220;default&#8220; background_enable_image=&#8220;off&#8220; global_colors_info=&#8220;{}&#8220;][et_pb_image src=&#8220;https:\/\/ecoglass-optic.com\/wp-content\/uploads\/2025\/03\/ISO_EN.png&#8220; title_text=&#8220;ISO_EN&#8220; disabled_on=&#8220;off|off|off&#8220; _builder_version=&#8220;4.27.4&#8243; _module_preset=&#8220;default&#8220; global_colors_info=&#8220;{}&#8220;][\/et_pb_image][\/et_pb_column][et_pb_column type=&#8220;1_2&#8243; _builder_version=&#8220;4.25.1&#8243; _module_preset=&#8220;default&#8220; global_colors_info=&#8220;{}&#8220;][et_pb_text content_tablet=&#8220;<\/p>\n<h2>1996<\/h2>\n<p>V Mnichov\u011b Hradi\u0161ti kupujeme starou budovu, kterou za\u010d\u00edn\u00e1me rekonstruovat a p\u0159em\u011b\u0148ujeme ji na n\u00e1\u0161 v\u00fdrobn\u00ed z\u00e1vod. Budova byla p\u016fvodn\u011b za prvn\u00ed republiky skl\u00e1rnou, ale za socialismu byla zna\u010dn\u011b po\u0161kozena. <\/p>\n<p>&#8220; content_phone=&#8220;<\/p>\n<h2>1996<\/h2>\n<p>V Mnichov\u011b Hradi\u0161ti kupujeme starou budovu, kterou za\u010d\u00edn\u00e1me rekonstruovat a p\u0159em\u011b\u0148ujeme ji na n\u00e1\u0161 v\u00fdrobn\u00ed z\u00e1vod. Budova byla p\u016fvodn\u011b za prvn\u00ed republiky skl\u00e1rnou, ale za socialismu byla zna\u010dn\u011b po\u0161kozena. <\/p>\n<p>&#8220; content_last_edited=&#8220;off|desktop&#8220; _builder_version=&#8220;4.27.0&#8243; _module_preset=&#8220;default&#8220; text_font_size=&#8220;16px&#8220; header_2_font_size=&#8220;35px&#8220; custom_padding=&#8220;36%||36%|50px|true|false&#8220; custom_padding_tablet=&#8220;36%||36%|50px|true|false&#8220; custom_padding_phone=&#8220;30px||30px|0px|true|false&#8220; custom_padding_last_edited=&#8220;on|phone&#8220; text_font_tablet=&#8220;&#8220; text_font_phone=&#8220;&#8220; text_font_last_edited=&#8220;on|desktop&#8220; text_text_color_tablet=&#8220;&#8220; text_text_color_phone=&#8220;&#8220; text_text_color_last_edited=&#8220;on|desktop&#8220; text_font_size_tablet=&#8220;16px&#8220; text_font_size_phone=&#8220;14px&#8220; text_font_size_last_edited=&#8220;on|phone&#8220; text_letter_spacing_tablet=&#8220;&#8220; text_letter_spacing_phone=&#8220;&#8220; text_letter_spacing_last_edited=&#8220;on|desktop&#8220; text_line_height_tablet=&#8220;&#8220; text_line_height_phone=&#8220;&#8220; text_line_height_last_edited=&#8220;on|desktop&#8220; text_orientation_tablet=&#8220;&#8220; text_orientation_phone=&#8220;&#8220; text_orientation_last_edited=&#8220;on|desktop&#8220; background_layout_tablet=&#8220;&#8220; background_layout_phone=&#8220;&#8220; background_layout_last_edited=&#8220;on|desktop&#8220; global_colors_info=&#8220;{}&#8220;]<\/p>\n<p>Spole\u010dnost ECOGLASS, a.s. je dr\u017eitelem certifik\u00e1t\u016f <strong>ISO 9001<\/strong> a <strong>ISO 14001<\/strong>, kter\u00e9 zaru\u010duj\u00ed \u0161pi\u010dkovou kvalitu optick\u00fdch komponent\u016f a \u0161etrn\u00fd p\u0159\u00edstup k \u017eivotn\u00edmu prost\u0159ed\u00ed.<\/p>\n<p>[\/et_pb_text][\/et_pb_column][\/et_pb_row][\/et_pb_section][et_pb_section fb_built=&#8220;1&#8243; disabled_on=&#8220;off|off|on&#8220; admin_label=&#8220;About&#8220; _builder_version=&#8220;4.27.0&#8243; _module_preset=&#8220;default&#8220; background_enable_image=&#8220;off&#8220; locked=&#8220;off&#8220; collapsed=&#8220;on&#8220; global_colors_info=&#8220;{}&#8220;][et_pb_row column_structure=&#8220;1_2,1_2&#8243; use_custom_gutter=&#8220;on&#8220; gutter_width=&#8220;1&#8243; make_equal=&#8220;on&#8220; _builder_version=&#8220;4.27.0&#8243; _module_preset=&#8220;default&#8220; width=&#8220;90%&#8220; max_width=&#8220;1170px&#8220; custom_padding=&#8220;0px||0px|||&#8220; global_colors_info=&#8220;{}&#8220;][et_pb_column type=&#8220;1_2&#8243; _builder_version=&#8220;4.27.0&#8243; _module_preset=&#8220;default&#8220; background_enable_image=&#8220;off&#8220; global_colors_info=&#8220;{}&#8220;][et_pb_image src=&#8220;https:\/\/ecoglass-optic.com\/wp-content\/uploads\/2025\/03\/ISO_EN.png&#8220; title_text=&#8220;ISO_EN&#8220; disabled_on=&#8220;off|off|off&#8220; _builder_version=&#8220;4.27.4&#8243; _module_preset=&#8220;default&#8220; global_colors_info=&#8220;{}&#8220;][\/et_pb_image][\/et_pb_column][et_pb_column type=&#8220;1_2&#8243; _builder_version=&#8220;4.25.1&#8243; _module_preset=&#8220;default&#8220; global_colors_info=&#8220;{}&#8220;][et_pb_text _builder_version=&#8220;4.27.4&#8243; _module_preset=&#8220;default&#8220; header_2_font_size=&#8220;35px&#8220; custom_padding=&#8220;36%||36%|50px|true|false&#8220; custom_padding_tablet=&#8220;36%||36%|50px|true|false&#8220; custom_padding_phone=&#8220;30px||30px|0px|true|false&#8220; custom_padding_last_edited=&#8220;on|phone&#8220; header_2_font_size_tablet=&#8220;35px&#8220; header_2_font_size_phone=&#8220;26px&#8220; header_2_font_size_last_edited=&#8220;on|phone&#8220; global_colors_info=&#8220;{}&#8220;]<\/p>\n<h2> <\/h2>\n<p>Spole\u010dnost ECOGLASS, a.s. je dr\u017eitelem certifik\u00e1t\u016f <strong>ISO 9001<\/strong> a <strong>ISO 14001<\/strong>, kter\u00e9 zaru\u010duj\u00ed \u0161pi\u010dkovou kvalitu optick\u00fdch komponent\u016f a \u0161etrn\u00fd p\u0159\u00edstup k \u017eivotn\u00edmu prost\u0159ed\u00ed.<\/p>\n<p>[\/et_pb_text][\/et_pb_column][\/et_pb_row][\/et_pb_section]<\/p>\n","protected":false},"excerpt":{"rendered":"<p>Certifik\u00e1ty ECOGLASSSpole\u010dnost ECOGLASS, a.s. je dr\u017eitelem certifik\u00e1t\u016f ISO 9001 a ISO 14001, kter\u00e9 zaru\u010duj\u00ed \u0161pi\u010dkovou kvalitu optick\u00fdch komponent\u016f a \u0161etrn\u00fd p\u0159\u00edstup k \u017eivotn\u00edmu prost\u0159ed\u00ed. Spole\u010dnost ECOGLASS, a.s. je dr\u017eitelem certifik\u00e1t\u016f ISO 9001 a ISO 14001, kter\u00e9 zaru\u010duj\u00ed \u0161pi\u010dkovou kvalitu optick\u00fdch komponent\u016f a \u0161etrn\u00fd p\u0159\u00edstup k \u017eivotn\u00edmu prost\u0159ed\u00ed.<\/p>\n","protected":false},"author":2,"featured_media":0,"parent":0,"menu_order":0,"comment_status":"closed","ping_status":"closed","template":"","meta":{"_et_pb_use_builder":"on","_et_pb_old_content":"","_et_gb_content_width":"","footnotes":""},"difl_page_category":[],"class_list":["post-987515053","page","type-page","status-publish","hentry"],"_links":{"self":[{"href":"https:\/\/ecoglass-optic.com\/cs\/wp-json\/wp\/v2\/pages\/987515053","targetHints":{"allow":["GET"]}}],"collection":[{"href":"https:\/\/ecoglass-optic.com\/cs\/wp-json\/wp\/v2\/pages"}],"about":[{"href":"https:\/\/ecoglass-optic.com\/cs\/wp-json\/wp\/v2\/types\/page"}],"author":[{"embeddable":true,"href":"https:\/\/ecoglass-optic.com\/cs\/wp-json\/wp\/v2\/users\/2"}],"replies":[{"embeddable":true,"href":"https:\/\/ecoglass-optic.com\/cs\/wp-json\/wp\/v2\/comments?post=987515053"}],"version-history":[{"count":5,"href":"https:\/\/ecoglass-optic.com\/cs\/wp-json\/wp\/v2\/pages\/987515053\/revisions"}],"predecessor-version":[{"id":987515074,"href":"https:\/\/ecoglass-optic.com\/cs\/wp-json\/wp\/v2\/pages\/987515053\/revisions\/987515074"}],"wp:attachment":[{"href":"https:\/\/ecoglass-optic.com\/cs\/wp-json\/wp\/v2\/media?parent=987515053"}],"wp:term":[{"taxonomy":"difl_page_category","embeddable":true,"href":"https:\/\/ecoglass-optic.com\/cs\/wp-json\/wp\/v2\/difl_page_category?post=987515053"}],"curies":[{"name":"wp","href":"https:\/\/api.w.org\/{rel}","templated":true}]}}