{"id":987513568,"date":"2024-09-03T19:20:49","date_gmt":"2024-09-03T17:20:49","guid":{"rendered":"https:\/\/ecoglass-optic.com\/kontakty\/"},"modified":"2025-08-18T11:20:34","modified_gmt":"2025-08-18T09:20:34","slug":"kontakty","status":"publish","type":"page","link":"https:\/\/ecoglass-optic.com\/cs\/kontakty\/","title":{"rendered":"Kontakty"},"content":{"rendered":"<p>[et_pb_section fb_built=&#8220;1&#8243; admin_label=&#8220;About&#8220; _builder_version=&#8220;4.25.1&#8243; _module_preset=&#8220;default&#8220; background_image=&#8220;https:\/\/ecoglass-optic.com\/wp-content\/uploads\/2024\/08\/prouzek-horni-popis.jpg&#8220; locked=&#8220;off&#8220; collapsed=&#8220;off&#8220; global_colors_info=&#8220;{}&#8220;][et_pb_row _builder_version=&#8220;4.21.0&#8243; _module_preset=&#8220;default&#8220; global_colors_info=&#8220;{}&#8220;][et_pb_column type=&#8220;4_4&#8243; _builder_version=&#8220;4.21.0&#8243; _module_preset=&#8220;default&#8220; global_colors_info=&#8220;{}&#8220;][et_pb_text _builder_version=&#8220;4.27.0&#8243; _module_preset=&#8220;default&#8220; header_font=&#8220;&#8211;et_global_heading_font|500||on|||||&#8220; header_text_align=&#8220;center&#8220; header_text_color=&#8220;#0158a2&#8243; header_font_size=&#8220;40px&#8220; header_line_height=&#8220;1.2em&#8220; header_font_size_tablet=&#8220;&#8220; header_font_size_phone=&#8220;30px&#8220; header_font_size_last_edited=&#8220;on|desktop&#8220; global_colors_info=&#8220;{}&#8220;]<\/p>\n<h1><strong>Kontakty<\/strong><\/h1>\n<p>[\/et_pb_text][\/et_pb_column][\/et_pb_row][\/et_pb_section][et_pb_section fb_built=&#8220;1&#8243; inner_shadow=&#8220;on&#8220; custom_padding_last_edited=&#8220;on|phone&#8220; _builder_version=&#8220;4.27.0&#8243; custom_margin_tablet=&#8220;&#8220; custom_margin_phone=&#8220;&#8220; custom_margin_last_edited=&#8220;on|phone&#8220; custom_padding=&#8220;39px|0px|80px|0px|false|false&#8220; custom_padding_tablet=&#8220;39px|0px|80px|0px|false|false&#8220; custom_padding_phone=&#8220;30px||30px||true|false&#8220; global_colors_info=&#8220;{}&#8220;][et_pb_row column_structure=&#8220;1_3,1_3,1_3&#8243; use_custom_gutter=&#8220;on&#8220; gutter_width=&#8220;2&#8243; make_equal=&#8220;on&#8220; _builder_version=&#8220;4.27.0&#8243; width=&#8220;90%&#8220; width_tablet=&#8220;90%&#8220; width_phone=&#8220;90%&#8220; width_last_edited=&#8220;off|desktop&#8220; max_width=&#8220;1170px&#8220; max_width_tablet=&#8220;90%&#8220; max_width_phone=&#8220;90%&#8220; max_width_last_edited=&#8220;on|desktop&#8220; min_height_tablet=&#8220;&#8220; min_height_phone=&#8220;&#8220; min_height_last_edited=&#8220;on|desktop&#8220; height_tablet=&#8220;&#8220; height_phone=&#8220;&#8220; height_last_edited=&#8220;on|desktop&#8220; max_height_tablet=&#8220;&#8220; max_height_phone=&#8220;&#8220; max_height_last_edited=&#8220;on|desktop&#8220; custom_padding=&#8220;0px||0px||true|false&#8220; module_alignment_tablet=&#8220;&#8220; module_alignment_phone=&#8220;&#8220; module_alignment_last_edited=&#8220;on|desktop&#8220; global_colors_info=&#8220;{}&#8220;][et_pb_column type=&#8220;1_3&#8243; _builder_version=&#8220;4.27.0&#8243; custom_padding=&#8220;45px||45px||true|false&#8220; custom_padding_tablet=&#8220;45px||45px||true|false&#8220; custom_padding_phone=&#8220;45px||45px||true|false&#8220; custom_padding_last_edited=&#8220;on|desktop&#8220; border_radii_tablet=&#8220;&#8220; border_radii_phone=&#8220;&#8220; border_radii_last_edited=&#8220;on|desktop&#8220; border_width_all_tablet=&#8220;&#8220; border_width_all_phone=&#8220;&#8220; border_width_all_last_edited=&#8220;on|desktop&#8220; border_color_all_tablet=&#8220;&#8220; border_color_all_phone=&#8220;&#8220; border_color_all_last_edited=&#8220;on|desktop&#8220; border_style_all_tablet=&#8220;&#8220; border_style_all_phone=&#8220;&#8220; border_style_all_last_edited=&#8220;on|desktop&#8220; box_shadow_horizontal_tablet=&#8220;&#8220; box_shadow_horizontal_phone=&#8220;&#8220; box_shadow_horizontal_last_edited=&#8220;on|desktop&#8220; box_shadow_vertical_tablet=&#8220;&#8220; box_shadow_vertical_phone=&#8220;&#8220; box_shadow_vertical_last_edited=&#8220;on|desktop&#8220; box_shadow_blur_tablet=&#8220;&#8220; box_shadow_blur_phone=&#8220;&#8220; box_shadow_blur_last_edited=&#8220;on|desktop&#8220; box_shadow_spread_tablet=&#8220;&#8220; box_shadow_spread_phone=&#8220;&#8220; box_shadow_spread_last_edited=&#8220;on|desktop&#8220; box_shadow_color_tablet=&#8220;&#8220; box_shadow_color_phone=&#8220;&#8220; box_shadow_color_last_edited=&#8220;on|desktop&#8220; box_shadow_position_tablet=&#8220;&#8220; box_shadow_position_phone=&#8220;&#8220; box_shadow_position_last_edited=&#8220;on|desktop&#8220; global_colors_info=&#8220;{}&#8220;][et_pb_text content_tablet=&#8220;<\/p>\n<p><strong>EcoGlass, a.s.<\/strong><br \/>Arbesova 66a<br \/>466 04 Jablonec nad Nisou<\/p>\n<p>Telefon\/fax: +(821)<br \/>E-mail: info@ecoglass.cz<br \/>Internet : <a href=%22https:\/\/ecoglass-optic.com%22>www.ecoglass-optic.com<\/a><\/p>\n<p><abbr title=%22Glob\u00e1ln\u00ed polohov\u00fd syst\u00e9m%22>GPS<\/abbr>: 50\u00b044&apos;46.1%22 a 15\u00b010&apos;3.0%22<\/p>\n<p>&#8220; content_phone=&#8220;<\/p>\n<p><strong>EcoGlass, a.s.<\/strong><br \/>Arbesova 66a<br \/>466 04 Jablonec nad Nisou<\/p>\n<p>Telefon\/fax: +(821)<br \/>E-mail: info@ecoglass.cz<br \/>Internet : <a href=%22https:\/\/ecoglass-optic.com%22>www.ecoglass-optic.com<\/a><\/p>\n<p><abbr title=%22Glob\u00e1ln\u00ed polohov\u00fd syst\u00e9m%22>GPS<\/abbr>: 50\u00b044&apos;46.1%22 a 15\u00b010&apos;3.0%22<\/p>\n<p>&#8220; content_last_edited=&#8220;off|desktop&#8220; _builder_version=&#8220;4.27.4&#8243; _module_preset=&#8220;default&#8220; link_text_color=&#8220;#0057a2&#8243; hover_enabled=&#8220;0&#8243; text_font_tablet=&#8220;&#8220; text_font_phone=&#8220;&#8220; text_font_last_edited=&#8220;on|desktop&#8220; text_text_color_tablet=&#8220;&#8220; text_text_color_phone=&#8220;&#8220; text_text_color_last_edited=&#8220;on|desktop&#8220; text_font_size_tablet=&#8220;16px&#8220; text_font_size_phone=&#8220;16px&#8220; text_font_size_last_edited=&#8220;on|desktop&#8220; text_letter_spacing_tablet=&#8220;&#8220; text_letter_spacing_phone=&#8220;&#8220; text_letter_spacing_last_edited=&#8220;on|desktop&#8220; text_line_height_tablet=&#8220;&#8220; text_line_height_phone=&#8220;&#8220; text_line_height_last_edited=&#8220;on|desktop&#8220; link_font_tablet=&#8220;&#8220; link_font_phone=&#8220;&#8220; link_font_last_edited=&#8220;on|desktop&#8220; link_text_align_tablet=&#8220;&#8220; link_text_align_phone=&#8220;&#8220; link_text_align_last_edited=&#8220;on|desktop&#8220; link_text_color_tablet=&#8220;#0057a2&#8243; link_text_color_phone=&#8220;#0057a2&#8243; link_text_color_last_edited=&#8220;on|desktop&#8220; link_font_size_tablet=&#8220;&#8220; link_font_size_phone=&#8220;&#8220; link_font_size_last_edited=&#8220;on|desktop&#8220; link_letter_spacing_tablet=&#8220;&#8220; link_letter_spacing_phone=&#8220;&#8220; link_letter_spacing_last_edited=&#8220;on|desktop&#8220; link_line_height_tablet=&#8220;&#8220; link_line_height_phone=&#8220;&#8220; link_line_height_last_edited=&#8220;on|desktop&#8220; text_orientation_tablet=&#8220;&#8220; text_orientation_phone=&#8220;&#8220; text_orientation_last_edited=&#8220;on|desktop&#8220; background_layout_tablet=&#8220;&#8220; background_layout_phone=&#8220;&#8220; background_layout_last_edited=&#8220;on|desktop&#8220; global_colors_info=&#8220;{}&#8220; sticky_enabled=&#8220;0&#8243;]<\/p>\n<p><strong>ECOGLASS, a.s.<\/strong><br \/>Arbesova 4501\/66a<br \/>466 04 Jablonec nad Nisou<br \/>\u010cesk\u00e1 republika<\/p>\n<p>Telefon\/fax: <a href=\"tel:+420483316820\">+420 483 316 820<\/a><br \/>E-mail: <a href=\"mailto:info@ecoglass.cz\">info@ecoglass.cz<\/a><br \/>WEB : <a href=\"https:\/\/ecoglass-optic.com\">www.ecoglass-optic.com<\/a><\/p>\n<p><abbr title=\"Glob\u00e1ln\u00ed polohov\u00fd syst\u00e9m\">GPS<\/abbr>: <a href=\"https:\/\/www.google.com\/maps\/place\/50%C2%B044&#039;46.9%22N+15%C2%B010&#039;02.7%22E\/@50.7458613,15.1668068,17.33z\/data=!4m4!3m3!8m2!3d50.7463611!4d15.1674167?entry=ttu&amp;g_ep=EgoyMDI0MDkxMS4wIKXMDSoASAFQAw%3D%3D\" target=\"_blank\" rel=\"noopener\">50\u00b044&#8217;46.9&#8243; a 15\u00b010&#8217;02.7&#8243;<\/a><\/p>\n<p>[\/et_pb_text][et_pb_social_media_follow _builder_version=&#8220;4.27.0&#8243; _module_preset=&#8220;default&#8220; border_radii=&#8220;on|100px|100px|100px|100px&#8220; global_colors_info=&#8220;{}&#8220;][et_pb_social_media_follow_network social_network=&#8220;linkedin&#8220; url=&#8220;https:\/\/www.linkedin.com\/company\/ecoglass-a-s\/&#8220; _builder_version=&#8220;4.27.0&#8243; _module_preset=&#8220;default&#8220; background_color=&#8220;#0057a2&#8243; background_enable_color=&#8220;on&#8220; background_last_edited=&#8220;on|desktop&#8220; border_radii=&#8220;on|100px|100px|100px|100px&#8220; global_colors_info=&#8220;{}&#8220; follow_button=&#8220;off&#8220; url_new_window=&#8220;on&#8220;]linkedin[\/et_pb_social_media_follow_network][et_pb_social_media_follow_network social_network=&#8220;facebook&#8220; url=&#8220;https:\/\/www.facebook.com\/ecoglass.cz\/&#8220; _builder_version=&#8220;4.27.0&#8243; _module_preset=&#8220;default&#8220; background_color=&#8220;#0057a2&#8243; background_enable_color=&#8220;on&#8220; border_radii=&#8220;on|100px|100px|100px|100px&#8220; global_colors_info=&#8220;{}&#8220; follow_button=&#8220;off&#8220; url_new_window=&#8220;on&#8220;]facebook[\/et_pb_social_media_follow_network][et_pb_social_media_follow_network social_network=&#8220;youtube&#8220; url=&#8220;https:\/\/www.youtube.com\/@EcoGlass1991&#8243; _builder_version=&#8220;4.27.0&#8243; _module_preset=&#8220;default&#8220; background_color=&#8220;#0057a2&#8243; background_enable_color=&#8220;on&#8220; global_colors_info=&#8220;{}&#8220; follow_button=&#8220;off&#8220; url_new_window=&#8220;on&#8220;]youtube[\/et_pb_social_media_follow_network][\/et_pb_social_media_follow][\/et_pb_column][et_pb_column type=&#8220;1_3&#8243; _builder_version=&#8220;4.27.0&#8243; custom_padding=&#8220;45px||45px||true|false&#8220; border_color_right=&#8220;#D8D8D8&#8243; border_color_left=&#8220;#D8D8D8&#8243; border_radii_tablet=&#8220;&#8220; border_radii_phone=&#8220;&#8220; border_radii_last_edited=&#8220;on|desktop&#8220; border_width_all_tablet=&#8220;&#8220; border_width_all_phone=&#8220;&#8220; border_width_all_last_edited=&#8220;on|desktop&#8220; border_color_all_tablet=&#8220;&#8220; border_color_all_phone=&#8220;&#8220; border_color_all_last_edited=&#8220;on|desktop&#8220; border_style_all_tablet=&#8220;&#8220; border_style_all_phone=&#8220;&#8220; border_style_all_last_edited=&#8220;on|desktop&#8220; border_width_top_tablet=&#8220;1px&#8220; border_width_top_phone=&#8220;1px&#8220; border_width_top_last_edited=&#8220;on|phone&#8220; border_color_top_tablet=&#8220;#d8d8d8&#8243; border_color_top_phone=&#8220;#d8d8d8&#8243; border_color_top_last_edited=&#8220;on|phone&#8220; border_width_right_tablet=&#8220;0px&#8220; border_width_right_phone=&#8220;0px&#8220; border_width_right_last_edited=&#8220;on|phone&#8220; border_width_bottom_tablet=&#8220;1px&#8220; border_width_bottom_phone=&#8220;1px&#8220; border_width_bottom_last_edited=&#8220;on|phone&#8220; border_color_bottom_tablet=&#8220;#d8d8d8&#8243; border_color_bottom_phone=&#8220;#d8d8d8&#8243; border_color_bottom_last_edited=&#8220;on|phone&#8220; border_width_left_tablet=&#8220;0px&#8220; border_width_left_phone=&#8220;0px&#8220; border_width_left_last_edited=&#8220;on|phone&#8220; global_colors_info=&#8220;{}&#8220;][et_pb_text content_tablet=&#8220;<\/p>\n<p>I\u010cO: 43223265<br \/>DI\u010c: CZ43223265<\/p>\n<p>Spole\u010dnost je zaps\u00e1na v obchodn\u00edm rejst\u0159\u00edku veden\u00e9m u Krajsk\u00e9ho soudu v \u00dast\u00ed nad Labem, odd\u00edl C, vlo\u017eka \u010d\u00edslo. 896.<\/p>\n<p>M\u00e1te-li z\u00e1jem o dal\u0161\u00ed informace o n\u00e1s, nav\u0161tivte pros\u00edm <a href=%22https:\/\/ecoglass-optic.com\/en-company-profile\/%22>profil spole\u010dnosti<\/a><\/p>\n<p>&#8220; content_phone=&#8220;<\/p>\n<p>I\u010cO: 43223265<br \/>DI\u010c: CZ43223265<\/p>\n<p>Spole\u010dnost je zaps\u00e1na v obchodn\u00edm rejst\u0159\u00edku veden\u00e9m u Krajsk\u00e9ho soudu v \u00dast\u00ed nad Labem, odd\u00edl C, vlo\u017eka \u010d\u00edslo. 896.<\/p>\n<p>M\u00e1te-li z\u00e1jem o dal\u0161\u00ed informace o n\u00e1s, nav\u0161tivte pros\u00edm <a href=%22https:\/\/ecoglass-optic.com\/en-company-profile\/%22>profil spole\u010dnosti<\/a><\/p>\n<p>&#8220; content_last_edited=&#8220;off|desktop&#8220; _builder_version=&#8220;4.27.4&#8243; _module_preset=&#8220;default&#8220; link_text_color=&#8220;#0057a2&#8243; custom_margin_tablet=&#8220;&#8220; custom_margin_phone=&#8220;&#8220; custom_margin_last_edited=&#8220;on|desktop&#8220; custom_padding_tablet=&#8220;&#8220; custom_padding_phone=&#8220;&#8220; custom_padding_last_edited=&#8220;on|desktop&#8220; hover_enabled=&#8220;0&#8243; text_font_tablet=&#8220;&#8220; text_font_phone=&#8220;&#8220; text_font_last_edited=&#8220;on|desktop&#8220; text_text_color_tablet=&#8220;&#8220; text_text_color_phone=&#8220;&#8220; text_text_color_last_edited=&#8220;on|desktop&#8220; text_font_size_tablet=&#8220;16px&#8220; text_font_size_phone=&#8220;16px&#8220; text_font_size_last_edited=&#8220;on|desktop&#8220; text_letter_spacing_tablet=&#8220;&#8220; text_letter_spacing_phone=&#8220;&#8220; text_letter_spacing_last_edited=&#8220;on|desktop&#8220; text_line_height_tablet=&#8220;&#8220; text_line_height_phone=&#8220;&#8220; text_line_height_last_edited=&#8220;on|desktop&#8220; link_font_tablet=&#8220;&#8220; link_font_phone=&#8220;&#8220; link_font_last_edited=&#8220;on|desktop&#8220; link_text_align_tablet=&#8220;&#8220; link_text_align_phone=&#8220;&#8220; link_text_align_last_edited=&#8220;on|desktop&#8220; link_text_color_tablet=&#8220;#0057a2&#8243; link_text_color_phone=&#8220;#0057a2&#8243; link_text_color_last_edited=&#8220;on|desktop&#8220; link_font_size_tablet=&#8220;&#8220; link_font_size_phone=&#8220;&#8220; link_font_size_last_edited=&#8220;on|desktop&#8220; link_letter_spacing_tablet=&#8220;&#8220; link_letter_spacing_phone=&#8220;&#8220; link_letter_spacing_last_edited=&#8220;on|desktop&#8220; link_line_height_tablet=&#8220;&#8220; link_line_height_phone=&#8220;&#8220; link_line_height_last_edited=&#8220;on|desktop&#8220; text_orientation_tablet=&#8220;&#8220; text_orientation_phone=&#8220;&#8220; text_orientation_last_edited=&#8220;on|desktop&#8220; background_layout_tablet=&#8220;&#8220; background_layout_phone=&#8220;&#8220; background_layout_last_edited=&#8220;on|desktop&#8220; border_radii_tablet=&#8220;&#8220; border_radii_phone=&#8220;&#8220; border_radii_last_edited=&#8220;on|desktop&#8220; border_width_all_tablet=&#8220;&#8220; border_width_all_phone=&#8220;&#8220; border_width_all_last_edited=&#8220;on|desktop&#8220; border_color_all_tablet=&#8220;&#8220; border_color_all_phone=&#8220;&#8220; border_color_all_last_edited=&#8220;on|desktop&#8220; border_style_all_tablet=&#8220;&#8220; border_style_all_phone=&#8220;&#8220; border_style_all_last_edited=&#8220;on|desktop&#8220; global_colors_info=&#8220;{}&#8220; sticky_enabled=&#8220;0&#8243;]<\/p>\n<p>I\u010cO: 43223265<br \/>DI\u010c: CZ43223265<\/p>\n<p>Spole\u010dnost je zaps\u00e1na v obchodn\u00edm rejst\u0159\u00edku veden\u00e9m u Krajsk\u00e9ho soudu v \u00dast\u00ed nad Labem, odd\u00edl B, vlo\u017eka \u010d\u00edslo. 2059.<\/p>\n<p>M\u00e1te-li z\u00e1jem o dal\u0161\u00ed informace o n\u00e1s, nav\u0161tivte pros\u00edm <a href=\"https:\/\/ecoglass-optic.com\/wp-content\/uploads\/2024\/08\/01_ECOGLASS_company_presentation.pdf\" target=\"_blank\" rel=\"noopener\">profil spole\u010dnosti<\/a>.<\/p>\n<p>[\/et_pb_text][\/et_pb_column][et_pb_column type=&#8220;1_3&#8243; _builder_version=&#8220;4.16&#8243; custom_padding=&#8220;45px||45px||true|false&#8220; global_colors_info=&#8220;{}&#8220;][et_pb_contact_form captcha=&#8220;off&#8220; email=&#8220;info@ecoglass.cz&#8220; custom_message=&#8220;Vypln\u011bn\u00e9 \u00fadaje:%%dcfh_all_fields%%&#8220; success_message=&#8220;<\/p>\n<p>Va\u0161e zpr\u00e1va byla odesl\u00e1na!<\/p>\n<p>&#8220; _builder_version=&#8220;4.27.4&#8243; _module_preset=&#8220;default&#8220; _unique_id=&#8220;b9a4e3bf-6147-4222-ac30-e0d00836ea51&#8243; form_field_background_color=&#8220;RGBA(255,255,255,0)&#8220; form_field_text_color=&#8220;#000000&#8243; captcha_text_color=&#8220;#000000&#8243; captcha_font_size=&#8220;15px&#8220; custom_button=&#8220;on&#8220; button_text_size=&#8220;18px&#8220; button_text_color=&#8220;#FFFFFF&#8220; button_bg_color=&#8220;#0157a2&#8243; button_border_width=&#8220;2px&#8220; button_border_color=&#8220;#0157a2&#8243; button_border_radius=&#8220;0px&#8220; admin_email_subject=&#8220;%%predmet%%&#8220; admin_email_from_name=&#8220;ECOGLASS &#8211; WEB CZ&#8220; save_files_to_db=&#8220;off&#8220; send_files_as_attachment=&#8220;off&#8220; use_confirmation_email=&#8220;on&#8220; confirmation_email_field_id=&#8220;Email&#8220; confirmation_email_subject=&#8220;Your message has been received!&#8220; confirmation_email_from_name=&#8220;ECOGLASS&#8220; confirmation_email_from=&#8220;info@ecoglass.cz&#8220; use_confirmation_message_richtext=&#8220;on&#8220; confirmation_message_richtext=&#8220;<\/p>\n<p data-start=%220%22 data-end=%225%22>Dobr\u00fd den,<\/p>\n<p data-start=%227%22 data-end=%2277%22>d\u011bkujeme za vypln\u011bn\u00ed kontaktn\u00edho formul\u00e1\u0159e. Ozveme se v\u00e1m co nejd\u0159\u00edve.<\/p>\n<p data-start=%2279%22 data-end=%2290%22 data-is-last-node=%22%22 data-is-only-node=%22%22>S pozdravem,<\/p>\n<p data-start=%2279%22 data-end=%2290%22 data-is-last-node=%22%22 data-is-only-node=%22%22>ECOGLASS, a.s.<br \/>Telefon: +420 483 316 820<br \/>E-mail: <a href=%22mailto:info@ecoglass.cz%22>info@ecoglass.cz<\/a><br \/>Web: ecoglass-optic.com<\/p>\n<p>&#8220; success_message_heading_color=&#8220;#000000&#8243; success_message_font_color=&#8220;#000000&#8243; errormessage_fill_fontcolor=&#8220;#000000&#8243; errormessage_errors_fontcolor=&#8220;#000000&#8243; use_honeypot=&#8220;on&#8220; use_googlerecaptcha_v2=&#8220;on&#8220; border_width_all=&#8220;1px&#8220; border_color_all=&#8220;#000000&#8243; locked=&#8220;off&#8220; global_colors_info=&#8220;{}&#8220; button_bg_color__hover_enabled=&#8220;off|desktop&#8220;][et_pb_contact_field field_id=&#8220;Name&#8220; field_title=&#8220;N\u00e1zev&#8220; _builder_version=&#8220;4.27.0&#8243; global_colors_info=&#8220;{}&#8220; button_text_size__hover_enabled=&#8220;off&#8220; button_one_text_size__hover_enabled=&#8220;off&#8220; button_two_text_size__hover_enabled=&#8220;off&#8220; button_text_color__hover_enabled=&#8220;off&#8220; button_one_text_color__hover_enabled=&#8220;off&#8220; button_two_text_color__hover_enabled=&#8220;off&#8220; button_border_width__hover_enabled=&#8220;off&#8220; button_one_border_width__hover_enabled=&#8220;off&#8220; button_two_border_width__hover_enabled=&#8220;off&#8220; button_border_color__hover_enabled=&#8220;off&#8220; button_one_border_color__hover_enabled=&#8220;off&#8220; button_two_border_color__hover_enabled=&#8220;off&#8220; button_border_radius__hover_enabled=&#8220;off&#8220; button_one_border_radius__hover_enabled=&#8220;off&#8220; button_two_border_radius__hover_enabled=&#8220;off&#8220; button_letter_spacing__hover_enabled=&#8220;off&#8220; button_one_letter_spacing__hover_enabled=&#8220;off&#8220; button_two_letter_spacing__hover_enabled=&#8220;off&#8220; button_bg_color__hover_enabled=&#8220;off&#8220; button_one_bg_color__hover_enabled=&#8220;off&#8220; button_two_bg_color__hover_enabled=&#8220;off&#8220;][\/et_pb_contact_field][et_pb_contact_field field_id=&#8220;Email&#8220; field_title=&#8220;E-mail&#8220; field_type=&#8220;email&#8220; _builder_version=&#8220;4.27.0&#8243; global_colors_info=&#8220;{}&#8220; button_text_size__hover_enabled=&#8220;off&#8220; button_one_text_size__hover_enabled=&#8220;off&#8220; button_two_text_size__hover_enabled=&#8220;off&#8220; button_text_color__hover_enabled=&#8220;off&#8220; button_one_text_color__hover_enabled=&#8220;off&#8220; button_two_text_color__hover_enabled=&#8220;off&#8220; button_border_width__hover_enabled=&#8220;off&#8220; button_one_border_width__hover_enabled=&#8220;off&#8220; button_two_border_width__hover_enabled=&#8220;off&#8220; button_border_color__hover_enabled=&#8220;off&#8220; button_one_border_color__hover_enabled=&#8220;off&#8220; button_two_border_color__hover_enabled=&#8220;off&#8220; button_border_radius__hover_enabled=&#8220;off&#8220; button_one_border_radius__hover_enabled=&#8220;off&#8220; button_two_border_radius__hover_enabled=&#8220;off&#8220; button_letter_spacing__hover_enabled=&#8220;off&#8220; button_one_letter_spacing__hover_enabled=&#8220;off&#8220; button_two_letter_spacing__hover_enabled=&#8220;off&#8220; button_bg_color__hover_enabled=&#8220;off&#8220; button_one_bg_color__hover_enabled=&#8220;off&#8220; button_two_bg_color__hover_enabled=&#8220;off&#8220;][\/et_pb_contact_field][et_pb_contact_field field_id=&#8220;P\u0159edm\u011bt&#8220; field_title=&#8220;P\u0159edm\u011bt&#8220; required_mark=&#8220;off&#8220; fullwidth_field=&#8220;on&#8220; _builder_version=&#8220;4.27.4&#8243; _module_preset=&#8220;default&#8220; global_colors_info=&#8220;{}&#8220;][\/et_pb_contact_field][et_pb_contact_field field_id=&#8220;Message&#8220; field_title=&#8220;Zpr\u00e1va&#8220; field_type=&#8220;text&#8220; fullwidth_field=&#8220;on&#8220; _builder_version=&#8220;4.27.0&#8243; global_colors_info=&#8220;{}&#8220; button_text_size__hover_enabled=&#8220;off&#8220; button_one_text_size__hover_enabled=&#8220;off&#8220; button_two_text_size__hover_enabled=&#8220;off&#8220; button_text_color__hover_enabled=&#8220;off&#8220; button_one_text_color__hover_enabled=&#8220;off&#8220; button_two_text_color__hover_enabled=&#8220;off&#8220; button_border_width__hover_enabled=&#8220;off&#8220; button_one_border_width__hover_enabled=&#8220;off&#8220; button_two_border_width__hover_enabled=&#8220;off&#8220; button_border_color__hover_enabled=&#8220;off&#8220; button_one_border_color__hover_enabled=&#8220;off&#8220; button_two_border_color__hover_enabled=&#8220;off&#8220; button_border_radius__hover_enabled=&#8220;off&#8220; button_one_border_radius__hover_enabled=&#8220;off&#8220; button_two_border_radius__hover_enabled=&#8220;off&#8220; button_letter_spacing__hover_enabled=&#8220;off&#8220; button_one_letter_spacing__hover_enabled=&#8220;off&#8220; button_two_letter_spacing__hover_enabled=&#8220;off&#8220; button_bg_color__hover_enabled=&#8220;off&#8220; button_one_bg_color__hover_enabled=&#8220;off&#8220; button_two_bg_color__hover_enabled=&#8220;off&#8220;][\/et_pb_contact_field][\/et_pb_contact_form][\/et_pb_column][\/et_pb_row][et_pb_row _builder_version=&#8220;4.27.0&#8243; _module_preset=&#8220;default&#8220; width=&#8220;90%&#8220; width_tablet=&#8220;90%&#8220; width_phone=&#8220;90%&#8220; width_last_edited=&#8220;on|desktop&#8220; max_width=&#8220;1170px&#8220; max_width_tablet=&#8220;1170px&#8220; max_width_phone=&#8220;1170px&#8220; max_width_last_edited=&#8220;on|desktop&#8220; min_height_tablet=&#8220;&#8220; min_height_phone=&#8220;&#8220; min_height_last_edited=&#8220;on|desktop&#8220; height_tablet=&#8220;&#8220; height_phone=&#8220;&#8220; height_last_edited=&#8220;on|desktop&#8220; max_height_tablet=&#8220;&#8220; max_height_phone=&#8220;&#8220; max_height_last_edited=&#8220;on|desktop&#8220; module_alignment_tablet=&#8220;&#8220; module_alignment_phone=&#8220;&#8220; module_alignment_last_edited=&#8220;on|desktop&#8220; global_colors_info=&#8220;{}&#8220;][et_pb_column type=&#8220;4_4&#8243; _builder_version=&#8220;4.27.0&#8243; _module_preset=&#8220;default&#8220; global_colors_info=&#8220;{}&#8220;][et_pb_code _builder_version=&#8220;4.27.0&#8243; _module_preset=&#8220;default&#8220; global_colors_info=&#8220;{}&#8220;]<iframe src=\"https:\/\/www.google.com\/maps\/embed?pb=!1m17!1m12!1m3!1d2945.0143322524264!2d15.166798739918333!3d50.74598068274007!2m3!1f0!2f0!3f0!3m2!1i1024!2i768!4f13.1!3m2!1m1!2zNTDCsDQ0JzQ2LjkiTiAxNcKwMTAnMDIuNyJF!5e0!3m2!1scs!2scz!4v1726568964952!5m2!1scs!2scz\" width=\"100%\" height=\"450\" style=\"border:0;\" allowfullscreen=\"\" loading=\"lazy\" referrerpolicy=\"no-referrer-when-downgrade\"><\/iframe>[\/et_pb_code][\/et_pb_column][\/et_pb_row][\/et_pb_section]<\/p>\n","protected":false},"excerpt":{"rendered":"<p>KontaktyECOGLASS, a.s.Arbesova 4501\/66a466 04 Jablonec nad Nisou\u010cesk\u00e1 republika Telefon\/fax: +420 483 316 820E-mail: info@ecoglass.czWEB : www.ecoglass-optic.com GPS: 50\u00b044&#8217;46.9&#8243; a 15\u00b010&#8217;02.7&#8243;I\u010cO: 43223265DI\u010c: CZ43223265 Spole\u010dnost je zaps\u00e1na v obchodn\u00edm rejst\u0159\u00edku veden\u00e9m u Krajsk\u00e9ho soudu v \u00dast\u00ed nad Labem, odd\u00edl B, vlo\u017eka \u010d\u00edslo. 2059. M\u00e1te-li z\u00e1jem o dal\u0161\u00ed informace o n\u00e1s, nav\u0161tivte pros\u00edm profil spole\u010dnosti.<\/p>\n","protected":false},"author":2,"featured_media":0,"parent":0,"menu_order":0,"comment_status":"closed","ping_status":"closed","template":"","meta":{"_et_pb_use_builder":"on","_et_pb_old_content":"","_et_gb_content_width":"","footnotes":""},"difl_page_category":[],"class_list":["post-987513568","page","type-page","status-publish","hentry"],"_links":{"self":[{"href":"https:\/\/ecoglass-optic.com\/cs\/wp-json\/wp\/v2\/pages\/987513568","targetHints":{"allow":["GET"]}}],"collection":[{"href":"https:\/\/ecoglass-optic.com\/cs\/wp-json\/wp\/v2\/pages"}],"about":[{"href":"https:\/\/ecoglass-optic.com\/cs\/wp-json\/wp\/v2\/types\/page"}],"author":[{"embeddable":true,"href":"https:\/\/ecoglass-optic.com\/cs\/wp-json\/wp\/v2\/users\/2"}],"replies":[{"embeddable":true,"href":"https:\/\/ecoglass-optic.com\/cs\/wp-json\/wp\/v2\/comments?post=987513568"}],"version-history":[{"count":5,"href":"https:\/\/ecoglass-optic.com\/cs\/wp-json\/wp\/v2\/pages\/987513568\/revisions"}],"predecessor-version":[{"id":987516542,"href":"https:\/\/ecoglass-optic.com\/cs\/wp-json\/wp\/v2\/pages\/987513568\/revisions\/987516542"}],"wp:attachment":[{"href":"https:\/\/ecoglass-optic.com\/cs\/wp-json\/wp\/v2\/media?parent=987513568"}],"wp:term":[{"taxonomy":"difl_page_category","embeddable":true,"href":"https:\/\/ecoglass-optic.com\/cs\/wp-json\/wp\/v2\/difl_page_category?post=987513568"}],"curies":[{"name":"wp","href":"https:\/\/api.w.org\/{rel}","templated":true}]}}