{"id":987513562,"date":"2024-08-28T00:11:29","date_gmt":"2024-08-27T22:11:29","guid":{"rendered":"https:\/\/ecoglass-optic.com\/namorni-lekarske-a-vojenske\/"},"modified":"2025-08-18T10:09:50","modified_gmt":"2025-08-18T08:09:50","slug":"optika-pro-namorni-lekarske-vojenske-ucely","status":"publish","type":"page","link":"https:\/\/ecoglass-optic.com\/cs\/optika-pro-namorni-lekarske-vojenske-ucely\/","title":{"rendered":"N\u00e1mo\u0159n\u00ed, l\u00e9ka\u0159sk\u00e9 a vojensk\u00e9"},"content":{"rendered":"<p>[et_pb_section fb_built=&#8220;1&#8243; fullwidth=&#8220;on&#8220; _builder_version=&#8220;4.27.4&#8243; _module_preset=&#8220;default&#8220; global_colors_info=&#8220;{}&#8220;][et_pb_fullwidth_image src=&#8220;https:\/\/ecoglass-optic.com\/wp-content\/uploads\/2025\/07\/Optics-for-medical_final_70.jpg&#8220; title_text=&#8220;Optics for medical_final_70%&#8220; _builder_version=&#8220;4.27.4&#8243; _module_preset=&#8220;default&#8220; global_colors_info=&#8220;{}&#8220;][\/et_pb_fullwidth_image][\/et_pb_section][et_pb_section fb_built=&#8220;1&#8243; admin_label=&#8220;About&#8220; _builder_version=&#8220;4.25.1&#8243; _module_preset=&#8220;default&#8220; background_image=&#8220;https:\/\/ecoglass-optic.com\/wp-content\/uploads\/2024\/08\/prouzek-horni-popis.jpg&#8220; locked=&#8220;off&#8220; collapsed=&#8220;off&#8220; global_colors_info=&#8220;{}&#8220;][et_pb_row _builder_version=&#8220;4.27.4&#8243; _module_preset=&#8220;default&#8220; custom_margin_tablet=&#8220;-25px||-25px||false|false&#8220; custom_margin_phone=&#8220;-30px||-35px||false|false&#8220; custom_margin_last_edited=&#8220;on|phone&#8220; global_colors_info=&#8220;{}&#8220;][et_pb_column type=&#8220;4_4&#8243; _builder_version=&#8220;4.21.0&#8243; _module_preset=&#8220;default&#8220; global_colors_info=&#8220;{}&#8220;][et_pb_text _builder_version=&#8220;4.27.4&#8243; _module_preset=&#8220;default&#8220; header_font=&#8220;&#8211;et_global_heading_font|500||on|||||&#8220; header_text_align=&#8220;center&#8220; header_text_color=&#8220;#0158a2&#8243; header_font_size=&#8220;40px&#8220; header_line_height=&#8220;1.2em&#8220; custom_margin=&#8220;||-25px||false|false&#8220; custom_margin_tablet=&#8220;-15px||-40px||false|false&#8220; custom_margin_phone=&#8220;-15px||-50px||false|false&#8220; custom_margin_last_edited=&#8220;on|desktop&#8220; header_font_size_tablet=&#8220;23px&#8220; header_font_size_phone=&#8220;17px&#8220; header_font_size_last_edited=&#8220;on|phone&#8220; global_colors_info=&#8220;{}&#8220;]<\/p>\n<h1><strong>Optika pro n\u00e1mo\u0159n\u00ed, l\u00e9ka\u0159sk\u00e9 a vojensk\u00e9 pou\u017eit\u00ed<\/strong><\/h1>\n<p>[\/et_pb_text][\/et_pb_column][\/et_pb_row][\/et_pb_section][et_pb_section fb_built=&#8220;1&#8243; _builder_version=&#8220;4.27.0&#8243; _module_preset=&#8220;default&#8220; global_colors_info=&#8220;{}&#8220;][et_pb_row custom_padding_last_edited=&#8220;on|phone&#8220; _builder_version=&#8220;4.27.4&#8243; _module_preset=&#8220;default&#8220; width=&#8220;90%&#8220; max_width=&#8220;1170px&#8220; custom_margin=&#8220;-10px||||false|false&#8220; custom_padding=&#8220;0px||||false|false&#8220; custom_padding_tablet=&#8220;0px||||false|false&#8220; custom_padding_phone=&#8220;0px||||false|false&#8220; global_colors_info=&#8220;{}&#8220;][et_pb_column type=&#8220;4_4&#8243; _builder_version=&#8220;4.25.1&#8243; _module_preset=&#8220;default&#8220; global_colors_info=&#8220;{}&#8220;][et_pb_text content_tablet=&#8220;<\/p>\n<p style=%22text-align: justify;%22><span style=%22font-weight: 400;%22>N\u011bkter\u00e9 z na\u0161ich <\/span><strong>standardn\u00ed optika<\/strong><span style=%22font-weight: 400;%22> lze nal\u00e9zt v lodn\u00edch vyhled\u00e1vac\u00edch sv\u011btlech nebo sv\u011btlech pro zaplaven\u00ed.<\/span><\/p>\n<p style=%22text-align: justify;%22><span style=%22font-weight: 400;%22>M\u00e1me dlouholet\u00e9 zku\u0161enosti s dod\u00e1vkami speci\u00e1ln\u00ed zak\u00e1zkov\u00e9 optiky pro osv\u011btlen\u00ed lod\u00ed pod hladinou mo\u0159e.<br \/>Pro tuto aplikaci se pou\u017e\u00edv\u00e1 borosilik\u00e1tov\u00e9 sklo kv\u016fli vy\u0161\u0161\u00edmu riziku tepeln\u00e9ho \u0161oku a pot\u0159eb\u011b chemick\u00e9 odolnosti a stability v mo\u0159sk\u00e9 vod\u011b. <\/span><\/p>\n<p style=%22text-align: justify;%22><span style=%22font-weight: 400;%22>Na\u0161i odborn\u00edci mohou <\/span><strong>navrhnout va\u0161i optickou sou\u010d\u00e1stku<\/strong><span style=%22font-weight: 400;%22> podle va\u0161ich po\u017eadavk\u016f nebo v\u00e1m doporu\u010d\u00ed n\u011bkterou z na\u0161ich standardn\u00edch optick\u00fdch komponent, \u010d\u00edm\u017e zkr\u00e1t\u00ed dodac\u00ed lh\u016fty a eliminuj\u00ed po\u010d\u00e1te\u010dn\u00ed n\u00e1klady.<\/span><\/p>\n<p>&#8220; content_phone=&#8220;<\/p>\n<p style=%22text-align: justify;%22><span style=%22font-weight: 400;%22>N\u011bkter\u00e9 z na\u0161ich <\/span><strong>standardn\u00ed optika<\/strong><span style=%22font-weight: 400;%22> lze nal\u00e9zt v lodn\u00edch vyhled\u00e1vac\u00edch sv\u011btlech nebo sv\u011btlech pro zaplaven\u00ed.<\/span><\/p>\n<p style=%22text-align: justify;%22><span style=%22font-weight: 400;%22>M\u00e1me dlouholet\u00e9 zku\u0161enosti s dod\u00e1vkami speci\u00e1ln\u00ed zak\u00e1zkov\u00e9 optiky pro osv\u011btlen\u00ed lod\u00ed pod hladinou mo\u0159e.<br \/>Pro tuto aplikaci se pou\u017e\u00edv\u00e1 borosilik\u00e1tov\u00e9 sklo kv\u016fli vy\u0161\u0161\u00edmu riziku tepeln\u00e9ho \u0161oku a pot\u0159eb\u011b chemick\u00e9 odolnosti a stability v mo\u0159sk\u00e9 vod\u011b. <\/span><\/p>\n<p style=%22text-align: justify;%22><span style=%22font-weight: 400;%22>Na\u0161i odborn\u00edci mohou <\/span><strong>navrhnout va\u0161i optickou sou\u010d\u00e1stku<\/strong><span style=%22font-weight: 400;%22> podle va\u0161ich po\u017eadavk\u016f nebo v\u00e1m doporu\u010d\u00ed n\u011bkterou z na\u0161ich standardn\u00edch optick\u00fdch komponent, \u010d\u00edm\u017e zkr\u00e1t\u00ed dodac\u00ed lh\u016fty a eliminuj\u00ed po\u010d\u00e1te\u010dn\u00ed n\u00e1klady.<\/span><\/p>\n<p>&#8220; content_last_edited=&#8220;on|phone&#8220; _builder_version=&#8220;4.27.4&#8243; _module_preset=&#8220;default&#8220; hover_enabled=&#8220;0&#8243; text_font_tablet=&#8220;&#8220; text_font_phone=&#8220;&#8220; text_font_last_edited=&#8220;on|desktop&#8220; text_text_color_tablet=&#8220;&#8220; text_text_color_phone=&#8220;&#8220; text_text_color_last_edited=&#8220;on|desktop&#8220; text_font_size_tablet=&#8220;16px&#8220; text_font_size_phone=&#8220;16px&#8220; text_font_size_last_edited=&#8220;on|phone&#8220; text_letter_spacing_tablet=&#8220;&#8220; text_letter_spacing_phone=&#8220;&#8220; text_letter_spacing_last_edited=&#8220;on|desktop&#8220; text_line_height_tablet=&#8220;&#8220; text_line_height_phone=&#8220;&#8220; text_line_height_last_edited=&#8220;on|desktop&#8220; text_orientation_tablet=&#8220;&#8220; text_orientation_phone=&#8220;&#8220; text_orientation_last_edited=&#8220;on|desktop&#8220; background_layout_tablet=&#8220;&#8220; background_layout_phone=&#8220;&#8220; background_layout_last_edited=&#8220;on|desktop&#8220; global_colors_info=&#8220;{}&#8220; sticky_enabled=&#8220;0&#8243;]<\/p>\n<p style=\"text-align: justify;\"><span style=\"font-weight: 400;\">Na\u0161e <\/span><a href=\"https:\/\/www.lustroveovesy.cz\/opticke-cocky\/\" target=\"_blank\" rel=\"noopener\"><span style=\"font-weight: 400;\">voln\u011b prodejn\u00e1 optika<\/span><\/a><span style=\"font-weight: 400;\"> je hojn\u011b pou\u017e\u00edv\u00e1na v n\u00e1mo\u0159n\u00edch reflektorech, reflektorech se \u0161irok\u00fdm vyza\u0159ov\u00e1n\u00edm nebo ve spotov\u00fdch sv\u011btlech s <a href=\"https:\/\/www.lustroveovesy.cz\/spotova-cocka-pro-led-prumer-70-mm-a561-7041\/\" target=\"_blank\" rel=\"noopener\">\u00fazk\u00fdm vyza\u0159ovac\u00edm sv\u011bteln\u00fdm ku\u017eelem<\/a>.<\/span><\/p>\n<p style=\"text-align: justify;\"><span style=\"font-weight: 400;\">ECOGLASS, a.s. je stabiln\u00ed v\u00fdrobce a dodavatel optik do sv\u011btel, kter\u00e1 sv\u00edt\u00ed na lod\u00edch pod hladinou mo\u0159e. Pro tuto aplikaci se pou\u017e\u00edv\u00e1 borosilik\u00e1tov\u00e9 sklo, nebo\u0165 d\u00edky sv\u00fdm vlastnostem odol\u00e1 velk\u00e9mu teplotn\u00edmu rozd\u00edlu i p\u016fsoben\u00ed slan\u00e9 vody.<\/span><\/p>\n<p style=\"text-align: justify;\"><span style=\"font-weight: 400;\">N\u00e1\u0161 t\u00fdm odborn\u00edk\u016f v\u00e1m r\u00e1d pom\u016f\u017ee s <\/span><a href=\"https:\/\/ecoglass-optic.com\/cs\/poradenstvi\/\"><span style=\"font-weight: 400;\">n\u00e1vrhem optick\u00e9ho komponentu<\/span><\/a><span style=\"font-weight: 400;\"> nebo doporu\u010d\u00ed jednu z na\u0161ich voln\u011b prodejn\u00fdch optik. Pou\u017eit\u00ed <a href=\"https:\/\/www.lustroveovesy.cz\/opticke-cocky\/\" target=\"_blank\" rel=\"noopener\">standardn\u00ed optiky<\/a> je v\u00fdhodn\u00e9 d\u00edky kr\u00e1tk\u00e9 dob\u011b dod\u00e1n\u00ed a nulov\u00fdm po\u010d\u00e1te\u010dn\u00edm n\u00e1klad\u016fm.<\/span><\/p>\n<p>[\/et_pb_text][\/et_pb_column][\/et_pb_row][et_pb_row _builder_version=&#8220;4.27.0&#8243; _module_preset=&#8220;default&#8220; width=&#8220;90%&#8220; max_width=&#8220;1170px&#8220; global_colors_info=&#8220;{}&#8220;][et_pb_column type=&#8220;4_4&#8243; _builder_version=&#8220;4.27.0&#8243; _module_preset=&#8220;default&#8220; global_colors_info=&#8220;{}&#8220;][difl_imagecarousel item_desktop=&#8220;3&#8243; arrow=&#8220;on&#8220; arrow_prev_icon_use_icon=&#8220;off&#8220; arrow_next_icon_use_icon=&#8220;off&#8220; arrow_color=&#8220;#0057a2&#8243; _builder_version=&#8220;4.27.4&#8243; _module_preset=&#8220;default&#8220; global_colors_info=&#8220;{}&#8220;][difl_imagecarouselitem image=&#8220;https:\/\/ecoglass-optic.com\/wp-content\/uploads\/2024\/08\/DSC5895.jpg&#8220; ic_button_button_url_new_window=&#8220;1&#8243; _builder_version=&#8220;4.27.0&#8243; _module_preset=&#8220;default&#8220; global_colors_info=&#8220;{}&#8220;][\/difl_imagecarouselitem][difl_imagecarouselitem image=&#8220;https:\/\/ecoglass-optic.com\/wp-content\/uploads\/2024\/08\/DSC5881.jpg&#8220; ic_button_button_url_new_window=&#8220;1&#8243; _builder_version=&#8220;4.27.0&#8243; _module_preset=&#8220;default&#8220; global_colors_info=&#8220;{}&#8220;][\/difl_imagecarouselitem][difl_imagecarouselitem image=&#8220;https:\/\/ecoglass-optic.com\/wp-content\/uploads\/2024\/08\/DSC5844.jpg&#8220; ic_button_button_url_new_window=&#8220;1&#8243; _builder_version=&#8220;4.27.0&#8243; _module_preset=&#8220;default&#8220; global_colors_info=&#8220;{}&#8220;][\/difl_imagecarouselitem][difl_imagecarouselitem image=&#8220;https:\/\/ecoglass-optic.com\/wp-content\/uploads\/2025\/08\/Sklicko_1.png&#8220; ic_button_button_url_new_window=&#8220;1&#8243; _builder_version=&#8220;4.27.4&#8243; _module_preset=&#8220;default&#8220; global_colors_info=&#8220;{}&#8220;][\/difl_imagecarouselitem][difl_imagecarouselitem image=&#8220;https:\/\/ecoglass-optic.com\/wp-content\/uploads\/2025\/08\/Sklicko_2.png&#8220; ic_button_button_url_new_window=&#8220;1&#8243; _builder_version=&#8220;4.27.4&#8243; _module_preset=&#8220;default&#8220; global_colors_info=&#8220;{}&#8220;][\/difl_imagecarouselitem][difl_imagecarouselitem image=&#8220;https:\/\/ecoglass-optic.com\/wp-content\/uploads\/2025\/08\/Sklicko_3.png&#8220; ic_button_button_url_new_window=&#8220;1&#8243; _builder_version=&#8220;4.27.4&#8243; _module_preset=&#8220;default&#8220; global_colors_info=&#8220;{}&#8220;][\/difl_imagecarouselitem][\/difl_imagecarousel][\/et_pb_column][\/et_pb_row][\/et_pb_section]<\/p>\n","protected":false},"excerpt":{"rendered":"<p>Optika pro n\u00e1mo\u0159n\u00ed, l\u00e9ka\u0159sk\u00e9 a vojensk\u00e9 pou\u017eit\u00edNa\u0161e voln\u011b prodejn\u00e1 optika je hojn\u011b pou\u017e\u00edv\u00e1na v n\u00e1mo\u0159n\u00edch reflektorech, reflektorech se \u0161irok\u00fdm vyza\u0159ov\u00e1n\u00edm nebo ve spotov\u00fdch sv\u011btlech s \u00fazk\u00fdm vyza\u0159ovac\u00edm sv\u011bteln\u00fdm ku\u017eelem. ECOGLASS, a.s. je stabiln\u00ed v\u00fdrobce a dodavatel optik do sv\u011btel, kter\u00e1 sv\u00edt\u00ed na lod\u00edch pod hladinou mo\u0159e. Pro tuto aplikaci se pou\u017e\u00edv\u00e1 borosilik\u00e1tov\u00e9 sklo, nebo\u0165 d\u00edky [&hellip;]<\/p>\n","protected":false},"author":2,"featured_media":0,"parent":0,"menu_order":0,"comment_status":"closed","ping_status":"closed","template":"","meta":{"_et_pb_use_builder":"on","_et_pb_old_content":"","_et_gb_content_width":"","footnotes":""},"difl_page_category":[],"class_list":["post-987513562","page","type-page","status-publish","hentry"],"_links":{"self":[{"href":"https:\/\/ecoglass-optic.com\/cs\/wp-json\/wp\/v2\/pages\/987513562","targetHints":{"allow":["GET"]}}],"collection":[{"href":"https:\/\/ecoglass-optic.com\/cs\/wp-json\/wp\/v2\/pages"}],"about":[{"href":"https:\/\/ecoglass-optic.com\/cs\/wp-json\/wp\/v2\/types\/page"}],"author":[{"embeddable":true,"href":"https:\/\/ecoglass-optic.com\/cs\/wp-json\/wp\/v2\/users\/2"}],"replies":[{"embeddable":true,"href":"https:\/\/ecoglass-optic.com\/cs\/wp-json\/wp\/v2\/comments?post=987513562"}],"version-history":[{"count":4,"href":"https:\/\/ecoglass-optic.com\/cs\/wp-json\/wp\/v2\/pages\/987513562\/revisions"}],"predecessor-version":[{"id":987516532,"href":"https:\/\/ecoglass-optic.com\/cs\/wp-json\/wp\/v2\/pages\/987513562\/revisions\/987516532"}],"wp:attachment":[{"href":"https:\/\/ecoglass-optic.com\/cs\/wp-json\/wp\/v2\/media?parent=987513562"}],"wp:term":[{"taxonomy":"difl_page_category","embeddable":true,"href":"https:\/\/ecoglass-optic.com\/cs\/wp-json\/wp\/v2\/difl_page_category?post=987513562"}],"curies":[{"name":"wp","href":"https:\/\/api.w.org\/{rel}","templated":true}]}}