{"id":987513557,"date":"2024-08-27T23:59:56","date_gmt":"2024-08-27T21:59:56","guid":{"rendered":"https:\/\/ecoglass-optic.com\/solarni-elektrarny\/"},"modified":"2025-08-18T10:08:58","modified_gmt":"2025-08-18T08:08:58","slug":"optika-pro-solarni-systemy","status":"publish","type":"page","link":"https:\/\/ecoglass-optic.com\/cs\/optika-pro-solarni-systemy\/","title":{"rendered":"Sol\u00e1rn\u00ed elektr\u00e1rny"},"content":{"rendered":"<p>[et_pb_section fb_built=&#8220;1&#8243; fullwidth=&#8220;on&#8220; _builder_version=&#8220;4.27.4&#8243; _module_preset=&#8220;default&#8220; global_colors_info=&#8220;{}&#8220;][et_pb_fullwidth_image src=&#8220;https:\/\/ecoglass-optic.com\/wp-content\/uploads\/2025\/07\/Optic-for-solar_final_70.jpg&#8220; title_text=&#8220;Optic for solar_final_70%&#8220; _builder_version=&#8220;4.27.4&#8243; _module_preset=&#8220;default&#8220; global_colors_info=&#8220;{}&#8220;][\/et_pb_fullwidth_image][\/et_pb_section][et_pb_section fb_built=&#8220;1&#8243; admin_label=&#8220;About&#8220; _builder_version=&#8220;4.25.1&#8243; _module_preset=&#8220;default&#8220; background_image=&#8220;https:\/\/ecoglass-optic.com\/wp-content\/uploads\/2024\/08\/prouzek-horni-popis.jpg&#8220; locked=&#8220;off&#8220; collapsed=&#8220;off&#8220; global_colors_info=&#8220;{}&#8220;][et_pb_row _builder_version=&#8220;4.27.4&#8243; _module_preset=&#8220;default&#8220; custom_margin_tablet=&#8220;-25px||-25px||false|false&#8220; custom_margin_phone=&#8220;-30px||-35px||false|false&#8220; custom_margin_last_edited=&#8220;on|phone&#8220; global_colors_info=&#8220;{}&#8220;][et_pb_column type=&#8220;4_4&#8243; _builder_version=&#8220;4.21.0&#8243; _module_preset=&#8220;default&#8220; global_colors_info=&#8220;{}&#8220;][et_pb_text _builder_version=&#8220;4.27.4&#8243; _module_preset=&#8220;default&#8220; header_font=&#8220;&#8211;et_global_heading_font|500||on|||||&#8220; header_text_align=&#8220;center&#8220; header_text_color=&#8220;#0158a2&#8243; header_font_size=&#8220;40px&#8220; header_line_height=&#8220;1.2em&#8220; custom_margin=&#8220;||-25px||false|false&#8220; custom_margin_tablet=&#8220;-15px||-40px||false|false&#8220; custom_margin_phone=&#8220;-15px||-50px||false|false&#8220; custom_margin_last_edited=&#8220;on|desktop&#8220; header_font_size_tablet=&#8220;23px&#8220; header_font_size_phone=&#8220;17px&#8220; header_font_size_last_edited=&#8220;on|phone&#8220; global_colors_info=&#8220;{}&#8220;]<\/p>\n<h1><strong>Optika pro sol\u00e1rn\u00ed elektr\u00e1rny<\/strong><\/h1>\n<p>[\/et_pb_text][\/et_pb_column][\/et_pb_row][\/et_pb_section][et_pb_section fb_built=&#8220;1&#8243; _builder_version=&#8220;4.27.0&#8243; _module_preset=&#8220;default&#8220; global_colors_info=&#8220;{}&#8220;][et_pb_row custom_padding_last_edited=&#8220;on|phone&#8220; _builder_version=&#8220;4.27.4&#8243; _module_preset=&#8220;default&#8220; width=&#8220;90%&#8220; max_width=&#8220;1170px&#8220; custom_margin=&#8220;-10px||||false|false&#8220; custom_padding=&#8220;0px||||false|false&#8220; custom_padding_tablet=&#8220;0px||||false|false&#8220; custom_padding_phone=&#8220;0px||||false|false&#8220; global_colors_info=&#8220;{}&#8220;][et_pb_column type=&#8220;4_4&#8243; _builder_version=&#8220;4.25.1&#8243; _module_preset=&#8220;default&#8220; global_colors_info=&#8220;{}&#8220;][et_pb_text content_tablet=&#8220;<\/p>\n<p style=%22text-align: justify;%22><span style=%22font-weight: 400;%22>Spole\u010dnost ECOGLASS je uzn\u00e1van\u00fdm v\u00fdrobcem sekund\u00e1rn\u00edch optick\u00fdch prvk\u016f (SOE) pro koncentrovanou fotovoltaiku (CPV).<br \/>Pou\u017e\u00edv\u00e1me skla s vysokou propustnost\u00ed a dlouhodobou odolnost\u00ed proti sol\u00e1rii vyvinut\u00e1 speci\u00e1ln\u011b pro tyto aplikace.<br \/>Na\u0161e v\u00fdrobn\u00ed technologie umo\u017e\u0148uje optim\u00e1ln\u00ed kvalitu povrchu i tvarovou p\u0159esnost, a tedy mimo\u0159\u00e1dnou optickou \u00fa\u010dinnost koncentr\u00e1tor\u016f. <\/span><\/p>\n<p style=%22text-align: justify;%22><span style=%22font-weight: 400;%22>M\u00e1me v\u00edce ne\u017e 16 let zku\u0161enost\u00ed s v\u00fdrobou a dod\u00e1vkami prototyp\u016f pro univerzity a za\u010d\u00ednaj\u00edc\u00ed spole\u010dnosti, stejn\u011b jako s velkos\u00e9riov\u00fdmi dod\u00e1vkami pro s\u00e9riovou v\u00fdrobu.<\/span><\/p>\n<p>&#8220; content_phone=&#8220;<\/p>\n<p style=%22text-align: justify;%22><span style=%22font-weight: 400;%22>Spole\u010dnost ECOGLASS je uzn\u00e1van\u00fdm v\u00fdrobcem sekund\u00e1rn\u00edch optick\u00fdch prvk\u016f (SOE) pro koncentrovanou fotovoltaiku (CPV).<br \/>Pou\u017e\u00edv\u00e1me skla s vysokou propustnost\u00ed a dlouhodobou odolnost\u00ed proti sol\u00e1rii vyvinut\u00e1 speci\u00e1ln\u011b pro tyto aplikace.<br \/>Na\u0161e v\u00fdrobn\u00ed technologie umo\u017e\u0148uje optim\u00e1ln\u00ed kvalitu povrchu i tvarovou p\u0159esnost, a tedy mimo\u0159\u00e1dnou optickou \u00fa\u010dinnost koncentr\u00e1tor\u016f. <\/span><\/p>\n<p style=%22text-align: justify;%22><span style=%22font-weight: 400;%22>M\u00e1me v\u00edce ne\u017e 16 let zku\u0161enost\u00ed s v\u00fdrobou a dod\u00e1vkami prototyp\u016f pro univerzity a za\u010d\u00ednaj\u00edc\u00ed spole\u010dnosti, stejn\u011b jako s velkos\u00e9riov\u00fdmi dod\u00e1vkami pro s\u00e9riovou v\u00fdrobu.<\/span><\/p>\n<p>&#8220; content_last_edited=&#8220;on|desktop&#8220; _builder_version=&#8220;4.27.4&#8243; _module_preset=&#8220;default&#8220; hover_enabled=&#8220;0&#8243; text_font_tablet=&#8220;&#8220; text_font_phone=&#8220;&#8220; text_font_last_edited=&#8220;on|desktop&#8220; text_text_color_tablet=&#8220;&#8220; text_text_color_phone=&#8220;&#8220; text_text_color_last_edited=&#8220;on|desktop&#8220; text_font_size_tablet=&#8220;16px&#8220; text_font_size_phone=&#8220;16px&#8220; text_font_size_last_edited=&#8220;on|phone&#8220; text_letter_spacing_tablet=&#8220;&#8220; text_letter_spacing_phone=&#8220;&#8220; text_letter_spacing_last_edited=&#8220;on|desktop&#8220; text_line_height_tablet=&#8220;&#8220; text_line_height_phone=&#8220;&#8220; text_line_height_last_edited=&#8220;on|desktop&#8220; text_orientation_tablet=&#8220;&#8220; text_orientation_phone=&#8220;&#8220; text_orientation_last_edited=&#8220;on|desktop&#8220; background_layout_tablet=&#8220;&#8220; background_layout_phone=&#8220;&#8220; background_layout_last_edited=&#8220;on|desktop&#8220; global_colors_info=&#8220;{}&#8220; sticky_enabled=&#8220;0&#8243;]<\/p>\n<p style=\"text-align: justify;\"><span style=\"font-weight: 400;\">Spole\u010dnost ECOGLASS je uzn\u00e1van\u00fdm v\u00fdrobcem sklen\u011bn\u00fdch sekund\u00e1rn\u00edch optick\u00fdch prvk\u016f (SOE) pro koncentrovanou fotovoltaiku (CPV).<br \/>Pou\u017e\u00edv\u00e1me skla s vysokou propustnost\u00ed a dlouhodobou odolnost\u00ed proti oslun\u011bn\u00ed speci\u00e1ln\u011b vyvinut\u00e1 pro tyto aplikace.<br \/>Na\u0161e v\u00fdrobn\u00ed technologie umo\u017e\u0148uje optim\u00e1ln\u00ed kvalitu povrchu i tvarovou p\u0159esnost, a tedy mimo\u0159\u00e1dnou optickou \u00fa\u010dinnost koncentr\u00e1tor\u016f. <\/span><\/p>\n<p style=\"text-align: justify;\"><span style=\"font-weight: 400;\">M\u00e1me v\u00edce ne\u017e 16 let zku\u0161enost\u00ed s v\u00fdrobou a dod\u00e1vkami prototyp\u016f pro univerzity a za\u010d\u00ednaj\u00edc\u00ed spole\u010dnosti, stejn\u011b jako s velkos\u00e9riov\u00fdmi dod\u00e1vkami pro s\u00e9riovou v\u00fdrobu.<\/span><\/p>\n<p>[\/et_pb_text][\/et_pb_column][\/et_pb_row][et_pb_row _builder_version=&#8220;4.27.0&#8243; _module_preset=&#8220;default&#8220; width=&#8220;90%&#8220; max_width=&#8220;1170px&#8220; global_colors_info=&#8220;{}&#8220;][et_pb_column type=&#8220;4_4&#8243; _builder_version=&#8220;4.27.0&#8243; _module_preset=&#8220;default&#8220; global_colors_info=&#8220;{}&#8220;][difl_imagecarousel arrow=&#8220;on&#8220; arrow_prev_icon_use_icon=&#8220;off&#8220; arrow_next_icon_use_icon=&#8220;off&#8220; arrow_color=&#8220;#0057a2&#8243; _builder_version=&#8220;4.27.0&#8243; _module_preset=&#8220;default&#8220; global_colors_info=&#8220;{}&#8220;][difl_imagecarouselitem image=&#8220;https:\/\/ecoglass-optic.com\/wp-content\/uploads\/2024\/08\/DSC5811.jpg&#8220; ic_button_button_url_new_window=&#8220;1&#8243; _builder_version=&#8220;4.27.0&#8243; _module_preset=&#8220;default&#8220; global_colors_info=&#8220;{}&#8220;][\/difl_imagecarouselitem][difl_imagecarouselitem image=&#8220;https:\/\/ecoglass-optic.com\/wp-content\/uploads\/2024\/08\/DSC5837.jpg&#8220; ic_button_button_url_new_window=&#8220;1&#8243; _builder_version=&#8220;4.27.0&#8243; _module_preset=&#8220;default&#8220; global_colors_info=&#8220;{}&#8220;][\/difl_imagecarouselitem][difl_imagecarouselitem image=&#8220;https:\/\/ecoglass-optic.com\/wp-content\/uploads\/2024\/08\/DSC5827.jpg&#8220; ic_button_button_url_new_window=&#8220;1&#8243; _builder_version=&#8220;4.27.0&#8243; _module_preset=&#8220;default&#8220; global_colors_info=&#8220;{}&#8220;][\/difl_imagecarouselitem][difl_imagecarouselitem image=&#8220;https:\/\/ecoglass-optic.com\/wp-content\/uploads\/2024\/09\/DSC5789solar-power-plants.jpg&#8220; ic_button_button_url_new_window=&#8220;1&#8243; _builder_version=&#8220;4.27.0&#8243; _module_preset=&#8220;default&#8220; global_colors_info=&#8220;{}&#8220;][\/difl_imagecarouselitem][difl_imagecarouselitem image=&#8220;https:\/\/ecoglass-optic.com\/wp-content\/uploads\/2024\/09\/DSC5794solar-power-plants.jpg&#8220; ic_button_button_url_new_window=&#8220;1&#8243; _builder_version=&#8220;4.27.0&#8243; _module_preset=&#8220;default&#8220; global_colors_info=&#8220;{}&#8220;][\/difl_imagecarouselitem][difl_imagecarouselitem image=&#8220;https:\/\/ecoglass-optic.com\/wp-content\/uploads\/2024\/09\/DSC5795solar-power-plants.jpg&#8220; ic_button_button_url_new_window=&#8220;1&#8243; _builder_version=&#8220;4.27.0&#8243; _module_preset=&#8220;default&#8220; global_colors_info=&#8220;{}&#8220;][\/difl_imagecarouselitem][difl_imagecarouselitem image=&#8220;https:\/\/ecoglass-optic.com\/wp-content\/uploads\/2024\/09\/DSC5813.jpg&#8220; ic_button_button_url_new_window=&#8220;1&#8243; _builder_version=&#8220;4.27.0&#8243; _module_preset=&#8220;default&#8220; global_colors_info=&#8220;{}&#8220;][\/difl_imagecarouselitem][difl_imagecarouselitem image=&#8220;https:\/\/ecoglass-optic.com\/wp-content\/uploads\/2024\/09\/DSC5830.jpg&#8220; ic_button_button_url_new_window=&#8220;1&#8243; _builder_version=&#8220;4.27.0&#8243; _module_preset=&#8220;default&#8220; global_colors_info=&#8220;{}&#8220;][\/difl_imagecarouselitem][difl_imagecarouselitem image=&#8220;https:\/\/ecoglass-optic.com\/wp-content\/uploads\/2024\/09\/DSC5832.jpg&#8220; ic_button_button_url_new_window=&#8220;1&#8243; _builder_version=&#8220;4.27.0&#8243; _module_preset=&#8220;default&#8220; global_colors_info=&#8220;{}&#8220;][\/difl_imagecarouselitem][difl_imagecarouselitem image=&#8220;https:\/\/ecoglass-optic.com\/wp-content\/uploads\/2024\/09\/DSC5834.jpg&#8220; ic_button_button_url_new_window=&#8220;1&#8243; _builder_version=&#8220;4.27.0&#8243; _module_preset=&#8220;default&#8220; global_colors_info=&#8220;{}&#8220;][\/difl_imagecarouselitem][difl_imagecarouselitem image=&#8220;https:\/\/ecoglass-optic.com\/wp-content\/uploads\/2024\/09\/DSC5836.jpg&#8220; ic_button_button_url_new_window=&#8220;1&#8243; _builder_version=&#8220;4.27.0&#8243; _module_preset=&#8220;default&#8220; global_colors_info=&#8220;{}&#8220;][\/difl_imagecarouselitem][difl_imagecarouselitem image=&#8220;https:\/\/ecoglass-optic.com\/wp-content\/uploads\/2024\/09\/DSC5840.jpg&#8220; ic_button_button_url_new_window=&#8220;1&#8243; _builder_version=&#8220;4.27.0&#8243; _module_preset=&#8220;default&#8220; global_colors_info=&#8220;{}&#8220;][\/difl_imagecarouselitem][difl_imagecarouselitem image=&#8220;https:\/\/ecoglass-optic.com\/wp-content\/uploads\/2024\/09\/DSC5841.jpg&#8220; ic_button_button_url_new_window=&#8220;1&#8243; _builder_version=&#8220;4.27.0&#8243; _module_preset=&#8220;default&#8220; global_colors_info=&#8220;{}&#8220;][\/difl_imagecarouselitem][difl_imagecarouselitem image=&#8220;https:\/\/ecoglass-optic.com\/wp-content\/uploads\/2024\/09\/DSC5849.jpg&#8220; ic_button_button_url_new_window=&#8220;1&#8243; _builder_version=&#8220;4.27.0&#8243; _module_preset=&#8220;default&#8220; global_colors_info=&#8220;{}&#8220;][\/difl_imagecarouselitem][difl_imagecarouselitem image=&#8220;https:\/\/ecoglass-optic.com\/wp-content\/uploads\/2024\/09\/DSC5851.jpg&#8220; ic_button_button_url_new_window=&#8220;1&#8243; _builder_version=&#8220;4.27.0&#8243; _module_preset=&#8220;default&#8220; global_colors_info=&#8220;{}&#8220;][\/difl_imagecarouselitem][difl_imagecarouselitem image=&#8220;https:\/\/ecoglass-optic.com\/wp-content\/uploads\/2024\/09\/DSC5860.jpg&#8220; ic_button_button_url_new_window=&#8220;1&#8243; _builder_version=&#8220;4.27.0&#8243; _module_preset=&#8220;default&#8220; global_colors_info=&#8220;{}&#8220;][\/difl_imagecarouselitem][difl_imagecarouselitem image=&#8220;https:\/\/ecoglass-optic.com\/wp-content\/uploads\/2024\/09\/DSC5861.jpg&#8220; ic_button_button_url_new_window=&#8220;1&#8243; _builder_version=&#8220;4.27.0&#8243; _module_preset=&#8220;default&#8220; global_colors_info=&#8220;{}&#8220;][\/difl_imagecarouselitem][difl_imagecarouselitem image=&#8220;https:\/\/ecoglass-optic.com\/wp-content\/uploads\/2024\/09\/DSC5863.jpg&#8220; ic_button_button_url_new_window=&#8220;1&#8243; _builder_version=&#8220;4.27.0&#8243; _module_preset=&#8220;default&#8220; global_colors_info=&#8220;{}&#8220;][\/difl_imagecarouselitem][difl_imagecarouselitem image=&#8220;https:\/\/ecoglass-optic.com\/wp-content\/uploads\/2024\/09\/DSC5871.jpg&#8220; ic_button_button_url_new_window=&#8220;1&#8243; _builder_version=&#8220;4.27.0&#8243; _module_preset=&#8220;default&#8220; global_colors_info=&#8220;{}&#8220;][\/difl_imagecarouselitem][difl_imagecarouselitem image=&#8220;https:\/\/ecoglass-optic.com\/wp-content\/uploads\/2024\/09\/DSC5874.jpg&#8220; ic_button_button_url_new_window=&#8220;1&#8243; _builder_version=&#8220;4.27.0&#8243; _module_preset=&#8220;default&#8220; global_colors_info=&#8220;{}&#8220;][\/difl_imagecarouselitem][difl_imagecarouselitem image=&#8220;https:\/\/ecoglass-optic.com\/wp-content\/uploads\/2024\/09\/DSC5875.jpg&#8220; ic_button_button_url_new_window=&#8220;1&#8243; _builder_version=&#8220;4.27.0&#8243; _module_preset=&#8220;default&#8220; global_colors_info=&#8220;{}&#8220;][\/difl_imagecarouselitem][difl_imagecarouselitem image=&#8220;https:\/\/ecoglass-optic.com\/wp-content\/uploads\/2024\/09\/DSC6378.jpg&#8220; ic_button_button_url_new_window=&#8220;1&#8243; _builder_version=&#8220;4.27.0&#8243; _module_preset=&#8220;default&#8220; global_colors_info=&#8220;{}&#8220;][\/difl_imagecarouselitem][difl_imagecarouselitem image=&#8220;https:\/\/ecoglass-optic.com\/wp-content\/uploads\/2024\/09\/DSC6381.jpg&#8220; ic_button_button_url_new_window=&#8220;1&#8243; _builder_version=&#8220;4.27.0&#8243; _module_preset=&#8220;default&#8220; global_colors_info=&#8220;{}&#8220;][\/difl_imagecarouselitem][difl_imagecarouselitem image=&#8220;https:\/\/ecoglass-optic.com\/wp-content\/uploads\/2024\/09\/DSC6389.jpg&#8220; ic_button_button_url_new_window=&#8220;1&#8243; _builder_version=&#8220;4.27.0&#8243; _module_preset=&#8220;default&#8220; global_colors_info=&#8220;{}&#8220;][\/difl_imagecarouselitem][difl_imagecarouselitem image=&#8220;https:\/\/ecoglass-optic.com\/wp-content\/uploads\/2024\/09\/DSC6391.jpg&#8220; ic_button_button_url_new_window=&#8220;1&#8243; _builder_version=&#8220;4.27.0&#8243; _module_preset=&#8220;default&#8220; global_colors_info=&#8220;{}&#8220;][\/difl_imagecarouselitem][difl_imagecarouselitem image=&#8220;https:\/\/ecoglass-optic.com\/wp-content\/uploads\/2024\/09\/DSC6449.jpg&#8220; ic_button_button_url_new_window=&#8220;1&#8243; _builder_version=&#8220;4.27.0&#8243; _module_preset=&#8220;default&#8220; global_colors_info=&#8220;{}&#8220;][\/difl_imagecarouselitem][difl_imagecarouselitem image=&#8220;https:\/\/ecoglass-optic.com\/wp-content\/uploads\/2024\/09\/DSC6452.jpg&#8220; ic_button_button_url_new_window=&#8220;1&#8243; _builder_version=&#8220;4.27.0&#8243; _module_preset=&#8220;default&#8220; global_colors_info=&#8220;{}&#8220;][\/difl_imagecarouselitem][difl_imagecarouselitem image=&#8220;https:\/\/ecoglass-optic.com\/wp-content\/uploads\/2024\/09\/DSC6453.jpg&#8220; ic_button_button_url_new_window=&#8220;1&#8243; _builder_version=&#8220;4.27.0&#8243; _module_preset=&#8220;default&#8220; global_colors_info=&#8220;{}&#8220;][\/difl_imagecarouselitem][difl_imagecarouselitem image=&#8220;https:\/\/ecoglass-optic.com\/wp-content\/uploads\/2024\/09\/DSC6455.jpg&#8220; ic_button_button_url_new_window=&#8220;1&#8243; _builder_version=&#8220;4.27.0&#8243; _module_preset=&#8220;default&#8220; global_colors_info=&#8220;{}&#8220;][\/difl_imagecarouselitem][difl_imagecarouselitem image=&#8220;https:\/\/ecoglass-optic.com\/wp-content\/uploads\/2024\/09\/DSC6457.jpg&#8220; ic_button_button_url_new_window=&#8220;1&#8243; _builder_version=&#8220;4.27.0&#8243; _module_preset=&#8220;default&#8220; global_colors_info=&#8220;{}&#8220;][\/difl_imagecarouselitem][difl_imagecarouselitem image=&#8220;https:\/\/ecoglass-optic.com\/wp-content\/uploads\/2024\/09\/DSC6476.jpg&#8220; ic_button_button_url_new_window=&#8220;1&#8243; _builder_version=&#8220;4.27.0&#8243; _module_preset=&#8220;default&#8220; global_colors_info=&#8220;{}&#8220;][\/difl_imagecarouselitem][difl_imagecarouselitem image=&#8220;https:\/\/ecoglass-optic.com\/wp-content\/uploads\/2024\/09\/DSC6478.jpg&#8220; ic_button_button_url_new_window=&#8220;1&#8243; _builder_version=&#8220;4.27.0&#8243; _module_preset=&#8220;default&#8220; global_colors_info=&#8220;{}&#8220;][\/difl_imagecarouselitem][difl_imagecarouselitem image=&#8220;https:\/\/ecoglass-optic.com\/wp-content\/uploads\/2024\/09\/ecoglass-optic-dsc6479.jpg&#8220; ic_button_button_url_new_window=&#8220;1&#8243; _builder_version=&#8220;4.27.0&#8243; _module_preset=&#8220;default&#8220; global_colors_info=&#8220;{}&#8220;][\/difl_imagecarouselitem][difl_imagecarouselitem image=&#8220;https:\/\/ecoglass-optic.com\/wp-content\/uploads\/2024\/09\/ecoglass-optic-dsc6480.jpg&#8220; ic_button_button_url_new_window=&#8220;1&#8243; _builder_version=&#8220;4.27.0&#8243; _module_preset=&#8220;default&#8220; global_colors_info=&#8220;{}&#8220;][\/difl_imagecarouselitem][difl_imagecarouselitem image=&#8220;https:\/\/ecoglass-optic.com\/wp-content\/uploads\/2024\/09\/ecoglass-optic-dsc6665.jpg&#8220; ic_button_button_url_new_window=&#8220;1&#8243; _builder_version=&#8220;4.27.0&#8243; _module_preset=&#8220;default&#8220; global_colors_info=&#8220;{}&#8220;][\/difl_imagecarouselitem][difl_imagecarouselitem image=&#8220;https:\/\/ecoglass-optic.com\/wp-content\/uploads\/2024\/09\/ecoglass-optic-dsc6667.jpg&#8220; ic_button_button_url_new_window=&#8220;1&#8243; _builder_version=&#8220;4.27.0&#8243; _module_preset=&#8220;default&#8220; global_colors_info=&#8220;{}&#8220;][\/difl_imagecarouselitem][\/difl_imagecarousel][\/et_pb_column][\/et_pb_row][\/et_pb_section]<\/p>\n","protected":false},"excerpt":{"rendered":"<p>Optika pro sol\u00e1rn\u00ed elektr\u00e1rnySpole\u010dnost ECOGLASS je uzn\u00e1van\u00fdm v\u00fdrobcem sklen\u011bn\u00fdch sekund\u00e1rn\u00edch optick\u00fdch prvk\u016f (SOE) pro koncentrovanou fotovoltaiku (CPV).Pou\u017e\u00edv\u00e1me skla s vysokou propustnost\u00ed a dlouhodobou odolnost\u00ed proti oslun\u011bn\u00ed speci\u00e1ln\u011b vyvinut\u00e1 pro tyto aplikace.Na\u0161e v\u00fdrobn\u00ed technologie umo\u017e\u0148uje optim\u00e1ln\u00ed kvalitu povrchu i tvarovou p\u0159esnost, a tedy mimo\u0159\u00e1dnou optickou \u00fa\u010dinnost koncentr\u00e1tor\u016f. M\u00e1me v\u00edce ne\u017e 16 let zku\u0161enost\u00ed s v\u00fdrobou a [&hellip;]<\/p>\n","protected":false},"author":2,"featured_media":0,"parent":0,"menu_order":0,"comment_status":"closed","ping_status":"closed","template":"","meta":{"_et_pb_use_builder":"on","_et_pb_old_content":"","_et_gb_content_width":"","footnotes":""},"difl_page_category":[],"class_list":["post-987513557","page","type-page","status-publish","hentry"],"_links":{"self":[{"href":"https:\/\/ecoglass-optic.com\/cs\/wp-json\/wp\/v2\/pages\/987513557","targetHints":{"allow":["GET"]}}],"collection":[{"href":"https:\/\/ecoglass-optic.com\/cs\/wp-json\/wp\/v2\/pages"}],"about":[{"href":"https:\/\/ecoglass-optic.com\/cs\/wp-json\/wp\/v2\/types\/page"}],"author":[{"embeddable":true,"href":"https:\/\/ecoglass-optic.com\/cs\/wp-json\/wp\/v2\/users\/2"}],"replies":[{"embeddable":true,"href":"https:\/\/ecoglass-optic.com\/cs\/wp-json\/wp\/v2\/comments?post=987513557"}],"version-history":[{"count":3,"href":"https:\/\/ecoglass-optic.com\/cs\/wp-json\/wp\/v2\/pages\/987513557\/revisions"}],"predecessor-version":[{"id":987516531,"href":"https:\/\/ecoglass-optic.com\/cs\/wp-json\/wp\/v2\/pages\/987513557\/revisions\/987516531"}],"wp:attachment":[{"href":"https:\/\/ecoglass-optic.com\/cs\/wp-json\/wp\/v2\/media?parent=987513557"}],"wp:term":[{"taxonomy":"difl_page_category","embeddable":true,"href":"https:\/\/ecoglass-optic.com\/cs\/wp-json\/wp\/v2\/difl_page_category?post=987513557"}],"curies":[{"name":"wp","href":"https:\/\/api.w.org\/{rel}","templated":true}]}}