{"id":987513556,"date":"2024-08-28T00:13:51","date_gmt":"2024-08-27T22:13:51","guid":{"rendered":"https:\/\/ecoglass-optic.com\/designove-a-dekoracni-predmety\/"},"modified":"2025-08-18T10:14:43","modified_gmt":"2025-08-18T08:14:43","slug":"darkove-sklo","status":"publish","type":"page","link":"https:\/\/ecoglass-optic.com\/cs\/darkove-sklo\/","title":{"rendered":"Designov\u00e9 a dekora\u010dn\u00ed p\u0159edm\u011bty"},"content":{"rendered":"<p>[et_pb_section fb_built=&#8220;1&#8243; fullwidth=&#8220;on&#8220; _builder_version=&#8220;4.27.4&#8243; _module_preset=&#8220;default&#8220; global_colors_info=&#8220;{}&#8220;][et_pb_fullwidth_image src=&#8220;https:\/\/ecoglass-optic.com\/wp-content\/uploads\/2025\/07\/Design_final_70.jpg&#8220; title_text=&#8220;Design_final_70%&#8220; _builder_version=&#8220;4.27.4&#8243; _module_preset=&#8220;default&#8220; global_colors_info=&#8220;{}&#8220;][\/et_pb_fullwidth_image][\/et_pb_section][et_pb_section fb_built=&#8220;1&#8243; custom_padding_last_edited=&#8220;on|desktop&#8220; admin_label=&#8220;About&#8220; _builder_version=&#8220;4.27.0&#8243; _module_preset=&#8220;default&#8220; background_image=&#8220;https:\/\/ecoglass-optic.com\/wp-content\/uploads\/2024\/08\/prouzek-horni-popis.jpg&#8220; custom_margin_tablet=&#8220;&#8220; custom_margin_phone=&#8220;&#8220; custom_margin_last_edited=&#8220;on|desktop&#8220; custom_padding_tablet=&#8220;&#8220; custom_padding_phone=&#8220;&#8220; locked=&#8220;off&#8220; collapsed=&#8220;on&#8220; global_colors_info=&#8220;{}&#8220;][et_pb_row _builder_version=&#8220;4.27.4&#8243; _module_preset=&#8220;default&#8220; custom_margin_tablet=&#8220;-25px||-25px||false|false&#8220; custom_margin_phone=&#8220;-30px||-35px||false|false&#8220; custom_margin_last_edited=&#8220;on|phone&#8220; global_colors_info=&#8220;{}&#8220;][et_pb_column type=&#8220;4_4&#8243; _builder_version=&#8220;4.21.0&#8243; _module_preset=&#8220;default&#8220; global_colors_info=&#8220;{}&#8220;][et_pb_text content_tablet=&#8220;<\/p>\n<h1><strong>Designov\u00e9 a dekora\u010dn\u00ed p\u0159edm\u011bty<\/strong><\/h1>\n<p>&#8220; content_phone=&#8220;<\/p>\n<h1><strong>Designov\u00e9 a dekora\u010dn\u00ed p\u0159edm\u011bty<\/strong><\/h1>\n<p>&#8220; content_last_edited=&#8220;on|desktop&#8220; _builder_version=&#8220;4.27.4&#8243; _module_preset=&#8220;_initial&#8220; text_text_color=&#8220;#FFFFFF&#8220; text_font_size=&#8220;17px&#8220; header_font=&#8220;&#8211;et_global_heading_font|||on|||||&#8220; header_text_color=&#8220;#0058a2&#8243; header_font_size=&#8220;40px&#8220; header_line_height=&#8220;1.2em&#8220; text_orientation=&#8220;center&#8220; custom_margin=&#8220;0px||-25px||false|false&#8220; custom_margin_tablet=&#8220;-15px||-40px||false|false&#8220; custom_margin_phone=&#8220;-15px||-40px||false|false&#8220; custom_margin_last_edited=&#8220;on|desktop&#8220; header_font_tablet=&#8220;&#8211;et_global_heading_font|||on|||||&#8220; header_font_phone=&#8220;&#8211;et_global_heading_font|||on|||||&#8220; header_font_last_edited=&#8220;on|tablet&#8220; header_text_align_tablet=&#8220;&#8220; header_text_align_phone=&#8220;&#8220; header_text_align_last_edited=&#8220;on|phone&#8220; header_text_color_tablet=&#8220;#0058a2&#8243; header_text_color_phone=&#8220;#0058a2&#8243; header_text_color_last_edited=&#8220;on|desktop&#8220; header_font_size_tablet=&#8220;23px&#8220; header_font_size_phone=&#8220;17px&#8220; header_font_size_last_edited=&#8220;on|phone&#8220; header_letter_spacing_tablet=&#8220;&#8220; header_letter_spacing_phone=&#8220;&#8220; header_letter_spacing_last_edited=&#8220;on|desktop&#8220; header_line_height_tablet=&#8220;1.2em&#8220; header_line_height_phone=&#8220;1.2em&#8220; header_line_height_last_edited=&#8220;on|desktop&#8220; locked=&#8220;off&#8220; global_colors_info=&#8220;{}&#8220;]<\/p>\n<h1><strong>D\u00e1rkov\u00e9 a designov\u00e9 sklo<\/strong><\/h1>\n<p>[\/et_pb_text][\/et_pb_column][\/et_pb_row][\/et_pb_section][et_pb_section fb_built=&#8220;1&#8243; _builder_version=&#8220;4.27.0&#8243; _module_preset=&#8220;default&#8220; global_colors_info=&#8220;{}&#8220;][et_pb_row custom_padding_last_edited=&#8220;on|phone&#8220; _builder_version=&#8220;4.27.4&#8243; _module_preset=&#8220;default&#8220; width=&#8220;90%&#8220; max_width=&#8220;1170px&#8220; custom_margin=&#8220;-10px||||false|false&#8220; custom_padding=&#8220;0px||||false|false&#8220; custom_padding_tablet=&#8220;0px||||false|false&#8220; custom_padding_phone=&#8220;0px||||false|false&#8220; global_colors_info=&#8220;{}&#8220;][et_pb_column type=&#8220;4_4&#8243; _builder_version=&#8220;4.25.1&#8243; _module_preset=&#8220;default&#8220; global_colors_info=&#8220;{}&#8220;][et_pb_text content_tablet=&#8220;<\/p>\n<p style=%22text-align: justify;%22><span style=%22font-weight: 400;%22>V\u00fdroba sklen\u011bn\u00fdch d\u00e1rkov\u00fdch p\u0159edm\u011bt\u016f se zam\u011b\u0159uje na t\u011b\u017e\u00edtka a podobn\u00e9 p\u0159edm\u011bty, kter\u00e9 jsou vyr\u00e1b\u011bny stejnou v\u00fdrobn\u00ed technologi\u00ed jako p\u0159esn\u011b lisovan\u00e9 sklen\u011bn\u00e9 d\u00edly.<br \/>T\u011b\u017e\u00edtka mohou b\u00fdt zdobena 3D laserem, p\u00edskov\u00e1n\u00edm logem firmy nebo jin\u00fdmi symboly podle po\u017eadavk\u016f z\u00e1kazn\u00edka a tak\u00e9 vakuov\u00fdm pokovov\u00e1n\u00edm na vyhrazen\u00fdch ploch\u00e1ch. <\/span><\/p>\n<p>&#8220; content_phone=&#8220;<\/p>\n<p><span style=%22font-weight: 400;%22>V\u00fdroba sklen\u011bn\u00fdch d\u00e1rkov\u00fdch p\u0159edm\u011bt\u016f se zam\u011b\u0159uje na t\u011b\u017e\u00edtka a podobn\u00e9 p\u0159edm\u011bty, kter\u00e9 jsou vyr\u00e1b\u011bny stejnou v\u00fdrobn\u00ed technologi\u00ed jako p\u0159esn\u011b lisovan\u00e9 sklen\u011bn\u00e9 d\u00edly.<br \/>\nT\u011b\u017e\u00edtka mohou b\u00fdt zdobena 3D laserem, p\u00edskov\u00e1n\u00edm logem firmy nebo jin\u00fdmi symboly podle po\u017eadavk\u016f z\u00e1kazn\u00edka a tak\u00e9 vakuov\u00fdm pokovov\u00e1n\u00edm na vyhrazen\u00fdch ploch\u00e1ch. <\/span><\/p>\n<p>&#8220; content_last_edited=&#8220;on|phone&#8220; _builder_version=&#8220;4.27.4&#8243; _module_preset=&#8220;default&#8220; hover_enabled=&#8220;0&#8243; text_font_tablet=&#8220;&#8220; text_font_phone=&#8220;&#8220; text_font_last_edited=&#8220;on|desktop&#8220; text_text_color_tablet=&#8220;&#8220; text_text_color_phone=&#8220;&#8220; text_text_color_last_edited=&#8220;on|desktop&#8220; text_font_size_tablet=&#8220;16px&#8220; text_font_size_phone=&#8220;16px&#8220; text_font_size_last_edited=&#8220;on|phone&#8220; text_letter_spacing_tablet=&#8220;&#8220; text_letter_spacing_phone=&#8220;&#8220; text_letter_spacing_last_edited=&#8220;on|desktop&#8220; text_line_height_tablet=&#8220;&#8220; text_line_height_phone=&#8220;&#8220; text_line_height_last_edited=&#8220;on|desktop&#8220; text_orientation_tablet=&#8220;&#8220; text_orientation_phone=&#8220;&#8220; text_orientation_last_edited=&#8220;on|desktop&#8220; background_layout_tablet=&#8220;&#8220; background_layout_phone=&#8220;&#8220; background_layout_last_edited=&#8220;on|desktop&#8220; global_colors_info=&#8220;{}&#8220; sticky_enabled=&#8220;0&#8243;]<\/p>\n<p style=\"text-align: justify;\"><span style=\"font-weight: 400;\">V\u00fdroba d\u00e1rkov\u00fdch p\u0159edm\u011bt\u016f je zam\u011b\u0159ena na sklen\u011bn\u00e1 t\u011b\u017e\u00edtka a obdobn\u00e9 p\u0159edm\u011bty, kter\u00e9 vyr\u00e1b\u00edme stejnou technologi\u00ed jako p\u0159esn\u00e9 optick\u00e9 v\u00fdrobky. T\u011b\u017e\u00edtka mohou b\u00fdt dekorov\u00e1na p\u00edskov\u00e1n\u00edm firemn\u00edho nebo jin\u00e9ho loga podle p\u0159\u00e1n\u00ed z\u00e1kazn\u00edk\u016f, stejn\u011b tak ve vakuu nanesen\u00edm barevn\u00fdch vrstev na n\u011bkterou z ploch. M\u016f\u017eete si vybrat n\u011bkter\u00fd ze <a href=\"https:\/\/www.lustroveovesy.cz\/darkove-predmety\/\" target=\"_blank\" rel=\"noopener\">standardn\u00edch tvar\u016f<\/a>, nebo se na n\u00e1s <a href=\"https:\/\/ecoglass-optic.com\/cs\/kontakty\/\">obra\u0165te<\/a> pro v\u00fdrobu origin\u00e1lu.<\/span><\/p>\n<p>[\/et_pb_text][\/et_pb_column][\/et_pb_row][et_pb_row _builder_version=&#8220;4.27.0&#8243; _module_preset=&#8220;default&#8220; width=&#8220;90%&#8220; max_width=&#8220;1170px&#8220; global_colors_info=&#8220;{}&#8220;][et_pb_column type=&#8220;4_4&#8243; _builder_version=&#8220;4.27.0&#8243; _module_preset=&#8220;default&#8220; global_colors_info=&#8220;{}&#8220;][difl_imagecarousel arrow=&#8220;on&#8220; arrow_prev_icon_use_icon=&#8220;off&#8220; arrow_next_icon_use_icon=&#8220;off&#8220; arrow_color=&#8220;#0057a2&#8243; _builder_version=&#8220;4.27.4&#8243; _module_preset=&#8220;default&#8220; global_colors_info=&#8220;{}&#8220;][difl_imagecarouselitem image=&#8220;https:\/\/ecoglass-optic.com\/wp-content\/uploads\/2024\/08\/DSC5932.jpg&#8220; ic_button_button_url_new_window=&#8220;1&#8243; _builder_version=&#8220;4.27.0&#8243; _module_preset=&#8220;default&#8220; global_colors_info=&#8220;{}&#8220;][\/difl_imagecarouselitem][difl_imagecarouselitem image=&#8220;https:\/\/ecoglass-optic.com\/wp-content\/uploads\/2024\/08\/DSC5931.jpg&#8220; ic_button_button_url_new_window=&#8220;1&#8243; _builder_version=&#8220;4.27.0&#8243; _module_preset=&#8220;default&#8220; global_colors_info=&#8220;{}&#8220;][\/difl_imagecarouselitem][difl_imagecarouselitem image=&#8220;https:\/\/ecoglass-optic.com\/wp-content\/uploads\/2024\/08\/DSC6683.jpg&#8220; ic_button_button_url_new_window=&#8220;1&#8243; _builder_version=&#8220;4.27.0&#8243; _module_preset=&#8220;default&#8220; global_colors_info=&#8220;{}&#8220;][\/difl_imagecarouselitem][difl_imagecarouselitem image=&#8220;https:\/\/ecoglass-optic.com\/wp-content\/uploads\/2024\/09\/DSC2786Application-Design.jpg&#8220; ic_button_button_url_new_window=&#8220;1&#8243; _builder_version=&#8220;4.27.0&#8243; _module_preset=&#8220;default&#8220; global_colors_info=&#8220;{}&#8220;][\/difl_imagecarouselitem][difl_imagecarouselitem image=&#8220;https:\/\/ecoglass-optic.com\/wp-content\/uploads\/2024\/09\/DSC2787Application-Design.jpg&#8220; ic_button_button_url_new_window=&#8220;1&#8243; _builder_version=&#8220;4.27.0&#8243; _module_preset=&#8220;default&#8220; global_colors_info=&#8220;{}&#8220;][\/difl_imagecarouselitem][difl_imagecarouselitem image=&#8220;https:\/\/ecoglass-optic.com\/wp-content\/uploads\/2025\/08\/Kostka_1.png&#8220; ic_button_button_url_new_window=&#8220;1&#8243; _builder_version=&#8220;4.27.4&#8243; _module_preset=&#8220;default&#8220; global_colors_info=&#8220;{}&#8220;][\/difl_imagecarouselitem][difl_imagecarouselitem image=&#8220;https:\/\/ecoglass-optic.com\/wp-content\/uploads\/2025\/08\/Kostka_2.png&#8220; ic_button_button_url_new_window=&#8220;1&#8243; _builder_version=&#8220;4.27.4&#8243; _module_preset=&#8220;default&#8220; global_colors_info=&#8220;{}&#8220;][\/difl_imagecarouselitem][difl_imagecarouselitem image=&#8220;https:\/\/ecoglass-optic.com\/wp-content\/uploads\/2025\/08\/Kostka_3.png&#8220; ic_button_button_url_new_window=&#8220;1&#8243; _builder_version=&#8220;4.27.4&#8243; _module_preset=&#8220;default&#8220; global_colors_info=&#8220;{}&#8220;][\/difl_imagecarouselitem][difl_imagecarouselitem image=&#8220;https:\/\/ecoglass-optic.com\/wp-content\/uploads\/2025\/08\/Kostka_4.png&#8220; ic_button_button_url_new_window=&#8220;1&#8243; _builder_version=&#8220;4.27.4&#8243; _module_preset=&#8220;default&#8220; global_colors_info=&#8220;{}&#8220;][\/difl_imagecarouselitem][difl_imagecarouselitem image=&#8220;https:\/\/ecoglass-optic.com\/wp-content\/uploads\/2025\/08\/Kostka_5.png&#8220; ic_button_button_url_new_window=&#8220;1&#8243; _builder_version=&#8220;4.27.4&#8243; _module_preset=&#8220;default&#8220; global_colors_info=&#8220;{}&#8220;][\/difl_imagecarouselitem][difl_imagecarouselitem image=&#8220;https:\/\/ecoglass-optic.com\/wp-content\/uploads\/2025\/08\/Kostka_6.png&#8220; ic_button_button_url_new_window=&#8220;1&#8243; _builder_version=&#8220;4.27.4&#8243; _module_preset=&#8220;default&#8220; global_colors_info=&#8220;{}&#8220;][\/difl_imagecarouselitem][difl_imagecarouselitem image=&#8220;https:\/\/ecoglass-optic.com\/wp-content\/uploads\/2025\/08\/Krytka-na-kohoutek_1.png&#8220; ic_button_button_url_new_window=&#8220;1&#8243; _builder_version=&#8220;4.27.4&#8243; _module_preset=&#8220;default&#8220; global_colors_info=&#8220;{}&#8220;][\/difl_imagecarouselitem][difl_imagecarouselitem image=&#8220;https:\/\/ecoglass-optic.com\/wp-content\/uploads\/2025\/08\/Krytka-na-kohoutek_2.png&#8220; ic_button_button_url_new_window=&#8220;1&#8243; _builder_version=&#8220;4.27.4&#8243; _module_preset=&#8220;default&#8220; global_colors_info=&#8220;{}&#8220;][\/difl_imagecarouselitem][difl_imagecarouselitem image=&#8220;https:\/\/ecoglass-optic.com\/wp-content\/uploads\/2025\/08\/Krytka-na-kohoutek_3.png&#8220; ic_button_button_url_new_window=&#8220;1&#8243; _builder_version=&#8220;4.27.4&#8243; _module_preset=&#8220;default&#8220; global_colors_info=&#8220;{}&#8220;][\/difl_imagecarouselitem][difl_imagecarouselitem image=&#8220;https:\/\/ecoglass-optic.com\/wp-content\/uploads\/2025\/08\/Krytka-na-kohoutek_4.png&#8220; ic_button_button_url_new_window=&#8220;1&#8243; _builder_version=&#8220;4.27.4&#8243; _module_preset=&#8220;default&#8220; global_colors_info=&#8220;{}&#8220;][\/difl_imagecarouselitem][\/difl_imagecarousel][\/et_pb_column][\/et_pb_row][\/et_pb_section]<\/p>\n","protected":false},"excerpt":{"rendered":"<p>D\u00e1rkov\u00e9 a designov\u00e9 skloV\u00fdroba d\u00e1rkov\u00fdch p\u0159edm\u011bt\u016f je zam\u011b\u0159ena na sklen\u011bn\u00e1 t\u011b\u017e\u00edtka a obdobn\u00e9 p\u0159edm\u011bty, kter\u00e9 vyr\u00e1b\u00edme stejnou technologi\u00ed jako p\u0159esn\u00e9 optick\u00e9 v\u00fdrobky. T\u011b\u017e\u00edtka mohou b\u00fdt dekorov\u00e1na p\u00edskov\u00e1n\u00edm firemn\u00edho nebo jin\u00e9ho loga podle p\u0159\u00e1n\u00ed z\u00e1kazn\u00edk\u016f, stejn\u011b tak ve vakuu nanesen\u00edm barevn\u00fdch vrstev na n\u011bkterou z ploch. M\u016f\u017eete si vybrat n\u011bkter\u00fd ze standardn\u00edch tvar\u016f, nebo se na [&hellip;]<\/p>\n","protected":false},"author":2,"featured_media":0,"parent":0,"menu_order":0,"comment_status":"closed","ping_status":"closed","template":"","meta":{"_et_pb_use_builder":"on","_et_pb_old_content":"","_et_gb_content_width":"","footnotes":""},"difl_page_category":[],"class_list":["post-987513556","page","type-page","status-publish","hentry"],"_links":{"self":[{"href":"https:\/\/ecoglass-optic.com\/cs\/wp-json\/wp\/v2\/pages\/987513556","targetHints":{"allow":["GET"]}}],"collection":[{"href":"https:\/\/ecoglass-optic.com\/cs\/wp-json\/wp\/v2\/pages"}],"about":[{"href":"https:\/\/ecoglass-optic.com\/cs\/wp-json\/wp\/v2\/types\/page"}],"author":[{"embeddable":true,"href":"https:\/\/ecoglass-optic.com\/cs\/wp-json\/wp\/v2\/users\/2"}],"replies":[{"embeddable":true,"href":"https:\/\/ecoglass-optic.com\/cs\/wp-json\/wp\/v2\/comments?post=987513556"}],"version-history":[{"count":6,"href":"https:\/\/ecoglass-optic.com\/cs\/wp-json\/wp\/v2\/pages\/987513556\/revisions"}],"predecessor-version":[{"id":987516533,"href":"https:\/\/ecoglass-optic.com\/cs\/wp-json\/wp\/v2\/pages\/987513556\/revisions\/987516533"}],"wp:attachment":[{"href":"https:\/\/ecoglass-optic.com\/cs\/wp-json\/wp\/v2\/media?parent=987513556"}],"wp:term":[{"taxonomy":"difl_page_category","embeddable":true,"href":"https:\/\/ecoglass-optic.com\/cs\/wp-json\/wp\/v2\/difl_page_category?post=987513556"}],"curies":[{"name":"wp","href":"https:\/\/api.w.org\/{rel}","templated":true}]}}