{"id":987513552,"date":"2024-08-28T00:08:16","date_gmt":"2024-08-27T22:08:16","guid":{"rendered":"https:\/\/ecoglass-optic.com\/optoelektronika\/"},"modified":"2025-08-18T10:07:09","modified_gmt":"2025-08-18T08:07:09","slug":"optoelektronika","status":"publish","type":"page","link":"https:\/\/ecoglass-optic.com\/cs\/optoelektronika\/","title":{"rendered":"Optoelektronika"},"content":{"rendered":"<p>[et_pb_section fb_built=&#8220;1&#8243; fullwidth=&#8220;on&#8220; _builder_version=&#8220;4.27.4&#8243; _module_preset=&#8220;default&#8220; global_colors_info=&#8220;{}&#8220;][et_pb_fullwidth_image src=&#8220;https:\/\/ecoglass-optic.com\/wp-content\/uploads\/2025\/07\/Optoelectronics_final_70.jpg&#8220; title_text=&#8220;Optoelectronics_final_70%&#8220; _builder_version=&#8220;4.27.4&#8243; _module_preset=&#8220;default&#8220; global_colors_info=&#8220;{}&#8220;][\/et_pb_fullwidth_image][\/et_pb_section][et_pb_section fb_built=&#8220;1&#8243; admin_label=&#8220;About&#8220; _builder_version=&#8220;4.25.1&#8243; _module_preset=&#8220;default&#8220; background_image=&#8220;https:\/\/ecoglass-optic.com\/wp-content\/uploads\/2024\/08\/prouzek-horni-popis.jpg&#8220; locked=&#8220;off&#8220; collapsed=&#8220;off&#8220; global_colors_info=&#8220;{}&#8220;][et_pb_row _builder_version=&#8220;4.27.4&#8243; _module_preset=&#8220;default&#8220; custom_margin_tablet=&#8220;-25px||-25px||false|false&#8220; custom_margin_phone=&#8220;-30px||-35px||false|false&#8220; custom_margin_last_edited=&#8220;on|phone&#8220; global_colors_info=&#8220;{}&#8220;][et_pb_column type=&#8220;4_4&#8243; _builder_version=&#8220;4.21.0&#8243; _module_preset=&#8220;default&#8220; global_colors_info=&#8220;{}&#8220;][et_pb_text _builder_version=&#8220;4.27.4&#8243; _module_preset=&#8220;default&#8220; header_font=&#8220;&#8211;et_global_heading_font|500||on|||||&#8220; header_text_align=&#8220;center&#8220; header_text_color=&#8220;#0158a2&#8243; header_font_size=&#8220;40px&#8220; header_line_height=&#8220;1.2em&#8220; custom_margin=&#8220;||-25px||false|false&#8220; custom_margin_tablet=&#8220;-15px||-40px||false|false&#8220; custom_margin_phone=&#8220;-15px||-50px||false|false&#8220; custom_margin_last_edited=&#8220;on|phone&#8220; header_font_size_tablet=&#8220;23px&#8220; header_font_size_phone=&#8220;17px&#8220; header_font_size_last_edited=&#8220;on|phone&#8220; global_colors_info=&#8220;{}&#8220;]<\/p>\n<h1><strong>Optoelektronika<\/strong><\/h1>\n<p>[\/et_pb_text][\/et_pb_column][\/et_pb_row][\/et_pb_section][et_pb_section fb_built=&#8220;1&#8243; _builder_version=&#8220;4.27.0&#8243; _module_preset=&#8220;default&#8220; global_colors_info=&#8220;{}&#8220;][et_pb_row custom_padding_last_edited=&#8220;on|phone&#8220; _builder_version=&#8220;4.27.4&#8243; _module_preset=&#8220;default&#8220; width=&#8220;90%&#8220; max_width=&#8220;1170px&#8220; custom_margin_tablet=&#8220;&#8220; custom_margin_phone=&#8220;-10px||||false|false&#8220; custom_margin_last_edited=&#8220;on|phone&#8220; custom_padding=&#8220;0px||||false|false&#8220; custom_padding_tablet=&#8220;0px||||false|false&#8220; custom_padding_phone=&#8220;0px||||false|false&#8220; global_colors_info=&#8220;{}&#8220;][et_pb_column type=&#8220;4_4&#8243; _builder_version=&#8220;4.25.1&#8243; _module_preset=&#8220;default&#8220; global_colors_info=&#8220;{}&#8220;][et_pb_text content_tablet=&#8220;<\/p>\n<p style=%22text-align: justify;%22><span style=%22font-weight: 400;%22>ECOGLASS je stabiln\u00edm dodavatelem optick\u00fdch sklen\u011bn\u00fdch komponent\u016f pro m\u011b\u0159en\u00ed hladiny.<br \/>Sklen\u011bn\u00fd materi\u00e1l je chemicky stabiln\u00ed, co\u017e umo\u017e\u0148uje m\u011b\u0159en\u00ed hladiny v potravin\u00e1\u0159sk\u00e9m nebo chemick\u00e9m pr\u016fmyslu.<br \/>Sklo je tak\u00e9 tepeln\u011b stabiln\u00ed a lze jej pou\u017e\u00edt pro m\u011b\u0159en\u00ed hladiny kapalin s vysokou teplotou. <\/span><\/p>\n<p style=%22text-align: justify;%22><span style=%22font-weight: 400;%22>Vyvinuli jsme jeden z prvn\u00edch de\u0161\u0165ov\u00fdch senzor\u016f.<br \/>Kv\u016fli po\u017eadovan\u00e9 propustnosti skla bylo navr\u017eeno speci\u00e1ln\u00ed chemick\u00e9 slo\u017een\u00ed skla.<br \/>Poradenstv\u00ed v oblasti skla je jedn\u00edm z na\u0161ich <\/span><strong>slu\u017eby<\/strong><span style=%22font-weight: 400;%22> nab\u00edz\u00edme.<\/span><\/p>\n<p style=%22text-align: justify;%22><strong>Asf\u00e9rick\u00e1 optika s povrchovou \u00fapravou <\/strong><span style=%22font-weight: 400;%22>lze pou\u017e\u00edt v bezpe\u010dnostn\u00edch syst\u00e9mech.<\/span><\/p>\n<p>&#8220; content_phone=&#8220;<\/p>\n<p style=%22text-align: justify;%22><span style=%22font-weight: 400;%22>ECOGLASS je stabiln\u00edm dodavatelem optick\u00fdch sklen\u011bn\u00fdch komponent\u016f pro m\u011b\u0159en\u00ed hladiny.<br \/>Sklen\u011bn\u00fd materi\u00e1l je chemicky stabiln\u00ed, co\u017e umo\u017e\u0148uje m\u011b\u0159en\u00ed hladiny v potravin\u00e1\u0159sk\u00e9m nebo chemick\u00e9m pr\u016fmyslu.<br \/>Sklo je tak\u00e9 tepeln\u011b stabiln\u00ed a lze jej pou\u017e\u00edt pro m\u011b\u0159en\u00ed hladiny kapalin s vysokou teplotou. <\/span><\/p>\n<p style=%22text-align: justify;%22><span style=%22font-weight: 400;%22>Vyvinuli jsme jeden z prvn\u00edch de\u0161\u0165ov\u00fdch senzor\u016f.<br \/>Kv\u016fli po\u017eadovan\u00e9 propustnosti skla bylo navr\u017eeno speci\u00e1ln\u00ed chemick\u00e9 slo\u017een\u00ed skla.<br \/>Poradenstv\u00ed v oblasti skla je jedn\u00edm z na\u0161ich <\/span><strong>slu\u017eby<\/strong><span style=%22font-weight: 400;%22> nab\u00edz\u00edme.<\/span><\/p>\n<p style=%22text-align: justify;%22><strong>Asf\u00e9rick\u00e1 optika s povrchovou \u00fapravou <\/strong><span style=%22font-weight: 400;%22>lze pou\u017e\u00edt v bezpe\u010dnostn\u00edch syst\u00e9mech.<\/span><\/p>\n<p>&#8220; content_last_edited=&#8220;on|desktop&#8220; _builder_version=&#8220;4.27.4&#8243; _module_preset=&#8220;default&#8220; hover_enabled=&#8220;0&#8243; text_font_tablet=&#8220;&#8220; text_font_phone=&#8220;&#8220; text_font_last_edited=&#8220;on|desktop&#8220; text_text_color_tablet=&#8220;&#8220; text_text_color_phone=&#8220;&#8220; text_text_color_last_edited=&#8220;on|desktop&#8220; text_font_size_tablet=&#8220;16px&#8220; text_font_size_phone=&#8220;16px&#8220; text_font_size_last_edited=&#8220;on|phone&#8220; text_letter_spacing_tablet=&#8220;&#8220; text_letter_spacing_phone=&#8220;&#8220; text_letter_spacing_last_edited=&#8220;on|desktop&#8220; text_line_height_tablet=&#8220;&#8220; text_line_height_phone=&#8220;&#8220; text_line_height_last_edited=&#8220;on|desktop&#8220; text_orientation_tablet=&#8220;&#8220; text_orientation_phone=&#8220;&#8220; text_orientation_last_edited=&#8220;on|desktop&#8220; background_layout_tablet=&#8220;&#8220; background_layout_phone=&#8220;&#8220; background_layout_last_edited=&#8220;on|desktop&#8220; global_colors_info=&#8220;{}&#8220; sticky_enabled=&#8220;0&#8243;]<\/p>\n<p style=\"text-align: justify;\"><span style=\"font-weight: 400;\">ECOGLASS, a.s. je zaveden\u00fdm dodavatelem hladinom\u011br\u016f. Sklo je jako materi\u00e1l chemicky stabiln\u00ed, co\u017e umo\u017e\u0148uje m\u011b\u0159en\u00ed hladiny i v potravin\u00e1\u0159stv\u00ed nebo v chemick\u00e9m pr\u016fmyslu. D\u00edky vysok\u00e9 teplotn\u00ed odolnosti skla lze m\u011b\u0159it i hladiny u kapalin s vy\u0161\u0161\u00ed teplotou. A\u0165 u\u017e pou\u017e\u00edv\u00e1te k m\u011b\u0159en\u00ed hladiny hladinov\u00e9 sp\u00edna\u010de, indik\u00e1tory hladiny nebo hladinom\u011bry, nev\u00e1hejte se na n\u00e1s obr\u00e1tit s popt\u00e1vkou na sklen\u011bn\u00e9 d\u00edly.<\/span><\/p>\n<p style=\"text-align: justify;\"><span style=\"font-weight: 400;\">Mezi na\u0161e \u00fasp\u011b\u0161n\u00e9 projekty pat\u0159\u00ed v\u00fdvoj jednoho z prvn\u00edch de\u0161\u0165ov\u00fdch senzor\u016f pro kter\u00fd jsme navrhli i speci\u00e1ln\u00ed chemick\u00e9 slo\u017een\u00ed skla. Kv\u016fli technologick\u00fdm po\u017eadavk\u016fm bylo nezbytn\u00e9, aby m\u011blo sklo p\u0159esn\u011b definovanou propustnost. <a href=\"https:\/\/ecoglass-optic.com\/cs\/technicke-zazemi\/#poradenstvivoblasti\">Poradenstv\u00ed v oblasti skl\u00e1\u0159stv\u00ed<\/a> je jednou z na\u0161ich nab\u00edzen\u00fdch <\/span><a href=\"https:\/\/ecoglass-optic.com\/cs\/technicke-zazemi\/\"><span style=\"font-weight: 400;\">slu\u017eeb<\/span><\/a><span style=\"font-weight: 400;\">.<\/span><\/p>\n<p>[\/et_pb_text][\/et_pb_column][\/et_pb_row][et_pb_row _builder_version=&#8220;4.27.0&#8243; _module_preset=&#8220;default&#8220; width=&#8220;90%&#8220; max_width=&#8220;1170px&#8220; global_colors_info=&#8220;{}&#8220;][et_pb_column type=&#8220;4_4&#8243; _builder_version=&#8220;4.27.0&#8243; _module_preset=&#8220;default&#8220; global_colors_info=&#8220;{}&#8220;][difl_imagecarousel arrow=&#8220;on&#8220; arrow_prev_icon_use_icon=&#8220;off&#8220; arrow_next_icon_use_icon=&#8220;off&#8220; arrow_color=&#8220;#0057a2&#8243; _builder_version=&#8220;4.27.4&#8243; _module_preset=&#8220;default&#8220; global_colors_info=&#8220;{}&#8220;][difl_imagecarouselitem image=&#8220;https:\/\/ecoglass-optic.com\/wp-content\/uploads\/2024\/08\/DSC6505.jpg&#8220; ic_button_button_url_new_window=&#8220;1&#8243; _builder_version=&#8220;4.27.0&#8243; _module_preset=&#8220;default&#8220; global_colors_info=&#8220;{}&#8220;][\/difl_imagecarouselitem][difl_imagecarouselitem image=&#8220;https:\/\/ecoglass-optic.com\/wp-content\/uploads\/2024\/08\/DSC6406.jpg&#8220; ic_button_button_url_new_window=&#8220;1&#8243; _builder_version=&#8220;4.27.0&#8243; _module_preset=&#8220;default&#8220; global_colors_info=&#8220;{}&#8220;][\/difl_imagecarouselitem][difl_imagecarouselitem image=&#8220;https:\/\/ecoglass-optic.com\/wp-content\/uploads\/2024\/08\/optoelectronic.png&#8220; ic_button_button_url_new_window=&#8220;1&#8243; _builder_version=&#8220;4.27.0&#8243; _module_preset=&#8220;default&#8220; global_colors_info=&#8220;{}&#8220;][\/difl_imagecarouselitem][difl_imagecarouselitem image=&#8220;https:\/\/ecoglass-optic.com\/wp-content\/uploads\/2024\/09\/DSC6403Optoelectronics.jpg&#8220; ic_button_button_url_new_window=&#8220;1&#8243; _builder_version=&#8220;4.27.0&#8243; _module_preset=&#8220;default&#8220; global_colors_info=&#8220;{}&#8220;][\/difl_imagecarouselitem][difl_imagecarouselitem image=&#8220;https:\/\/ecoglass-optic.com\/wp-content\/uploads\/2024\/09\/DSC6405Optoelectronics.jpg&#8220; ic_button_button_url_new_window=&#8220;1&#8243; _builder_version=&#8220;4.27.0&#8243; _module_preset=&#8220;default&#8220; global_colors_info=&#8220;{}&#8220;][\/difl_imagecarouselitem][difl_imagecarouselitem image=&#8220;https:\/\/ecoglass-optic.com\/wp-content\/uploads\/2024\/09\/DSC6410.jpg&#8220; ic_button_button_url_new_window=&#8220;1&#8243; _builder_version=&#8220;4.27.0&#8243; _module_preset=&#8220;default&#8220; global_colors_info=&#8220;{}&#8220;][\/difl_imagecarouselitem][difl_imagecarouselitem image=&#8220;https:\/\/ecoglass-optic.com\/wp-content\/uploads\/2024\/09\/DSC6411.jpg&#8220; ic_button_button_url_new_window=&#8220;1&#8243; _builder_version=&#8220;4.27.0&#8243; _module_preset=&#8220;default&#8220; global_colors_info=&#8220;{}&#8220;][\/difl_imagecarouselitem][difl_imagecarouselitem image=&#8220;https:\/\/ecoglass-optic.com\/wp-content\/uploads\/2024\/09\/DSC6486.jpg&#8220; ic_button_button_url_new_window=&#8220;1&#8243; _builder_version=&#8220;4.27.0&#8243; _module_preset=&#8220;default&#8220; global_colors_info=&#8220;{}&#8220;][\/difl_imagecarouselitem][difl_imagecarouselitem image=&#8220;https:\/\/ecoglass-optic.com\/wp-content\/uploads\/2024\/09\/DSC6487.jpg&#8220; ic_button_button_url_new_window=&#8220;1&#8243; _builder_version=&#8220;4.27.0&#8243; _module_preset=&#8220;default&#8220; global_colors_info=&#8220;{}&#8220;][\/difl_imagecarouselitem][difl_imagecarouselitem image=&#8220;https:\/\/ecoglass-optic.com\/wp-content\/uploads\/2024\/09\/DSC6503.jpg&#8220; ic_button_button_url_new_window=&#8220;1&#8243; _builder_version=&#8220;4.27.0&#8243; _module_preset=&#8220;default&#8220; global_colors_info=&#8220;{}&#8220;][\/difl_imagecarouselitem][difl_imagecarouselitem image=&#8220;https:\/\/ecoglass-optic.com\/wp-content\/uploads\/2024\/09\/DSC6506.jpg&#8220; ic_button_button_url_new_window=&#8220;1&#8243; _builder_version=&#8220;4.27.0&#8243; _module_preset=&#8220;default&#8220; global_colors_info=&#8220;{}&#8220;][\/difl_imagecarouselitem][difl_imagecarouselitem image=&#8220;https:\/\/ecoglass-optic.com\/wp-content\/uploads\/2024\/09\/DSC6507.jpg&#8220; ic_button_button_url_new_window=&#8220;1&#8243; _builder_version=&#8220;4.27.4&#8243; _module_preset=&#8220;default&#8220; global_colors_info=&#8220;{}&#8220;][\/difl_imagecarouselitem][difl_imagecarouselitem image=&#8220;https:\/\/ecoglass-optic.com\/wp-content\/uploads\/2025\/07\/DSC07857.jpg&#8220; ic_button_button_url_new_window=&#8220;1&#8243; _builder_version=&#8220;4.27.4&#8243; _module_preset=&#8220;default&#8220; global_colors_info=&#8220;{}&#8220;][\/difl_imagecarouselitem][difl_imagecarouselitem image=&#8220;https:\/\/ecoglass-optic.com\/wp-content\/uploads\/2025\/07\/DSC07864.jpg&#8220; ic_button_button_url_new_window=&#8220;1&#8243; _builder_version=&#8220;4.27.4&#8243; _module_preset=&#8220;default&#8220; global_colors_info=&#8220;{}&#8220;][\/difl_imagecarouselitem][\/difl_imagecarousel][\/et_pb_column][\/et_pb_row][\/et_pb_section]<\/p>\n","protected":false},"excerpt":{"rendered":"<p>OptoelektronikaECOGLASS, a.s. je zaveden\u00fdm dodavatelem hladinom\u011br\u016f. Sklo je jako materi\u00e1l chemicky stabiln\u00ed, co\u017e umo\u017e\u0148uje m\u011b\u0159en\u00ed hladiny i v potravin\u00e1\u0159stv\u00ed nebo v chemick\u00e9m pr\u016fmyslu. D\u00edky vysok\u00e9 teplotn\u00ed odolnosti skla lze m\u011b\u0159it i hladiny u kapalin s vy\u0161\u0161\u00ed teplotou. A\u0165 u\u017e pou\u017e\u00edv\u00e1te k m\u011b\u0159en\u00ed hladiny hladinov\u00e9 sp\u00edna\u010de, indik\u00e1tory hladiny nebo hladinom\u011bry, nev\u00e1hejte se na n\u00e1s obr\u00e1tit s [&hellip;]<\/p>\n","protected":false},"author":2,"featured_media":0,"parent":0,"menu_order":0,"comment_status":"closed","ping_status":"closed","template":"","meta":{"_et_pb_use_builder":"on","_et_pb_old_content":"","_et_gb_content_width":"","footnotes":""},"difl_page_category":[],"class_list":["post-987513552","page","type-page","status-publish","hentry"],"_links":{"self":[{"href":"https:\/\/ecoglass-optic.com\/cs\/wp-json\/wp\/v2\/pages\/987513552","targetHints":{"allow":["GET"]}}],"collection":[{"href":"https:\/\/ecoglass-optic.com\/cs\/wp-json\/wp\/v2\/pages"}],"about":[{"href":"https:\/\/ecoglass-optic.com\/cs\/wp-json\/wp\/v2\/types\/page"}],"author":[{"embeddable":true,"href":"https:\/\/ecoglass-optic.com\/cs\/wp-json\/wp\/v2\/users\/2"}],"replies":[{"embeddable":true,"href":"https:\/\/ecoglass-optic.com\/cs\/wp-json\/wp\/v2\/comments?post=987513552"}],"version-history":[{"count":3,"href":"https:\/\/ecoglass-optic.com\/cs\/wp-json\/wp\/v2\/pages\/987513552\/revisions"}],"predecessor-version":[{"id":987516530,"href":"https:\/\/ecoglass-optic.com\/cs\/wp-json\/wp\/v2\/pages\/987513552\/revisions\/987516530"}],"wp:attachment":[{"href":"https:\/\/ecoglass-optic.com\/cs\/wp-json\/wp\/v2\/media?parent=987513552"}],"wp:term":[{"taxonomy":"difl_page_category","embeddable":true,"href":"https:\/\/ecoglass-optic.com\/cs\/wp-json\/wp\/v2\/difl_page_category?post=987513552"}],"curies":[{"name":"wp","href":"https:\/\/api.w.org\/{rel}","templated":true}]}}