{"id":987513549,"date":"2024-08-31T12:27:36","date_gmt":"2024-08-31T10:27:36","guid":{"rendered":"https:\/\/ecoglass-optic.com\/ke-stazeni-na\/"},"modified":"2026-04-02T08:09:43","modified_gmt":"2026-04-02T06:09:43","slug":"ke-stazeni","status":"publish","type":"page","link":"https:\/\/ecoglass-optic.com\/cs\/ke-stazeni\/","title":{"rendered":"Ke sta\u017een\u00ed"},"content":{"rendered":"<p>[et_pb_section fb_built=&#8220;1&#8243; admin_label=&#8220;About&#8220; _builder_version=&#8220;4.25.1&#8243; _module_preset=&#8220;default&#8220; background_image=&#8220;https:\/\/ecoglass-optic.com\/wp-content\/uploads\/2024\/08\/prouzek-horni-popis.jpg&#8220; locked=&#8220;off&#8220; collapsed=&#8220;off&#8220; global_colors_info=&#8220;{}&#8220;][et_pb_row _builder_version=&#8220;4.21.0&#8243; _module_preset=&#8220;default&#8220; global_colors_info=&#8220;{}&#8220;][et_pb_column type=&#8220;4_4&#8243; _builder_version=&#8220;4.21.0&#8243; _module_preset=&#8220;default&#8220; global_colors_info=&#8220;{}&#8220;][et_pb_text _builder_version=&#8220;4.27.0&#8243; _module_preset=&#8220;default&#8220; header_font=&#8220;&#8211;et_global_heading_font|500||on|||||&#8220; header_text_align=&#8220;center&#8220; header_text_color=&#8220;#0158a2&#8243; header_font_size=&#8220;40px&#8220; header_line_height=&#8220;1.2em&#8220; header_font_size_tablet=&#8220;&#8220; header_font_size_phone=&#8220;30px&#8220; header_font_size_last_edited=&#8220;on|desktop&#8220; global_colors_info=&#8220;{}&#8220;]<\/p>\n<h1><strong>Ke sta\u017een\u00ed<\/strong><\/h1>\n<p>[\/et_pb_text][\/et_pb_column][\/et_pb_row][\/et_pb_section][et_pb_section fb_built=&#8220;1&#8243; admin_label=&#8220;About&#8220; _builder_version=&#8220;4.27.0&#8243; _module_preset=&#8220;default&#8220; background_enable_image=&#8220;off&#8220; custom_padding=&#8220;30px||30px||true|false&#8220; locked=&#8220;off&#8220; collapsed=&#8220;on&#8220; global_colors_info=&#8220;{}&#8220;][et_pb_row _builder_version=&#8220;4.27.0&#8243; _module_preset=&#8220;default&#8220; width=&#8220;90%&#8220; max_width=&#8220;1170px&#8220; global_colors_info=&#8220;{}&#8220;][et_pb_column type=&#8220;4_4&#8243; _builder_version=&#8220;4.27.0&#8243; _module_preset=&#8220;default&#8220; global_colors_info=&#8220;{}&#8220;][et_pb_text _builder_version=&#8220;4.27.4&#8243; _module_preset=&#8220;default&#8220; link_font=&#8220;||||on||||&#8220; link_text_color=&#8220;#0057a2&#8243; hover_enabled=&#8220;0&#8243; text_font_size_tablet=&#8220;16px&#8220; text_font_size_phone=&#8220;16px&#8220; text_font_size_last_edited=&#8220;on|phone&#8220; global_colors_info=&#8220;{}&#8220; sticky_enabled=&#8220;0&#8243;]<\/p>\n<ul>\n<li><a href=\"https:\/\/ecoglass-optic.com\/wp-content\/uploads\/2024\/08\/01_ECOGLASS_company_presentation.pdf\" data-saferedirecturl=\"https:\/\/www.google.com\/url?q=https:\/\/ecoglass-optic.com\/storage\/app\/media\/download\/EcoGlass-complete.pdf&amp;source=gmail&amp;ust=1725186401134000&amp;usg=AOvVaw0vxYBj1-Lb0J1TuktSrjCh\"><\/a><a href=\"https:\/\/ecoglass-optic.com\/wp-content\/uploads\/2025\/02\/ECOGLASS_company_presentation.pdf\" target=\"_blank\" rel=\"noopener\">Profil spole\u010dnosti ECOGLASS<\/a><\/li>\n<li><a href=\"https:\/\/ecoglass-optic.com\/wp-content\/uploads\/2024\/08\/03_lenses-for-high-power-LEDs.pdf\" data-saferedirecturl=\"https:\/\/www.google.com\/url?q=https:\/\/ecoglass-optic.com\/storage\/app\/media\/download\/letak%2520veletrh%252022%2520mail.pdf&amp;source=gmail&amp;ust=1725186401134000&amp;usg=AOvVaw3TEO7AfUH99LvucTRsHxw8\"><\/a><a href=\"https:\/\/ecoglass-optic.com\/wp-content\/uploads\/2024\/08\/03_lenses-for-high-power-LEDs.pdf\" target=\"_blank\" rel=\"noopener\">Nov\u00e1 optika pro v\u00fdkonn\u00e9 LED<\/a><\/li>\n<li><a href=\"https:\/\/ecoglass-optic.com\/wp-content\/uploads\/2024\/08\/02_2023_EcoGlass_Standard_lenses_catalogue.pdf\" data-saferedirecturl=\"https:\/\/www.google.com\/url?q=https:\/\/ecoglass-optic.com\/storage\/app\/media\/download\/2023_ECG_free-lenses_catalogue.pdf&amp;source=gmail&amp;ust=1725186401134000&amp;usg=AOvVaw1lwH_EpSiiB0IoDfysgas8\"><\/a><a href=\"https:\/\/ecoglass-optic.com\/wp-content\/uploads\/2026\/03\/2025_ECOGLASS_Standard_lenses_catalogue_update.pdf\" target=\"_blank\" rel=\"noopener\">Interaktivn\u00ed katalog na\u0161\u00ed standardn\u00ed optiky<\/a><\/li>\n<li><a href=\"https:\/\/ecoglass-optic.com\/wp-content\/uploads\/2024\/08\/04_Glass-types-EcoGlass.pdf\" data-saferedirecturl=\"https:\/\/www.google.com\/url?q=https:\/\/ecoglass-optic.com\/storage\/app\/media\/download\/Glass%2520types%2520EcoGlass.pdf&amp;source=gmail&amp;ust=1725186401134000&amp;usg=AOvVaw19lzUvw_NyPZG5oXEvMm1L\"><\/a><a href=\"https:\/\/ecoglass-optic.com\/wp-content\/uploads\/2024\/08\/04_Glass-types-EcoGlass.pdf\" target=\"_blank\" rel=\"noopener\">Typy skla, kter\u00e9 jsou k dispozici pro na\u0161i v\u00fdrobu<\/a><\/li>\n<li><a href=\"https:\/\/ecoglass-optic.com\/wp-content\/uploads\/2024\/08\/05_ISO-9001-EN.pdf\" data-saferedirecturl=\"https:\/\/www.google.com\/url?q=https:\/\/ecoglass-optic.com\/storage\/app\/media\/download\/ISO%25209001%2520EN.pdf&amp;source=gmail&amp;ust=1725186401134000&amp;usg=AOvVaw3GqDTypmelRrmREA6mWQRH\"><\/a><a href=\"https:\/\/ecoglass-optic.com\/wp-content\/uploads\/2024\/10\/ISO-9001-CZ.pdf\" target=\"_blank\" rel=\"noopener\">Certifik\u00e1t ISO 9001<\/a><\/li>\n<li><a href=\"https:\/\/ecoglass-optic.com\/wp-content\/uploads\/2024\/08\/06_ISO-14001-EN.pdf\" data-saferedirecturl=\"https:\/\/www.google.com\/url?q=https:\/\/ecoglass-optic.com\/storage\/app\/media\/download\/ISO%252014001%2520EN.pdf&amp;source=gmail&amp;ust=1725186401134000&amp;usg=AOvVaw2j6gD5Pc_qF3ffyfe1lh0p\"><\/a><a href=\"https:\/\/ecoglass-optic.com\/wp-content\/uploads\/2024\/10\/ISO-14001-CZ.pdf\" target=\"_blank\" rel=\"noopener\">Certifik\u00e1t ISO 14001<\/a><\/li>\n<li><a href=\"https:\/\/ecoglass-optic.com\/_data\/1626859233\/kmen_demo.zip\" data-saferedirecturl=\"https:\/\/www.google.com\/url?q=https:\/\/ecoglass-optic.com\/_data\/1626859233\/kmen_demo.zip&amp;source=gmail&amp;ust=1725186401134000&amp;usg=AOvVaw2wwhsXgOZlzEh3mwtJj0v9\"><\/a><a href=\"https:\/\/ecoglass-optic.com\/wp-content\/uploads\/2025\/02\/07_kmen_demo.zip\" target=\"_blank\" rel=\"noopener\">Program KMEN<\/a><\/li>\n<li><a href=\"https:\/\/ecoglass-optic.com\/wp-content\/uploads\/2024\/09\/Integrovana-politika-spolecnosti.docx\" target=\"_blank\" rel=\"noopener\">Politika spole\u010dnosti<\/a><\/li>\n<\/ul>\n<p>[\/et_pb_text][\/et_pb_column][\/et_pb_row][\/et_pb_section]<\/p>\n","protected":false},"excerpt":{"rendered":"<p>Ke sta\u017een\u00ed Profil spole\u010dnosti ECOGLASS Nov\u00e1 optika pro v\u00fdkonn\u00e9 LED Interaktivn\u00ed katalog na\u0161\u00ed standardn\u00ed optiky Typy skla, kter\u00e9 jsou k dispozici pro na\u0161i v\u00fdrobu Certifik\u00e1t ISO 9001 Certifik\u00e1t ISO 14001 Program KMEN Politika spole\u010dnosti<\/p>\n","protected":false},"author":2,"featured_media":0,"parent":0,"menu_order":0,"comment_status":"closed","ping_status":"closed","template":"","meta":{"_et_pb_use_builder":"on","_et_pb_old_content":"","_et_gb_content_width":"","footnotes":""},"difl_page_category":[],"class_list":["post-987513549","page","type-page","status-publish","hentry"],"_links":{"self":[{"href":"https:\/\/ecoglass-optic.com\/cs\/wp-json\/wp\/v2\/pages\/987513549","targetHints":{"allow":["GET"]}}],"collection":[{"href":"https:\/\/ecoglass-optic.com\/cs\/wp-json\/wp\/v2\/pages"}],"about":[{"href":"https:\/\/ecoglass-optic.com\/cs\/wp-json\/wp\/v2\/types\/page"}],"author":[{"embeddable":true,"href":"https:\/\/ecoglass-optic.com\/cs\/wp-json\/wp\/v2\/users\/2"}],"replies":[{"embeddable":true,"href":"https:\/\/ecoglass-optic.com\/cs\/wp-json\/wp\/v2\/comments?post=987513549"}],"version-history":[{"count":8,"href":"https:\/\/ecoglass-optic.com\/cs\/wp-json\/wp\/v2\/pages\/987513549\/revisions"}],"predecessor-version":[{"id":987517061,"href":"https:\/\/ecoglass-optic.com\/cs\/wp-json\/wp\/v2\/pages\/987513549\/revisions\/987517061"}],"wp:attachment":[{"href":"https:\/\/ecoglass-optic.com\/cs\/wp-json\/wp\/v2\/media?parent=987513549"}],"wp:term":[{"taxonomy":"difl_page_category","embeddable":true,"href":"https:\/\/ecoglass-optic.com\/cs\/wp-json\/wp\/v2\/difl_page_category?post=987513549"}],"curies":[{"name":"wp","href":"https:\/\/api.w.org\/{rel}","templated":true}]}}