{"id":987513538,"date":"2024-08-27T23:56:56","date_gmt":"2024-08-27T21:56:56","guid":{"rendered":"https:\/\/ecoglass-optic.com\/obecne-osvetleni\/"},"modified":"2025-08-18T09:36:37","modified_gmt":"2025-08-18T07:36:37","slug":"optika-pro-osvetleni","status":"publish","type":"page","link":"https:\/\/ecoglass-optic.com\/cs\/optika-pro-osvetleni\/","title":{"rendered":"Optika pro osv\u011btlen\u00ed"},"content":{"rendered":"<p>[et_pb_section fb_built=&#8220;1&#8243; fullwidth=&#8220;on&#8220; _builder_version=&#8220;4.27.4&#8243; _module_preset=&#8220;default&#8220; global_colors_info=&#8220;{}&#8220;][et_pb_fullwidth_image src=&#8220;https:\/\/ecoglass-optic.com\/wp-content\/uploads\/2025\/06\/GeneralLighting_final_70.jpg&#8220; title_text=&#8220;GeneralLighting_final_70%&#8220; _builder_version=&#8220;4.27.4&#8243; _module_preset=&#8220;default&#8220; global_colors_info=&#8220;{}&#8220;][\/et_pb_fullwidth_image][\/et_pb_section][et_pb_section fb_built=&#8220;1&#8243; admin_label=&#8220;About&#8220; _builder_version=&#8220;4.25.1&#8243; _module_preset=&#8220;default&#8220; background_image=&#8220;https:\/\/ecoglass-optic.com\/wp-content\/uploads\/2024\/08\/prouzek-horni-popis.jpg&#8220; locked=&#8220;off&#8220; collapsed=&#8220;off&#8220; global_colors_info=&#8220;{}&#8220;][et_pb_row _builder_version=&#8220;4.27.4&#8243; _module_preset=&#8220;default&#8220; custom_margin_tablet=&#8220;-25px||-25px||false|false&#8220; custom_margin_phone=&#8220;-30px||-35px||false|false&#8220; custom_margin_last_edited=&#8220;on|phone&#8220; global_colors_info=&#8220;{}&#8220;][et_pb_column type=&#8220;4_4&#8243; _builder_version=&#8220;4.21.0&#8243; _module_preset=&#8220;default&#8220; global_colors_info=&#8220;{}&#8220;][et_pb_text _builder_version=&#8220;4.27.4&#8243; _module_preset=&#8220;default&#8220; header_font=&#8220;&#8211;et_global_heading_font|500||on|||||&#8220; header_text_align=&#8220;center&#8220; header_text_color=&#8220;#0158a2&#8243; header_font_size=&#8220;40px&#8220; header_line_height=&#8220;1.2em&#8220; custom_margin=&#8220;||-25px||false|false&#8220; custom_margin_tablet=&#8220;-15px||-40px||false|false&#8220; custom_margin_phone=&#8220;-15px||-50px||false|false&#8220; custom_margin_last_edited=&#8220;on|phone&#8220; custom_padding=&#8220;0px||||false|false&#8220; header_font_size_tablet=&#8220;23px&#8220; header_font_size_phone=&#8220;17px&#8220; header_font_size_last_edited=&#8220;on|phone&#8220; global_colors_info=&#8220;{}&#8220;]<\/p>\n<h1><strong>Optika pro osv\u011btlen\u00ed<\/strong><\/h1>\n<p>[\/et_pb_text][\/et_pb_column][\/et_pb_row][\/et_pb_section][et_pb_section fb_built=&#8220;1&#8243; _builder_version=&#8220;4.27.0&#8243; _module_preset=&#8220;default&#8220; global_colors_info=&#8220;{}&#8220;][et_pb_row _builder_version=&#8220;4.25.1&#8243; _module_preset=&#8220;default&#8220; width=&#8220;90%&#8220; max_width=&#8220;1170px&#8220; global_colors_info=&#8220;{}&#8220;][et_pb_column type=&#8220;4_4&#8243; _builder_version=&#8220;4.25.1&#8243; _module_preset=&#8220;default&#8220; global_colors_info=&#8220;{}&#8220;][et_pb_text content_tablet=&#8220;<\/p>\n<p><span style=%22font-weight: 400;%22>Spole\u010dnost coGlass vyr\u00e1b\u00ed sklen\u011bn\u00e9 komponenty pro osv\u011btlovac\u00ed aplikace.<br \/>\nVyr\u00e1b\u00edme r\u016fzn\u00e9 tvary a velikosti vysoce \u00fa\u010dinn\u00fdch sklen\u011bn\u00fdch \u010do\u010dek pro r\u016fzn\u00e9 LED a laserov\u00e9 zdroje.<br \/>\nMezi p\u0159\u00edklady v\u00fdrobk\u016f pat\u0159\u00ed asf\u00e9rick\u00e9 \u010do\u010dky, \u010do\u010dky voln\u00e9ho tvaru, soustavy \u010do\u010dek, kolim\u00e1tory a optika TIR nebo Fresnelovy \u010do\u010dky.<br \/>\nProzkoumejte na\u0161e     <\/span><strong>produktov\u00e1 str\u00e1nka, e-shop <\/strong><span style=%22font-weight: 400;%22>s na\u0161\u00ed standardn\u00ed optikou nebo <\/span><strong>st\u00e1hnout<\/strong><span style=%22font-weight: 400;%22>  n\u00e1\u0161 katalog.<br \/>\nNed\u00e1vno jsme navrhli   <\/span><strong>t\u0159i \u010do\u010dky pro pr\u016fmyslov\u00e9 osv\u011btlen\u00ed <\/strong><span style=%22font-weight: 400;%22>s r\u016fzn\u00fdmi sv\u011bteln\u00fdmi vlastnostmi, ale stejn\u00fdmi mont\u00e1\u017en\u00edmi parametry.<\/span><\/p>\n<p><span style=%22font-weight: 400;%22>Nab\u00edz\u00edme komplexn\u00ed slu\u017eby v\u010detn\u011b <\/span><strong>optick\u00fd design <\/strong><span style=%22font-weight: 400;%22>sklen\u011bn\u00fdch d\u00edl\u016f, <\/span><strong>optick\u00e9 simulace <\/strong> <span style=%22font-weight: 400;%22>ji\u017e existuj\u00edc\u00edch d\u00edl\u016f, v\u00fdroba prototyp\u016f i s\u00e9riov\u00e9 dod\u00e1vky na\u0161im z\u00e1kazn\u00edk\u016fm.<br \/>\nJsme vybaveni vlastn\u00ed sv\u011btelnou laborato\u0159\u00ed pro vyhodnocov\u00e1n\u00ed fotometrick\u00fdch \u00fadaj\u016f pomoc\u00ed goniofotometru. <\/span><\/p>\n<ul>\n<li><span style=%22font-weight: 400;%22><\/span><span style=%22font-weight: 400;%22>Pou\u017e\u00edv\u00e1me sodnov\u00e1penat\u00e9 sklo a borosilik\u00e1tov\u00e9 sklo odoln\u00e9 v\u016f\u010di teplotn\u00edm \u0161ok\u016fm.<\/span><\/li>\n<li><span style=%22font-weight: 400;%22><\/span><span style=%22font-weight: 400;%22>Optick\u00fd n\u00e1vrh se prov\u00e1d\u00ed pomoc\u00ed komer\u010dn\u00edho softwaru TracePro.<\/span><\/li>\n<li><span style=%22font-weight: 400;%22><\/span><span style=%22font-weight: 400;%22>Navrhujeme a vyr\u00e1b\u00edme specifick\u00e9 povrchov\u00e9 mikrostruktury, kter\u00e9 potla\u010duj\u00ed nebo eliminuj\u00ed ne\u017e\u00e1douc\u00ed barevn\u00e9 efekty vznikaj\u00edc\u00ed v kombinaci se zdroji LED.<\/span><\/li>\n<li><span style=%22font-weight: 400;%22><\/span><span style=%22font-weight: 400;%22>N\u00e1\u0161 v\u00fdrobn\u00ed proces umo\u017e\u0148uje vyr\u00e1b\u011bt d\u00edly a\u017e do velikosti cca.<br \/>\no pr\u016fm\u011bru 100 mm a hmotnosti 300 gram\u016f. <\/span><\/li>\n<\/ul>\n<p><span style=%22font-weight: 400;%22>Na\u0161e v\u00fdrobky se pou\u017e\u00edvaj\u00ed v architektonick\u00e9m osv\u011btlen\u00ed, pr\u016fmyslov\u00e9m osv\u011btlen\u00ed, sc\u00e9nick\u00e9m osv\u011btlen\u00ed a v mnoha interi\u00e9rov\u00fdch sv\u00edtidlech, stejn\u011b jako v <\/span><strong>venkovn\u00edm osv\u011btlen\u00ed.<\/strong><\/p>\n<p>&#8220; content_phone=&#8220;<\/p>\n<p><span style=%22font-weight: 400;%22>Spole\u010dnost coGlass vyr\u00e1b\u00ed sklen\u011bn\u00e9 komponenty pro osv\u011btlovac\u00ed aplikace.<br \/>\nVyr\u00e1b\u00edme r\u016fzn\u00e9 tvary a velikosti vysoce \u00fa\u010dinn\u00fdch sklen\u011bn\u00fdch \u010do\u010dek pro r\u016fzn\u00e9 LED a laserov\u00e9 zdroje.<br \/>\nMezi p\u0159\u00edklady v\u00fdrobk\u016f pat\u0159\u00ed asf\u00e9rick\u00e9 \u010do\u010dky, \u010do\u010dky voln\u00e9ho tvaru, soustavy \u010do\u010dek, kolim\u00e1tory a optika TIR nebo Fresnelovy \u010do\u010dky.<br \/>\nProzkoumejte na\u0161e     <\/span><strong>produktov\u00e1 str\u00e1nka, e-shop <\/strong><span style=%22font-weight: 400;%22>s na\u0161\u00ed standardn\u00ed optikou nebo <\/span><strong>st\u00e1hnout<\/strong><span style=%22font-weight: 400;%22>  n\u00e1\u0161 katalog.<br \/>\nNed\u00e1vno jsme navrhli   <\/span><strong>t\u0159i \u010do\u010dky pro pr\u016fmyslov\u00e9 osv\u011btlen\u00ed <\/strong><span style=%22font-weight: 400;%22>s r\u016fzn\u00fdmi sv\u011bteln\u00fdmi vlastnostmi, ale stejn\u00fdmi mont\u00e1\u017en\u00edmi parametry.<\/span><\/p>\n<p><span style=%22font-weight: 400;%22>Nab\u00edz\u00edme komplexn\u00ed slu\u017eby v\u010detn\u011b <\/span><strong>optick\u00fd design <\/strong><span style=%22font-weight: 400;%22>sklen\u011bn\u00fdch d\u00edl\u016f, <\/span><strong>optick\u00e9 simulace <\/strong> <span style=%22font-weight: 400;%22>ji\u017e existuj\u00edc\u00edch d\u00edl\u016f, v\u00fdroba prototyp\u016f i s\u00e9riov\u00e9 dod\u00e1vky na\u0161im z\u00e1kazn\u00edk\u016fm.<br \/>\nJsme vybaveni vlastn\u00ed sv\u011btelnou laborato\u0159\u00ed pro vyhodnocov\u00e1n\u00ed fotometrick\u00fdch \u00fadaj\u016f pomoc\u00ed goniofotometru. <\/span><\/p>\n<ul>\n<li><span style=%22font-weight: 400;%22><\/span><span style=%22font-weight: 400;%22>Pou\u017e\u00edv\u00e1me sodnov\u00e1penat\u00e9 sklo a borosilik\u00e1tov\u00e9 sklo odoln\u00e9 v\u016f\u010di teplotn\u00edm \u0161ok\u016fm.<\/span><\/li>\n<li><span style=%22font-weight: 400;%22><\/span><span style=%22font-weight: 400;%22>Optick\u00fd n\u00e1vrh se prov\u00e1d\u00ed pomoc\u00ed komer\u010dn\u00edho softwaru TracePro.<\/span><\/li>\n<li><span style=%22font-weight: 400;%22><\/span><span style=%22font-weight: 400;%22>Navrhujeme a vyr\u00e1b\u00edme specifick\u00e9 povrchov\u00e9 mikrostruktury, kter\u00e9 potla\u010duj\u00ed nebo eliminuj\u00ed ne\u017e\u00e1douc\u00ed barevn\u00e9 efekty vznikaj\u00edc\u00ed v kombinaci se zdroji LED.<\/span><\/li>\n<li><span style=%22font-weight: 400;%22><\/span><span style=%22font-weight: 400;%22>N\u00e1\u0161 v\u00fdrobn\u00ed proces umo\u017e\u0148uje vyr\u00e1b\u011bt d\u00edly a\u017e do velikosti cca.<br \/>\no pr\u016fm\u011bru 100 mm a hmotnosti 300 gram\u016f. <\/span><\/li>\n<\/ul>\n<p><span style=%22font-weight: 400;%22>Na\u0161e v\u00fdrobky se pou\u017e\u00edvaj\u00ed v architektonick\u00e9m osv\u011btlen\u00ed, pr\u016fmyslov\u00e9m osv\u011btlen\u00ed, sc\u00e9nick\u00e9m osv\u011btlen\u00ed a v mnoha interi\u00e9rov\u00fdch sv\u00edtidlech, stejn\u011b jako v <\/span><strong>venkovn\u00edm osv\u011btlen\u00ed.<\/strong><\/p>\n<p>&#8220; content_last_edited=&#8220;off|desktop&#8220; _builder_version=&#8220;4.27.4&#8243; _module_preset=&#8220;default&#8220; custom_margin=&#8220;-10px||||false|false&#8220; custom_margin_tablet=&#8220;-10px||||false|false&#8220; custom_margin_phone=&#8220;-25px||||false|false&#8220; custom_margin_last_edited=&#8220;on|phone&#8220; custom_padding=&#8220;0px||||false|false&#8220; custom_padding_tablet=&#8220;0px||||false|false&#8220; custom_padding_phone=&#8220;0px||||false|false&#8220; custom_padding_last_edited=&#8220;on|tablet&#8220; hover_enabled=&#8220;0&#8243; text_font_tablet=&#8220;&#8220; text_font_phone=&#8220;&#8220; text_font_last_edited=&#8220;on|desktop&#8220; text_text_color_tablet=&#8220;&#8220; text_text_color_phone=&#8220;&#8220; text_text_color_last_edited=&#8220;on|desktop&#8220; text_font_size_tablet=&#8220;16px&#8220; text_font_size_phone=&#8220;16px&#8220; text_font_size_last_edited=&#8220;on|phone&#8220; text_letter_spacing_tablet=&#8220;&#8220; text_letter_spacing_phone=&#8220;&#8220; text_letter_spacing_last_edited=&#8220;on|desktop&#8220; text_line_height_tablet=&#8220;&#8220; text_line_height_phone=&#8220;&#8220; text_line_height_last_edited=&#8220;on|desktop&#8220; text_orientation_tablet=&#8220;&#8220; text_orientation_phone=&#8220;&#8220; text_orientation_last_edited=&#8220;on|desktop&#8220; background_layout_tablet=&#8220;&#8220; background_layout_phone=&#8220;&#8220; background_layout_last_edited=&#8220;on|desktop&#8220; global_colors_info=&#8220;{}&#8220; sticky_enabled=&#8220;0&#8243;]<\/p>\n<p style=\"text-align: justify;\"><span style=\"font-weight: 400;\">ECOGLASS, a.s. je v\u00fdrobcem sklen\u011bn\u00fdch komponent\u016f pro sv\u011bteln\u00e9 aplikace. Vyr\u00e1b\u00edme komponenty nejr\u016fzn\u011bj\u0161\u00edch tvar\u016f a velikost\u00ed pro LED nebo laserov\u00e9 zdroje podle <\/span><span style=\"font-weight: 400;\">vlastn\u00edho<\/span><span style=\"font-weight: 400;\"> nebo z\u00e1kaznick\u00e9ho n\u00e1vrhu.<\/span><\/p>\n<p style=\"text-align: justify;\"><span style=\"font-weight: 400;\">Asf\u00e9rick\u00e9 \u010do\u010dky, \u010do\u010dky s volnou plochou, matice \u010do\u010dek, kolim\u00e1tory, TIR optiky nebo Fresnelovy \u010do\u010dky jsou jen n\u011bkter\u00e9 z na\u0161ich v\u00fdrobk\u016f. V\u00edce informac\u00ed naleznete na str\u00e1nce o <\/span><a href=\"https:\/\/ecoglass-optic.com\/cs\/technicka-optika\/\"><span style=\"font-weight: 400;\">v\u00fdrobc\u00edch<\/span><\/a><span style=\"font-weight: 400;\">, na\u0161em <\/span><a href=\"https:\/\/www.lustroveovesy.cz\/opticke-cocky\/\" target=\"_blank\" rel=\"noopener\"><span style=\"font-weight: 400;\">e-shopu<\/span><\/a><span style=\"font-weight: 400;\"> nebo si m\u016f\u017eete <a href=\"https:\/\/ecoglass-optic.com\/cs\/downloads\/\">st\u00e1hnout<\/a> n\u00e1\u0161 <\/span><span style=\"font-weight: 400;\">katalog \u010do\u010dek<\/span><span style=\"font-weight: 400;\">.<\/span><\/p>\n<p style=\"text-align: justify;\"><span style=\"font-weight: 400;\">Mezi obl\u00edben\u00e9 optiky pat\u0159\u00ed na\u0161e <a href=\"https:\/\/www.lustroveovesy.cz\/cocka-pro-50w-led-120-a893-6622\/\" target=\"_blank\" rel=\"noopener\">\u0159ada \u010do\u010dek<\/a> speci\u00e1ln\u011b navr\u017een\u00e1 pro pr\u016fmyslov\u00e9 pou\u017eit\u00ed v n\u00e1ro\u010dn\u00fdch podm\u00ednk\u00e1ch. Stejn\u00e9 mont\u00e1\u017en\u00ed parametry pro celou <\/span><span style=\"font-weight: 400;\">\u0159adu t\u0159\u00ed \u010do\u010dek<\/span><span style=\"font-weight: 400;\"> s r\u016fzn\u00fdm vyza\u0159ovac\u00edm \u00fahlem umo\u017e\u0148uj\u00ed jejich snadn\u00e9 pou\u017eit\u00ed v identick\u00e9m sv\u00edtidle.<\/span><\/p>\n<p style=\"text-align: justify;\"><span style=\"font-weight: 400;\">Nab\u00edz\u00edme komplexn\u00ed servis v\u010detn\u011b <a href=\"https:\/\/ecoglass-optic.com\/cs\/poradenstvi\/\">optick\u00e9ho n\u00e1vrhu<\/a> nov\u00fdch komponent\u016f nebo optick\u00e9 simulace p\u0159i pou\u017eit\u00ed ji\u017e existuj\u00edc\u00edch optik. Zajist\u00edme v\u00fdrobu prototyp\u016f i s\u00e9riov\u00e9 dod\u00e1vky. Jsme vybaveni <\/span><a href=\"https:\/\/ecoglass-optic.com\/cs\/technicke-zazemi\/#fotometrickamereni\"><span style=\"font-weight: 400;\">temnou komorou<\/span><\/a><span style=\"font-weight: 400;\"> pro ov\u011b\u0159en\u00ed spr\u00e1vn\u00e9 funkce a m\u011b\u0159en\u00ed sv\u011bteln\u00fdch map.<\/span><\/p>\n<p style=\"text-align: justify;\"><span style=\"font-weight: 400;\">Na\u0161e komponenty se pou\u017e\u00edvaj\u00ed v osv\u011btlen\u00ed v architektu\u0159e, pr\u016fmyslov\u00fdch sv\u011btlech, v reflektorech v z\u00e1bavn\u00edm pr\u016fmyslu, v cel\u00e9 \u0159ad\u011b sv\u00edtidel pro vnit\u0159n\u00ed osv\u011btlen\u00ed a tak\u00e9 v <\/span><a href=\"https:\/\/ecoglass-optic.com\/cs\/verejna-osvetleni\/\"><span style=\"font-weight: 400;\">pouli\u010dn\u00edm osv\u011btlen\u00ed<\/span><\/a><span style=\"font-weight: 400;\">.<\/span><\/p>\n<p style=\"text-align: justify;\"><span style=\"font-weight: 400;\"><\/span><\/p>\n<ul style=\"text-align: justify;\">\n<li style=\"font-weight: 400;\" aria-level=\"1\"><span style=\"font-weight: 400;\">Pou\u017e\u00edv\u00e1me sodno-draseln\u00e9 sklo nebo borosilik\u00e1t, kter\u00fd je odoln\u011bj\u0161\u00ed p\u0159i teplotn\u00edch \u0161oc\u00edch nebo p\u0159i p\u016fsoben\u00ed chemik\u00e1li\u00ed.<\/span><\/li>\n<li style=\"font-weight: 400;\" aria-level=\"1\"><span style=\"font-weight: 400;\">Optick\u00e9 komponenty navrhujeme pomoc\u00ed programu TracePro.<\/span><\/li>\n<li style=\"font-weight: 400;\" aria-level=\"1\"><span style=\"font-weight: 400;\">Doporu\u010dujeme vhodnou mikrostrukturu na povrchu optick\u00fdch d\u00edl\u016f pro zm\u00edrn\u011bn\u00ed barevn\u00e9 vady.<\/span><\/li>\n<li style=\"font-weight: 400;\" aria-level=\"1\"><span style=\"font-weight: 400;\">Na\u0161e v\u00fdroba je vhodn\u00e1 pro v\u00fdrobky do velikosti p\u0159ibli\u017en\u011b 10 cm v pr\u016fm\u011bru a 300 gram\u016f v\u00e1hy. Ka\u017ed\u00fd limitn\u00ed v\u00fdrobek je ale t\u0159eba odborn\u011b posoudit a tak n\u00e1s nev\u00e1hejte <\/span><span style=\"font-weight: 400;\">kontaktovat<\/span><span style=\"font-weight: 400;\">.<\/span><\/li>\n<\/ul>\n<p>[\/et_pb_text][\/et_pb_column][\/et_pb_row][et_pb_row _builder_version=&#8220;4.27.0&#8243; _module_preset=&#8220;default&#8220; width=&#8220;90%&#8220; max_width=&#8220;1170px&#8220; global_colors_info=&#8220;{}&#8220;][et_pb_column type=&#8220;4_4&#8243; _builder_version=&#8220;4.27.0&#8243; _module_preset=&#8220;default&#8220; global_colors_info=&#8220;{}&#8220;][difl_imagecarousel arrow=&#8220;on&#8220; arrow_prev_icon_use_icon=&#8220;off&#8220; arrow_next_icon_use_icon=&#8220;off&#8220; arrow_color=&#8220;#0057a2&#8243; _builder_version=&#8220;4.27.0&#8243; _module_preset=&#8220;default&#8220; global_colors_info=&#8220;{}&#8220;][difl_imagecarouselitem image=&#8220;https:\/\/ecoglass-optic.com\/wp-content\/uploads\/2024\/09\/DSC5787General-Lighting.jpg&#8220; ic_button_button_url_new_window=&#8220;1&#8243; _builder_version=&#8220;4.27.0&#8243; _module_preset=&#8220;default&#8220; global_colors_info=&#8220;{}&#8220;][\/difl_imagecarouselitem][difl_imagecarouselitem image=&#8220;https:\/\/ecoglass-optic.com\/wp-content\/uploads\/2024\/09\/DSC5798General-Lighting.jpg&#8220; ic_button_button_url_new_window=&#8220;1&#8243; _builder_version=&#8220;4.27.0&#8243; _module_preset=&#8220;default&#8220; global_colors_info=&#8220;{}&#8220;][\/difl_imagecarouselitem][difl_imagecarouselitem image=&#8220;https:\/\/ecoglass-optic.com\/wp-content\/uploads\/2024\/09\/DSC5799General-Lighting.jpg&#8220; ic_button_button_url_new_window=&#8220;1&#8243; _builder_version=&#8220;4.27.0&#8243; _module_preset=&#8220;default&#8220; global_colors_info=&#8220;{}&#8220;][\/difl_imagecarouselitem][difl_imagecarouselitem image=&#8220;https:\/\/ecoglass-optic.com\/wp-content\/uploads\/2024\/09\/DSC5824General-Lighting.jpg&#8220; ic_button_button_url_new_window=&#8220;1&#8243; _builder_version=&#8220;4.27.0&#8243; _module_preset=&#8220;default&#8220; global_colors_info=&#8220;{}&#8220;][\/difl_imagecarouselitem][difl_imagecarouselitem image=&#8220;https:\/\/ecoglass-optic.com\/wp-content\/uploads\/2024\/09\/DSC5894General-Lighting.jpg&#8220; ic_button_button_url_new_window=&#8220;1&#8243; _builder_version=&#8220;4.27.0&#8243; _module_preset=&#8220;default&#8220; global_colors_info=&#8220;{}&#8220;][\/difl_imagecarouselitem][difl_imagecarouselitem image=&#8220;https:\/\/ecoglass-optic.com\/wp-content\/uploads\/2024\/09\/DSC5895General-Lighting.jpg&#8220; ic_button_button_url_new_window=&#8220;1&#8243; _builder_version=&#8220;4.27.0&#8243; _module_preset=&#8220;default&#8220; global_colors_info=&#8220;{}&#8220;][\/difl_imagecarouselitem][difl_imagecarouselitem image=&#8220;https:\/\/ecoglass-optic.com\/wp-content\/uploads\/2024\/09\/DSC5899.jpg&#8220; ic_button_button_url_new_window=&#8220;1&#8243; _builder_version=&#8220;4.27.0&#8243; _module_preset=&#8220;default&#8220; global_colors_info=&#8220;{}&#8220;][\/difl_imagecarouselitem][difl_imagecarouselitem image=&#8220;https:\/\/ecoglass-optic.com\/wp-content\/uploads\/2024\/09\/DSC6361.jpg&#8220; ic_button_button_url_new_window=&#8220;1&#8243; _builder_version=&#8220;4.27.0&#8243; _module_preset=&#8220;default&#8220; global_colors_info=&#8220;{}&#8220;][\/difl_imagecarouselitem][difl_imagecarouselitem image=&#8220;https:\/\/ecoglass-optic.com\/wp-content\/uploads\/2024\/09\/DSC6363.jpg&#8220; ic_button_button_url_new_window=&#8220;1&#8243; _builder_version=&#8220;4.27.0&#8243; _module_preset=&#8220;default&#8220; global_colors_info=&#8220;{}&#8220;][\/difl_imagecarouselitem][difl_imagecarouselitem image=&#8220;https:\/\/ecoglass-optic.com\/wp-content\/uploads\/2024\/09\/DSC6434.jpg&#8220; ic_button_button_url_new_window=&#8220;1&#8243; _builder_version=&#8220;4.27.0&#8243; _module_preset=&#8220;default&#8220; global_colors_info=&#8220;{}&#8220;][\/difl_imagecarouselitem][difl_imagecarouselitem image=&#8220;https:\/\/ecoglass-optic.com\/wp-content\/uploads\/2024\/09\/DSC6437.jpg&#8220; ic_button_button_url_new_window=&#8220;1&#8243; _builder_version=&#8220;4.27.0&#8243; _module_preset=&#8220;default&#8220; global_colors_info=&#8220;{}&#8220;][\/difl_imagecarouselitem][difl_imagecarouselitem image=&#8220;https:\/\/ecoglass-optic.com\/wp-content\/uploads\/2024\/09\/DSC6468.jpg&#8220; ic_button_button_url_new_window=&#8220;1&#8243; _builder_version=&#8220;4.27.0&#8243; _module_preset=&#8220;default&#8220; global_colors_info=&#8220;{}&#8220;][\/difl_imagecarouselitem][difl_imagecarouselitem image=&#8220;https:\/\/ecoglass-optic.com\/wp-content\/uploads\/2024\/09\/DSC6512.jpg&#8220; ic_button_button_url_new_window=&#8220;1&#8243; _builder_version=&#8220;4.27.0&#8243; _module_preset=&#8220;default&#8220; global_colors_info=&#8220;{}&#8220;][\/difl_imagecarouselitem][difl_imagecarouselitem image=&#8220;https:\/\/ecoglass-optic.com\/wp-content\/uploads\/2024\/09\/DSC6522.jpg&#8220; ic_button_button_url_new_window=&#8220;1&#8243; _builder_version=&#8220;4.27.0&#8243; _module_preset=&#8220;default&#8220; global_colors_info=&#8220;{}&#8220;][\/difl_imagecarouselitem][difl_imagecarouselitem image=&#8220;https:\/\/ecoglass-optic.com\/wp-content\/uploads\/2024\/09\/DSC6653.jpg&#8220; ic_button_button_url_new_window=&#8220;1&#8243; _builder_version=&#8220;4.27.0&#8243; _module_preset=&#8220;default&#8220; global_colors_info=&#8220;{}&#8220;][\/difl_imagecarouselitem][difl_imagecarouselitem image=&#8220;https:\/\/ecoglass-optic.com\/wp-content\/uploads\/2024\/09\/A010-6515.jpg&#8220; ic_button_button_url_new_window=&#8220;1&#8243; _builder_version=&#8220;4.27.0&#8243; _module_preset=&#8220;default&#8220; global_colors_info=&#8220;{}&#8220;][\/difl_imagecarouselitem][difl_imagecarouselitem image=&#8220;https:\/\/ecoglass-optic.com\/wp-content\/uploads\/2024\/09\/A053-1807.jpg&#8220; ic_button_button_url_new_window=&#8220;1&#8243; _builder_version=&#8220;4.27.0&#8243; _module_preset=&#8220;default&#8220; global_colors_info=&#8220;{}&#8220;][\/difl_imagecarouselitem][difl_imagecarouselitem image=&#8220;https:\/\/ecoglass-optic.com\/wp-content\/uploads\/2024\/09\/A116-7727.jpg&#8220; ic_button_button_url_new_window=&#8220;1&#8243; _builder_version=&#8220;4.27.0&#8243; _module_preset=&#8220;default&#8220; global_colors_info=&#8220;{}&#8220;][\/difl_imagecarouselitem][difl_imagecarouselitem image=&#8220;https:\/\/ecoglass-optic.com\/wp-content\/uploads\/2024\/09\/A469-CE-A.jpg&#8220; ic_button_button_url_new_window=&#8220;1&#8243; _builder_version=&#8220;4.27.0&#8243; _module_preset=&#8220;default&#8220; global_colors_info=&#8220;{}&#8220;][\/difl_imagecarouselitem][difl_imagecarouselitem image=&#8220;https:\/\/ecoglass-optic.com\/wp-content\/uploads\/2024\/09\/A470-C10-B.jpg&#8220; ic_button_button_url_new_window=&#8220;1&#8243; _builder_version=&#8220;4.27.0&#8243; _module_preset=&#8220;default&#8220; global_colors_info=&#8220;{}&#8220;][\/difl_imagecarouselitem][difl_imagecarouselitem image=&#8220;https:\/\/ecoglass-optic.com\/wp-content\/uploads\/2024\/09\/A471-C40-A.jpg&#8220; ic_button_button_url_new_window=&#8220;1&#8243; _builder_version=&#8220;4.27.0&#8243; _module_preset=&#8220;default&#8220; global_colors_info=&#8220;{}&#8220;][\/difl_imagecarouselitem][difl_imagecarouselitem image=&#8220;https:\/\/ecoglass-optic.com\/wp-content\/uploads\/2024\/09\/A508-4018-A.jpg&#8220; ic_button_button_url_new_window=&#8220;1&#8243; _builder_version=&#8220;4.27.0&#8243; _module_preset=&#8220;default&#8220; global_colors_info=&#8220;{}&#8220;][\/difl_imagecarouselitem][difl_imagecarouselitem image=&#8220;https:\/\/ecoglass-optic.com\/wp-content\/uploads\/2024\/09\/A559-5631-B.jpg&#8220; ic_button_button_url_new_window=&#8220;1&#8243; _builder_version=&#8220;4.27.0&#8243; _module_preset=&#8220;default&#8220; global_colors_info=&#8220;{}&#8220;][\/difl_imagecarouselitem][difl_imagecarouselitem image=&#8220;https:\/\/ecoglass-optic.com\/wp-content\/uploads\/2024\/09\/A650-8034-C.jpg&#8220; ic_button_button_url_new_window=&#8220;1&#8243; _builder_version=&#8220;4.27.0&#8243; _module_preset=&#8220;default&#8220; global_colors_info=&#8220;{}&#8220;][\/difl_imagecarouselitem][difl_imagecarouselitem image=&#8220;https:\/\/ecoglass-optic.com\/wp-content\/uploads\/2024\/09\/A892-6624.jpg&#8220; ic_button_button_url_new_window=&#8220;1&#8243; _builder_version=&#8220;4.27.0&#8243; _module_preset=&#8220;default&#8220; global_colors_info=&#8220;{}&#8220;][\/difl_imagecarouselitem][\/difl_imagecarousel][\/et_pb_column][\/et_pb_row][\/et_pb_section]<\/p>\n","protected":false},"excerpt":{"rendered":"<p>Optika pro osv\u011btlen\u00edECOGLASS, a.s. je v\u00fdrobcem sklen\u011bn\u00fdch komponent\u016f pro sv\u011bteln\u00e9 aplikace. Vyr\u00e1b\u00edme komponenty nejr\u016fzn\u011bj\u0161\u00edch tvar\u016f a velikost\u00ed pro LED nebo laserov\u00e9 zdroje podle vlastn\u00edho nebo z\u00e1kaznick\u00e9ho n\u00e1vrhu. Asf\u00e9rick\u00e9 \u010do\u010dky, \u010do\u010dky s volnou plochou, matice \u010do\u010dek, kolim\u00e1tory, TIR optiky nebo Fresnelovy \u010do\u010dky jsou jen n\u011bkter\u00e9 z na\u0161ich v\u00fdrobk\u016f. V\u00edce informac\u00ed naleznete na str\u00e1nce o v\u00fdrobc\u00edch, na\u0161em [&hellip;]<\/p>\n","protected":false},"author":2,"featured_media":0,"parent":0,"menu_order":0,"comment_status":"closed","ping_status":"closed","template":"","meta":{"_et_pb_use_builder":"on","_et_pb_old_content":"","_et_gb_content_width":"","footnotes":""},"difl_page_category":[],"class_list":["post-987513538","page","type-page","status-publish","hentry"],"_links":{"self":[{"href":"https:\/\/ecoglass-optic.com\/cs\/wp-json\/wp\/v2\/pages\/987513538","targetHints":{"allow":["GET"]}}],"collection":[{"href":"https:\/\/ecoglass-optic.com\/cs\/wp-json\/wp\/v2\/pages"}],"about":[{"href":"https:\/\/ecoglass-optic.com\/cs\/wp-json\/wp\/v2\/types\/page"}],"author":[{"embeddable":true,"href":"https:\/\/ecoglass-optic.com\/cs\/wp-json\/wp\/v2\/users\/2"}],"replies":[{"embeddable":true,"href":"https:\/\/ecoglass-optic.com\/cs\/wp-json\/wp\/v2\/comments?post=987513538"}],"version-history":[{"count":6,"href":"https:\/\/ecoglass-optic.com\/cs\/wp-json\/wp\/v2\/pages\/987513538\/revisions"}],"predecessor-version":[{"id":987516524,"href":"https:\/\/ecoglass-optic.com\/cs\/wp-json\/wp\/v2\/pages\/987513538\/revisions\/987516524"}],"wp:attachment":[{"href":"https:\/\/ecoglass-optic.com\/cs\/wp-json\/wp\/v2\/media?parent=987513538"}],"wp:term":[{"taxonomy":"difl_page_category","embeddable":true,"href":"https:\/\/ecoglass-optic.com\/cs\/wp-json\/wp\/v2\/difl_page_category?post=987513538"}],"curies":[{"name":"wp","href":"https:\/\/api.w.org\/{rel}","templated":true}]}}