{"id":987513531,"date":"2024-08-29T00:07:24","date_gmt":"2024-08-28T22:07:24","guid":{"rendered":"https:\/\/ecoglass-optic.com\/sponzorovani\/"},"modified":"2025-03-31T13:13:23","modified_gmt":"2025-03-31T11:13:23","slug":"sponzoring","status":"publish","type":"page","link":"https:\/\/ecoglass-optic.com\/cs\/sponzoring\/","title":{"rendered":"Sponzoring"},"content":{"rendered":"<p>[et_pb_section fb_built=&#8220;1&#8243; admin_label=&#8220;About&#8220; _builder_version=&#8220;4.25.1&#8243; _module_preset=&#8220;default&#8220; background_image=&#8220;https:\/\/ecoglass-optic.com\/wp-content\/uploads\/2024\/08\/prouzek-horni-popis.jpg&#8220; locked=&#8220;off&#8220; collapsed=&#8220;off&#8220; global_colors_info=&#8220;{}&#8220;][et_pb_row _builder_version=&#8220;4.21.0&#8243; _module_preset=&#8220;default&#8220; global_colors_info=&#8220;{}&#8220;][et_pb_column type=&#8220;4_4&#8243; _builder_version=&#8220;4.21.0&#8243; _module_preset=&#8220;default&#8220; global_colors_info=&#8220;{}&#8220;][et_pb_text _builder_version=&#8220;4.27.0&#8243; _module_preset=&#8220;default&#8220; header_font=&#8220;&#8211;et_global_heading_font|500||on|||||&#8220; header_text_align=&#8220;center&#8220; header_text_color=&#8220;#0158a2&#8243; header_font_size=&#8220;40px&#8220; header_line_height=&#8220;1.2em&#8220; header_font_size_tablet=&#8220;&#8220; header_font_size_phone=&#8220;30px&#8220; header_font_size_last_edited=&#8220;on|desktop&#8220; global_colors_info=&#8220;{}&#8220;]<\/p>\n<h1><strong>ECOGLASS Sponzoring<\/strong><\/h1>\n<p>[\/et_pb_text][\/et_pb_column][\/et_pb_row][\/et_pb_section][et_pb_section fb_built=&#8220;1&#8243; admin_label=&#8220;About&#8220; _builder_version=&#8220;4.27.0&#8243; _module_preset=&#8220;default&#8220; background_enable_image=&#8220;off&#8220; custom_padding=&#8220;30px||30px||true|false&#8220; locked=&#8220;off&#8220; collapsed=&#8220;on&#8220; global_colors_info=&#8220;{}&#8220;][et_pb_row _builder_version=&#8220;4.27.0&#8243; _module_preset=&#8220;default&#8220; width=&#8220;90%&#8220; max_width=&#8220;1170px&#8220; global_colors_info=&#8220;{}&#8220;][et_pb_column type=&#8220;4_4&#8243; _builder_version=&#8220;4.27.0&#8243; _module_preset=&#8220;default&#8220; global_colors_info=&#8220;{}&#8220;][et_pb_text _builder_version=&#8220;4.27.4&#8243; _module_preset=&#8220;default&#8220; text_font_size=&#8220;16px&#8220; link_font=&#8220;||||on||||&#8220; link_text_color=&#8220;#0057a2&#8243; hover_enabled=&#8220;0&#8243; text_font_size_tablet=&#8220;16px&#8220; text_font_size_phone=&#8220;14px&#8220; text_font_size_last_edited=&#8220;on|desktop&#8220; global_colors_info=&#8220;{}&#8220; sticky_enabled=&#8220;0&#8243;]<\/p>\n<ul>\n<li style=\"font-weight: 400;\" aria-level=\"1\"><a href=\"http:\/\/www.dmopobyty.cz\/\" target=\"_blank\" rel=\"noopener\"><span style=\"font-weight: 400;\">DMO POBYTY<\/span><\/a><span style=\"font-weight: 400;\"> &#8211; Rehabilita\u010dn\u00ed pobyty pro pacienty po d\u011btsk\u00e9 obrn\u011b<\/span><\/li>\n<li style=\"font-weight: 400;\" aria-level=\"1\"><a href=\"http:\/\/www.babybox.cz\/?p=firemni-darci&amp;selp=E\" target=\"_blank\" rel=\"noopener\"><span style=\"font-weight: 400;\">Babybox Jablonec nad Nisou<\/span><\/a><\/li>\n<li style=\"font-weight: 400;\" aria-level=\"1\"><span style=\"font-weight: 400;\">b\u011b\u017eeck\u00fd z\u00e1vod \u2013 Bakovsky p\u016flmaraton<\/span><\/li>\n<li style=\"font-weight: 400;\" aria-level=\"1\"><a href=\"http:\/\/new.sokolmh.cz\/\" target=\"_blank\" rel=\"noopener\"><span style=\"font-weight: 400;\">TJ Sokol Mnichovo Hradi\u0161t\u011b<\/span><\/a><\/li>\n<li style=\"font-weight: 400;\" aria-level=\"1\"><span style=\"font-weight: 400;\">TJ Velk\u00e9 Hamry<\/span><\/li>\n<li style=\"font-weight: 400;\" aria-level=\"1\"><span style=\"font-weight: 400;\">Sdru\u017een\u00ed po\u0159\u00e1daj\u00edc\u00ed sportovn\u00ed akce &#8211; IMPSQUAD<\/span><\/li>\n<li style=\"font-weight: 400;\" aria-level=\"1\"><a href=\"https:\/\/snncr.cz\/%20\" target=\"_blank\" rel=\"noopener\"><span style=\"font-weight: 400;\">Svaz nesly\u0161\u00edc\u00edch a nedosl\u00fdchav\u00fdch \u010cR, Praha<\/span><\/a><\/li>\n<li style=\"font-weight: 400;\" aria-level=\"1\"><span style=\"font-weight: 400;\"><a href=\"https:\/\/www.domovmaxov.eu\/\" target=\"_blank\" rel=\"noopener\">\u00dastav soci\u00e1ln\u00ed p\u00e9\u010de Horn\u00ed Maxov<\/a> \u2013 p\u0159\u00edsp\u011bvek na \u201esoci\u00e1ln\u00ed automobil\u201c<\/span><\/li>\n<li style=\"font-weight: 400;\" aria-level=\"1\"><a href=\"https:\/\/www.hasici-mh-sdh.cz\/\" target=\"_blank\" rel=\"noopener\"><span style=\"font-weight: 400;\">Sbor dobrovoln\u00fdch hasi\u010d\u016f Mnichovo Hradi\u0161t\u011b<\/span><\/a><\/li>\n<li style=\"font-weight: 400;\" aria-level=\"1\"><span style=\"font-weight: 400;\">Sbor dobrovoln\u00fdch hasi\u010d\u016f Mar\u0161ovice<\/span><\/li>\n<li style=\"font-weight: 400;\" aria-level=\"1\"><span style=\"font-weight: 400;\">Rehabilita\u010dn\u00ed pobyty dosp\u011bl\u00fdch (\u010ceskoslovensk\u00e1 rehab. spole\u010dnost Dr. Vojty)\u00a0\u00a0<\/span><\/li>\n<li style=\"font-weight: 400;\" aria-level=\"1\"><span style=\"font-weight: 400;\">Jazz Art Production v.o.s.<\/span><\/li>\n<li style=\"font-weight: 400;\" aria-level=\"1\"><a href=\"http:\/\/www.atletikajbc.cz\/\" target=\"_blank\" rel=\"noopener\"><span style=\"font-weight: 400;\">Atletick\u00fd odd\u00edl TJ LIAZ Jablonec nad Nisou<\/span><\/a><\/li>\n<li style=\"font-weight: 400;\" aria-level=\"1\"><span style=\"font-weight: 400;\">AMK ATESO \u2013 Technick\u00e9 sporty Pojize\u0159\u00ed<\/span><\/li>\n<li style=\"font-weight: 400;\" aria-level=\"1\"><span style=\"font-weight: 400;\">TJ Slavia odd\u011blen\u00ed t\u011blesn\u011b posti\u017een\u00fdch, Liberec<\/span><\/li>\n<li style=\"font-weight: 400;\" aria-level=\"1\"><span style=\"font-weight: 400;\">D\u011btsk\u00fd p\u011bveck\u00fd sbor Vrab\u010d\u00e1ci Jablonec nad Nisou\u00a0\u00a0<\/span><\/li>\n<li style=\"font-weight: 400;\" aria-level=\"1\"><a href=\"http:\/\/www.zcu.cz\/\" target=\"_blank\" rel=\"noopener\"><span style=\"font-weight: 400;\">Z\u00e1pado\u010desk\u00e1 univerzita v Plzni<\/span><\/a><\/li>\n<li style=\"font-weight: 400;\" aria-level=\"1\"><a href=\"https:\/\/www.obec-marsovice.cz\/\" target=\"_blank\" rel=\"noopener\"><span style=\"font-weight: 400;\">O\u00da Mar\u0161ovice<\/span><\/a><\/li>\n<li style=\"font-weight: 400;\" aria-level=\"1\"><a href=\"http:\/\/www.glassschool.cz\/\" target=\"_blank\" rel=\"noopener\"><span style=\"font-weight: 400;\">Skl\u00e1\u0159sk\u00e9 \u0161koly a u\u010dili\u0161t\u011b Nov\u00fd Bor<\/span><\/a><\/li>\n<li style=\"font-weight: 400;\" aria-level=\"1\"><a href=\"http:\/\/www.vscht.cz\/\" target=\"_blank\" rel=\"noopener\"><span style=\"font-weight: 400;\">V\u0160CHT Praha<\/span><\/a><\/li>\n<li style=\"font-weight: 400;\" aria-level=\"1\"><a href=\"http:\/\/www.supss.cz\/\" target=\"_blank\" rel=\"noopener\"><span style=\"font-weight: 400;\">SUP\u0160S \u017delezn\u00fd Brod<\/span><\/a><\/li>\n<li style=\"font-weight: 400;\" aria-level=\"1\"><span style=\"font-weight: 400;\">Mysliveck\u00e9 sdru\u017een\u00ed Ob\u016frka<\/span><\/li>\n<li style=\"font-weight: 400;\" aria-level=\"1\"><a href=\"http:\/\/www.gymnp.cz\/\" target=\"_blank\" rel=\"noopener\"><span style=\"font-weight: 400;\">Gymn\u00e1zium Nov\u00e1 paka<\/span><\/a><\/li>\n<li style=\"font-weight: 400;\" aria-level=\"1\"><a href=\"http:\/\/www.tjbizuterie.cz\/\" target=\"_blank\" rel=\"noopener\"><span style=\"font-weight: 400;\">TJ Bi\u017euterie<\/span><\/a><\/li>\n<li style=\"font-weight: 400;\" aria-level=\"1\"><span style=\"font-weight: 400;\">Svaz t\u011blesn\u011b posti\u017een\u00fdch Nov\u00e1 Paka<\/span><\/li>\n<li style=\"font-weight: 400;\" aria-level=\"1\"><a href=\"http:\/\/www.sportjablonec.cz\/\" target=\"_blank\" rel=\"noopener\"><span style=\"font-weight: 400;\">SPORT Jablonec nad Nisou<\/span><\/a><\/li>\n<li style=\"font-weight: 400;\" aria-level=\"1\"><span style=\"font-weight: 400;\">turnaj v ml\u00e1de\u017enick\u00e9 kopan\u00e9 ONE-STEP CUP 2011 O Poh\u00e1r P\u0159edsedy LKFS po\u0159\u00e1dan\u00fd spole\u010dnost\u00ed one-step CZ, s.r.o.\u00a0\u00a0<\/span><\/li>\n<li style=\"font-weight: 400;\" aria-level=\"1\"><span style=\"font-weight: 400;\">OS pro voln\u00fd \u010das Mar\u0161ovice<\/span><\/li>\n<li style=\"font-weight: 400;\" aria-level=\"1\"><a href=\"http:\/\/www.ipacz.cz\/\" target=\"_blank\" rel=\"noopener\"><span style=\"font-weight: 400;\">International Police Association \u2013 sekce \u010cesk\u00e9 republiky<\/span><\/a><\/li>\n<li style=\"font-weight: 400;\" aria-level=\"1\"><span style=\"font-weight: 400;\">OS Jabloneck\u00e1 p\u0159ehrada\u00a0\u00a0<\/span><\/li>\n<li style=\"font-weight: 400;\" aria-level=\"1\"><a href=\"http:\/\/www.ddm-mb.cz\/\" target=\"_blank\" rel=\"noopener\"><span style=\"font-weight: 400;\">D\u016fm d\u011bt\u00ed a ml\u00e1de\u017ee, Mlad\u00e1 Boleslav<\/span><\/a><\/li>\n<li style=\"font-weight: 400;\" aria-level=\"1\"><span style=\"font-weight: 400;\"><a href=\"https:\/\/www.czplk.cz\/\" target=\"_blank\" rel=\"noopener\">Centrum pro zdravotn\u011b posti\u017een\u00e9<\/a>, Liberec<\/span><\/li>\n<li style=\"font-weight: 400;\" aria-level=\"1\"><span style=\"font-weight: 400;\">\u010cesk\u00fd \u010derven\u00fd k\u0159\u00ed\u017e &#8211; publikace <a href=\"chrome-extension:\/\/efaidnbmnnnibpcajpcglclefindmkaj\/https:\/\/www.cervenykriz.eu\/files\/files\/cz\/edicedeti\/PPuDeti.pdf\">Prvn\u00ed pomoc u d\u011bt\u00ed<\/a><\/span><\/li>\n<li style=\"font-weight: 400;\" aria-level=\"1\"><a href=\"https:\/\/www.fokus-mb.cz\/\" target=\"_blank\" rel=\"noopener\"><span style=\"font-weight: 400;\">FOKUS Mlad\u00e1 Boleslav z.s.<\/span><\/a><\/li>\n<li style=\"font-weight: 400;\" aria-level=\"1\"><span style=\"font-weight: 400;\">Spolek rodi\u010d\u016f a p\u0159\u00e1tel d\u011bt\u00ed a \u0161koly p\u0159i ZU\u0160 &#8211; <a href=\"https:\/\/www.zusjbc.cz\/vzd%C4%9Bl%C3%A1v%C3%A1n%C3%AD\/p%C4%9Bveck%C3%A9-sbory\" target=\"_blank\" rel=\"noopener\">d\u011btsk\u00fd p\u011bveck\u00fd sbor Iuventus, gaude!<\/a><\/span><\/li>\n<li style=\"font-weight: 400;\" aria-level=\"1\"><a href=\"https:\/\/ouklejcup.mrk.cz\/\" target=\"_blank\" rel=\"noopener\"><span style=\"font-weight: 400;\">OUKLEJ cup Vesel\u00e1<\/span><\/a><\/li>\n<\/ul>\n<p>[\/et_pb_text][\/et_pb_column][\/et_pb_row][\/et_pb_section]<\/p>\n","protected":false},"excerpt":{"rendered":"<p>ECOGLASS Sponzoring DMO POBYTY &#8211; Rehabilita\u010dn\u00ed pobyty pro pacienty po d\u011btsk\u00e9 obrn\u011b Babybox Jablonec nad Nisou b\u011b\u017eeck\u00fd z\u00e1vod \u2013 Bakovsky p\u016flmaraton TJ Sokol Mnichovo Hradi\u0161t\u011b TJ Velk\u00e9 Hamry Sdru\u017een\u00ed po\u0159\u00e1daj\u00edc\u00ed sportovn\u00ed akce &#8211; IMPSQUAD Svaz nesly\u0161\u00edc\u00edch a nedosl\u00fdchav\u00fdch \u010cR, Praha \u00dastav soci\u00e1ln\u00ed p\u00e9\u010de Horn\u00ed Maxov \u2013 p\u0159\u00edsp\u011bvek na \u201esoci\u00e1ln\u00ed automobil\u201c Sbor dobrovoln\u00fdch hasi\u010d\u016f Mnichovo Hradi\u0161t\u011b [&hellip;]<\/p>\n","protected":false},"author":2,"featured_media":0,"parent":0,"menu_order":0,"comment_status":"closed","ping_status":"closed","template":"","meta":{"_et_pb_use_builder":"on","_et_pb_old_content":"","_et_gb_content_width":"","footnotes":""},"difl_page_category":[],"class_list":["post-987513531","page","type-page","status-publish","hentry"],"_links":{"self":[{"href":"https:\/\/ecoglass-optic.com\/cs\/wp-json\/wp\/v2\/pages\/987513531","targetHints":{"allow":["GET"]}}],"collection":[{"href":"https:\/\/ecoglass-optic.com\/cs\/wp-json\/wp\/v2\/pages"}],"about":[{"href":"https:\/\/ecoglass-optic.com\/cs\/wp-json\/wp\/v2\/types\/page"}],"author":[{"embeddable":true,"href":"https:\/\/ecoglass-optic.com\/cs\/wp-json\/wp\/v2\/users\/2"}],"replies":[{"embeddable":true,"href":"https:\/\/ecoglass-optic.com\/cs\/wp-json\/wp\/v2\/comments?post=987513531"}],"version-history":[{"count":2,"href":"https:\/\/ecoglass-optic.com\/cs\/wp-json\/wp\/v2\/pages\/987513531\/revisions"}],"predecessor-version":[{"id":987515311,"href":"https:\/\/ecoglass-optic.com\/cs\/wp-json\/wp\/v2\/pages\/987513531\/revisions\/987515311"}],"wp:attachment":[{"href":"https:\/\/ecoglass-optic.com\/cs\/wp-json\/wp\/v2\/media?parent=987513531"}],"wp:term":[{"taxonomy":"difl_page_category","embeddable":true,"href":"https:\/\/ecoglass-optic.com\/cs\/wp-json\/wp\/v2\/difl_page_category?post=987513531"}],"curies":[{"name":"wp","href":"https:\/\/api.w.org\/{rel}","templated":true}]}}