{"id":987513528,"date":"2024-08-28T00:03:45","date_gmt":"2024-08-27T22:03:45","guid":{"rendered":"https:\/\/ecoglass-optic.com\/primarni-optika-led\/"},"modified":"2025-08-18T09:45:11","modified_gmt":"2025-08-18T07:45:11","slug":"primarni-optika-led","status":"publish","type":"page","link":"https:\/\/ecoglass-optic.com\/cs\/primarni-optika-led\/","title":{"rendered":"Prim\u00e1rn\u00ed optika LED"},"content":{"rendered":"<p>[et_pb_section fb_built=&#8220;1&#8243; fullwidth=&#8220;on&#8220; _builder_version=&#8220;4.27.4&#8243; _module_preset=&#8220;default&#8220; global_colors_info=&#8220;{}&#8220;][et_pb_fullwidth_image src=&#8220;https:\/\/ecoglass-optic.com\/wp-content\/uploads\/2025\/07\/LED-primary-optics_final_70.jpg&#8220; title_text=&#8220;LED primary optics_final_70%&#8220; _builder_version=&#8220;4.27.4&#8243; _module_preset=&#8220;default&#8220; global_colors_info=&#8220;{}&#8220;][\/et_pb_fullwidth_image][\/et_pb_section][et_pb_section fb_built=&#8220;1&#8243; admin_label=&#8220;About&#8220; _builder_version=&#8220;4.25.1&#8243; _module_preset=&#8220;default&#8220; background_image=&#8220;https:\/\/ecoglass-optic.com\/wp-content\/uploads\/2024\/08\/prouzek-horni-popis.jpg&#8220; locked=&#8220;off&#8220; collapsed=&#8220;off&#8220; global_colors_info=&#8220;{}&#8220;][et_pb_row _builder_version=&#8220;4.27.4&#8243; _module_preset=&#8220;default&#8220; custom_margin_tablet=&#8220;-25px||-25px||false|false&#8220; custom_margin_phone=&#8220;-30px||-35px||false|false&#8220; custom_margin_last_edited=&#8220;on|desktop&#8220; global_colors_info=&#8220;{}&#8220;][et_pb_column type=&#8220;4_4&#8243; _builder_version=&#8220;4.21.0&#8243; _module_preset=&#8220;default&#8220; global_colors_info=&#8220;{}&#8220;][et_pb_text _builder_version=&#8220;4.27.4&#8243; _module_preset=&#8220;default&#8220; header_font=&#8220;&#8211;et_global_heading_font|500||on|||||&#8220; header_text_align=&#8220;center&#8220; header_text_color=&#8220;#0158a2&#8243; header_font_size=&#8220;40px&#8220; header_line_height=&#8220;1.2em&#8220; custom_margin=&#8220;||-25px||false|false&#8220; custom_margin_tablet=&#8220;-15px||-40px||false|false&#8220; custom_margin_phone=&#8220;-15px||-50px||false|false&#8220; custom_margin_last_edited=&#8220;on|phone&#8220; header_font_size_tablet=&#8220;23px&#8220; header_font_size_phone=&#8220;17px&#8220; header_font_size_last_edited=&#8220;on|phone&#8220; global_colors_info=&#8220;{}&#8220;]<\/p>\n<h1><strong>Prim\u00e1rn\u00ed optika pro LED<\/strong><\/h1>\n<p>[\/et_pb_text][\/et_pb_column][\/et_pb_row][\/et_pb_section][et_pb_section fb_built=&#8220;1&#8243; _builder_version=&#8220;4.27.0&#8243; _module_preset=&#8220;default&#8220; global_colors_info=&#8220;{}&#8220;][et_pb_row custom_padding_last_edited=&#8220;on|phone&#8220; _builder_version=&#8220;4.27.4&#8243; _module_preset=&#8220;default&#8220; width=&#8220;90%&#8220; max_width=&#8220;1170px&#8220; custom_padding=&#8220;0px||||false|false&#8220; custom_padding_tablet=&#8220;0px||||false|false&#8220; custom_padding_phone=&#8220;0px||||false|false&#8220; global_colors_info=&#8220;{}&#8220;][et_pb_column type=&#8220;4_4&#8243; _builder_version=&#8220;4.25.1&#8243; _module_preset=&#8220;default&#8220; global_colors_info=&#8220;{}&#8220;][et_pb_text content_tablet=&#8220;<\/p>\n<p style=%22text-align: justify;%22><span style=%22font-weight: 400;%22>Sklen\u011bn\u00e1 optika se pou\u017e\u00edv\u00e1 k ochran\u011b \u010dipu LED p\u0159ed degradac\u00ed nebo k nastaven\u00ed \u00fahlu osv\u011btlen\u00ed.<br \/>Optiku mal\u00fdch rozm\u011br\u016f lze vyrobit pomoc\u00ed na\u0161eho procesu ru\u010dn\u00edho tvarov\u00e1n\u00ed, aby bylo dosa\u017eeno vysok\u00e9 kvality a tvarov\u00e9 p\u0159esnosti. <\/span><\/p>\n<p style=%22text-align: justify;%22><span style=%22font-weight: 400;%22>Jsme p\u0159ipraveni v\u00e1m pomoci s optick\u00fdm designem. <\/span><\/p>\n<p style=%22text-align: justify;%22><span style=%22font-weight: 400;%22>Podobn\u00e9 mal\u00e9 optick\u00e9 prvky lze pou\u017e\u00edt jako prim\u00e1rn\u00ed optiku ve sv\u011btlometech automobil\u016f.<\/span><\/p>\n<p>&#8220; content_phone=&#8220;<\/p>\n<p style=%22text-align: justify;%22><span style=%22font-weight: 400;%22>Sklen\u011bn\u00e1 optika se pou\u017e\u00edv\u00e1 k ochran\u011b \u010dipu LED p\u0159ed degradac\u00ed nebo k nastaven\u00ed \u00fahlu osv\u011btlen\u00ed.<br \/>Optiku mal\u00fdch rozm\u011br\u016f lze vyrobit pomoc\u00ed na\u0161eho procesu ru\u010dn\u00edho tvarov\u00e1n\u00ed, aby bylo dosa\u017eeno vysok\u00e9 kvality a tvarov\u00e9 p\u0159esnosti. <\/span><\/p>\n<p style=%22text-align: justify;%22><span style=%22font-weight: 400;%22>Jsme p\u0159ipraveni v\u00e1m pomoci s optick\u00fdm designem. <\/span><\/p>\n<p style=%22text-align: justify;%22><span style=%22font-weight: 400;%22>Podobn\u00e9 mal\u00e9 optick\u00e9 prvky lze pou\u017e\u00edt jako prim\u00e1rn\u00ed optiku ve sv\u011btlometech automobil\u016f.<\/span><\/p>\n<p>&#8220; content_last_edited=&#8220;on|phone&#8220; _builder_version=&#8220;4.27.4&#8243; _module_preset=&#8220;default&#8220; hover_enabled=&#8220;0&#8243; text_font_tablet=&#8220;&#8220; text_font_phone=&#8220;&#8220; text_font_last_edited=&#8220;on|desktop&#8220; text_text_color_tablet=&#8220;&#8220; text_text_color_phone=&#8220;&#8220; text_text_color_last_edited=&#8220;on|desktop&#8220; text_font_size_tablet=&#8220;16px&#8220; text_font_size_phone=&#8220;16px&#8220; text_font_size_last_edited=&#8220;on|phone&#8220; text_letter_spacing_tablet=&#8220;&#8220; text_letter_spacing_phone=&#8220;&#8220; text_letter_spacing_last_edited=&#8220;on|desktop&#8220; text_line_height_tablet=&#8220;&#8220; text_line_height_phone=&#8220;&#8220; text_line_height_last_edited=&#8220;on|desktop&#8220; text_orientation_tablet=&#8220;&#8220; text_orientation_phone=&#8220;&#8220; text_orientation_last_edited=&#8220;on|desktop&#8220; background_layout_tablet=&#8220;&#8220; background_layout_phone=&#8220;&#8220; background_layout_last_edited=&#8220;on|desktop&#8220; global_colors_info=&#8220;{}&#8220; sticky_enabled=&#8220;0&#8243;]<\/p>\n<p style=\"text-align: justify;\"><span style=\"font-weight: 400;\">Pro optim\u00e1ln\u00ed a dlouhodobou funkci m\u016f\u017ee b\u00fdt LED \u010dip chr\u00e1n\u011bn sklen\u011bnou prim\u00e1rn\u00ed optikou. Takov\u00e1to optika m\u016f\u017ee plnit funkci ochrannou nebo i optickou, pokud je spr\u00e1vn\u011b navr\u017eena. N\u00e1\u0161 v\u00fdrobn\u00ed postup pomoc\u00ed ru\u010dn\u00edho lisov\u00e1n\u00ed zaru\u010d\u00ed tvarovou p\u0159esnost s vysokou kvalitou povrchu.<\/span><\/p>\n<p style=\"text-align: justify;\"><span style=\"font-weight: 400;\">Na podobn\u00e9m principu funguj\u00ed i <\/span><a href=\"https:\/\/ecoglass-optic.com\/cs\/autococky\/\"><span style=\"font-weight: 400;\">prim\u00e1rn\u00ed optiky v reflektorech aut<\/span><\/a><span style=\"font-weight: 400;\">. V t\u00e9to oblasti m\u00e1me dlouholet\u00e9 zku\u0161enosti.<\/span><\/p>\n<p style=\"text-align: justify;\"><span style=\"font-weight: 400;\">Pokud pot\u0159ebujete poradit s <a href=\"https:\/\/ecoglass-optic.com\/cs\/poradenstvi\/\">optick\u00fdm designem<\/a>, nev\u00e1hejte n\u00e1s <a href=\"https:\/\/ecoglass-optic.com\/cs\/kontakty\/\">kontaktovat<\/a><\/span><span style=\"font-weight: 400;\">.<\/span><\/p>\n<p>[\/et_pb_text][\/et_pb_column][\/et_pb_row][et_pb_row _builder_version=&#8220;4.27.0&#8243; _module_preset=&#8220;default&#8220; width=&#8220;90%&#8220; max_width=&#8220;1170px&#8220; global_colors_info=&#8220;{}&#8220;][et_pb_column type=&#8220;4_4&#8243; _builder_version=&#8220;4.27.0&#8243; _module_preset=&#8220;default&#8220; global_colors_info=&#8220;{}&#8220;][difl_imagecarousel arrow=&#8220;on&#8220; arrow_prev_icon_use_icon=&#8220;off&#8220; arrow_next_icon_use_icon=&#8220;off&#8220; arrow_color=&#8220;#0057a2&#8243; _builder_version=&#8220;4.27.0&#8243; _module_preset=&#8220;default&#8220; global_colors_info=&#8220;{}&#8220;][difl_imagecarouselitem image=&#8220;https:\/\/ecoglass-optic.com\/wp-content\/uploads\/2024\/08\/DSC6475.jpg&#8220; ic_button_button_url_new_window=&#8220;1&#8243; _builder_version=&#8220;4.27.0&#8243; _module_preset=&#8220;default&#8220; global_colors_info=&#8220;{}&#8220;][\/difl_imagecarouselitem][difl_imagecarouselitem image=&#8220;https:\/\/ecoglass-optic.com\/wp-content\/uploads\/2024\/08\/DSC6520.jpg&#8220; ic_button_button_url_new_window=&#8220;1&#8243; _builder_version=&#8220;4.27.0&#8243; _module_preset=&#8220;default&#8220; global_colors_info=&#8220;{}&#8220;][\/difl_imagecarouselitem][difl_imagecarouselitem image=&#8220;https:\/\/ecoglass-optic.com\/wp-content\/uploads\/2024\/08\/DSC6521.jpg&#8220; ic_button_button_url_new_window=&#8220;1&#8243; _builder_version=&#8220;4.27.0&#8243; _module_preset=&#8220;default&#8220; global_colors_info=&#8220;{}&#8220;][\/difl_imagecarouselitem][difl_imagecarouselitem image=&#8220;https:\/\/ecoglass-optic.com\/wp-content\/uploads\/2024\/09\/DSC6522.jpg&#8220; ic_button_button_url_new_window=&#8220;1&#8243; _builder_version=&#8220;4.27.0&#8243; _module_preset=&#8220;default&#8220; global_colors_info=&#8220;{}&#8220;][\/difl_imagecarouselitem][\/difl_imagecarousel][\/et_pb_column][\/et_pb_row][\/et_pb_section]<\/p>\n","protected":false},"excerpt":{"rendered":"<p>Prim\u00e1rn\u00ed optika pro LEDPro optim\u00e1ln\u00ed a dlouhodobou funkci m\u016f\u017ee b\u00fdt LED \u010dip chr\u00e1n\u011bn sklen\u011bnou prim\u00e1rn\u00ed optikou. Takov\u00e1to optika m\u016f\u017ee plnit funkci ochrannou nebo i optickou, pokud je spr\u00e1vn\u011b navr\u017eena. N\u00e1\u0161 v\u00fdrobn\u00ed postup pomoc\u00ed ru\u010dn\u00edho lisov\u00e1n\u00ed zaru\u010d\u00ed tvarovou p\u0159esnost s vysokou kvalitou povrchu. Na podobn\u00e9m principu funguj\u00ed i prim\u00e1rn\u00ed optiky v reflektorech aut. V t\u00e9to oblasti [&hellip;]<\/p>\n","protected":false},"author":2,"featured_media":0,"parent":0,"menu_order":0,"comment_status":"closed","ping_status":"closed","template":"","meta":{"_et_pb_use_builder":"on","_et_pb_old_content":"","_et_gb_content_width":"","footnotes":""},"difl_page_category":[],"class_list":["post-987513528","page","type-page","status-publish","hentry"],"_links":{"self":[{"href":"https:\/\/ecoglass-optic.com\/cs\/wp-json\/wp\/v2\/pages\/987513528","targetHints":{"allow":["GET"]}}],"collection":[{"href":"https:\/\/ecoglass-optic.com\/cs\/wp-json\/wp\/v2\/pages"}],"about":[{"href":"https:\/\/ecoglass-optic.com\/cs\/wp-json\/wp\/v2\/types\/page"}],"author":[{"embeddable":true,"href":"https:\/\/ecoglass-optic.com\/cs\/wp-json\/wp\/v2\/users\/2"}],"replies":[{"embeddable":true,"href":"https:\/\/ecoglass-optic.com\/cs\/wp-json\/wp\/v2\/comments?post=987513528"}],"version-history":[{"count":2,"href":"https:\/\/ecoglass-optic.com\/cs\/wp-json\/wp\/v2\/pages\/987513528\/revisions"}],"predecessor-version":[{"id":987516527,"href":"https:\/\/ecoglass-optic.com\/cs\/wp-json\/wp\/v2\/pages\/987513528\/revisions\/987516527"}],"wp:attachment":[{"href":"https:\/\/ecoglass-optic.com\/cs\/wp-json\/wp\/v2\/media?parent=987513528"}],"wp:term":[{"taxonomy":"difl_page_category","embeddable":true,"href":"https:\/\/ecoglass-optic.com\/cs\/wp-json\/wp\/v2\/difl_page_category?post=987513528"}],"curies":[{"name":"wp","href":"https:\/\/api.w.org\/{rel}","templated":true}]}}