{"id":987513525,"date":"2024-08-28T00:06:01","date_gmt":"2024-08-27T22:06:01","guid":{"rendered":"https:\/\/ecoglass-optic.com\/dopravni-zobrazovaci-panely\/"},"modified":"2025-08-18T09:57:53","modified_gmt":"2025-08-18T07:57:53","slug":"optika-pro-dopravni-systemy","status":"publish","type":"page","link":"https:\/\/ecoglass-optic.com\/cs\/optika-pro-dopravni-systemy\/","title":{"rendered":"Dopravn\u00ed zobrazovac\u00ed panely"},"content":{"rendered":"<p>[et_pb_section fb_built=&#8220;1&#8243; fullwidth=&#8220;on&#8220; _builder_version=&#8220;4.27.4&#8243; _module_preset=&#8220;default&#8220; global_colors_info=&#8220;{}&#8220;][et_pb_fullwidth_image src=&#8220;https:\/\/ecoglass-optic.com\/wp-content\/uploads\/2025\/07\/Traffic-Display-Panels_final_70.jpg&#8220; title_text=&#8220;Traffic Display Panels_final_70%&#8220; _builder_version=&#8220;4.27.4&#8243; _module_preset=&#8220;default&#8220; global_colors_info=&#8220;{}&#8220;][\/et_pb_fullwidth_image][\/et_pb_section][et_pb_section fb_built=&#8220;1&#8243; admin_label=&#8220;About&#8220; _builder_version=&#8220;4.25.1&#8243; _module_preset=&#8220;default&#8220; background_image=&#8220;https:\/\/ecoglass-optic.com\/wp-content\/uploads\/2024\/08\/prouzek-horni-popis.jpg&#8220; locked=&#8220;off&#8220; collapsed=&#8220;off&#8220; global_colors_info=&#8220;{}&#8220;][et_pb_row _builder_version=&#8220;4.27.4&#8243; _module_preset=&#8220;default&#8220; custom_margin_tablet=&#8220;-25px||-25px||false|false&#8220; custom_margin_phone=&#8220;-30px||-35px||false|false&#8220; custom_margin_last_edited=&#8220;on|phone&#8220; global_colors_info=&#8220;{}&#8220;][et_pb_column type=&#8220;4_4&#8243; _builder_version=&#8220;4.21.0&#8243; _module_preset=&#8220;default&#8220; global_colors_info=&#8220;{}&#8220;][et_pb_text _builder_version=&#8220;4.27.4&#8243; _module_preset=&#8220;default&#8220; header_font=&#8220;&#8211;et_global_heading_font|500||on|||||&#8220; header_text_align=&#8220;center&#8220; header_text_color=&#8220;#0158a2&#8243; header_font_size=&#8220;40px&#8220; header_line_height=&#8220;1.2em&#8220; custom_margin=&#8220;||-25px||false|false&#8220; custom_margin_tablet=&#8220;-15px||-40px||false|false&#8220; custom_margin_phone=&#8220;-15px||-50px||false|false&#8220; custom_margin_last_edited=&#8220;on|phone&#8220; header_font_size_tablet=&#8220;23px&#8220; header_font_size_phone=&#8220;17px&#8220; header_font_size_last_edited=&#8220;on|phone&#8220; global_colors_info=&#8220;{}&#8220;]<\/p>\n<h1><strong>Optika pro informa\u010dn\u00ed panely<\/strong><\/h1>\n<p>[\/et_pb_text][\/et_pb_column][\/et_pb_row][\/et_pb_section][et_pb_section fb_built=&#8220;1&#8243; _builder_version=&#8220;4.27.0&#8243; _module_preset=&#8220;default&#8220; global_colors_info=&#8220;{}&#8220;][et_pb_row custom_padding_last_edited=&#8220;on|phone&#8220; _builder_version=&#8220;4.27.4&#8243; _module_preset=&#8220;default&#8220; width=&#8220;90%&#8220; max_width=&#8220;1170px&#8220; custom_margin=&#8220;-10px||||false|false&#8220; custom_padding=&#8220;0px||||false|false&#8220; custom_padding_tablet=&#8220;0px||||false|false&#8220; custom_padding_phone=&#8220;0px||||false|false&#8220; global_colors_info=&#8220;{}&#8220;][et_pb_column type=&#8220;4_4&#8243; _builder_version=&#8220;4.25.1&#8243; _module_preset=&#8220;default&#8220; global_colors_info=&#8220;{}&#8220;][et_pb_text content_tablet=&#8220;<\/p>\n<p style=%22text-align: justify;%22><span style=%22font-weight: 400;%22>Sklen\u011bn\u00e1 optika je pro dopravn\u00ed zobrazovac\u00ed panely optim\u00e1ln\u00ed d\u00edky sv\u00fdm materi\u00e1lov\u00fdm v\u00fdhod\u00e1m:<\/span><\/p>\n<p style=%22text-align: justify;%22><span style=%22font-weight: 400;%22><\/span><\/p>\n<ul style=%22text-align: justify;%22>\n<li><span style=%22font-weight: 400;%22>Chemick\u00e1 a tepeln\u00e1 stabilita skla umo\u017e\u0148uje \u010di\u0161t\u011bn\u00ed panel\u016f chemik\u00e1liemi nebo vysokou teplotou i proudem vody bez rizika degradace.<\/span><\/li>\n<\/ul>\n<ul style=%22text-align: justify;%22>\n<li><span style=%22font-weight: 400;%22>Vysok\u00e1 UV stabilita zaru\u010duje dlouhou \u017eivotnost optick\u00fdch prvk\u016f.<\/span><\/li>\n<\/ul>\n<ul>\n<li style=%22text-align: justify;%22><span style=%22font-weight: 400;%22>Na\u0161e automatick\u00e1 technologie zaru\u010duje vysokou \u00fa\u010dinnost a v\u00fdrobu velk\u00fdch objem\u016f.<\/span><\/li>\n<\/ul>\n<p>&#8220; content_phone=&#8220;<\/p>\n<p style=%22text-align: justify;%22><span style=%22font-weight: 400;%22>Sklen\u011bn\u00e1 optika je pro dopravn\u00ed zobrazovac\u00ed panely optim\u00e1ln\u00ed d\u00edky sv\u00fdm materi\u00e1lov\u00fdm v\u00fdhod\u00e1m:<\/span><\/p>\n<p style=%22text-align: justify;%22><span style=%22font-weight: 400;%22><\/span><\/p>\n<ul style=%22text-align: justify;%22>\n<li><span style=%22font-weight: 400;%22>Chemick\u00e1 a tepeln\u00e1 stabilita skla umo\u017e\u0148uje \u010di\u0161t\u011bn\u00ed panel\u016f chemik\u00e1liemi nebo vysokou teplotou i proudem vody bez rizika degradace.<\/span><\/li>\n<\/ul>\n<ul style=%22text-align: justify;%22>\n<li><span style=%22font-weight: 400;%22>Vysok\u00e1 UV stabilita zaru\u010duje dlouhou \u017eivotnost optick\u00fdch prvk\u016f.<\/span><\/li>\n<\/ul>\n<ul>\n<li style=%22text-align: justify;%22><span style=%22font-weight: 400;%22>Na\u0161e automatick\u00e1 technologie zaru\u010duje vysokou \u00fa\u010dinnost a v\u00fdrobu velk\u00fdch objem\u016f.<\/span><\/li>\n<\/ul>\n<p>&#8220; content_last_edited=&#8220;on|desktop&#8220; _builder_version=&#8220;4.27.4&#8243; _module_preset=&#8220;default&#8220; hover_enabled=&#8220;0&#8243; text_font_tablet=&#8220;&#8220; text_font_phone=&#8220;&#8220; text_font_last_edited=&#8220;on|phone&#8220; text_text_color_tablet=&#8220;&#8220; text_text_color_phone=&#8220;&#8220; text_text_color_last_edited=&#8220;on|phone&#8220; text_font_size_tablet=&#8220;16px&#8220; text_font_size_phone=&#8220;16px&#8220; text_font_size_last_edited=&#8220;on|phone&#8220; text_letter_spacing_tablet=&#8220;&#8220; text_letter_spacing_phone=&#8220;&#8220; text_letter_spacing_last_edited=&#8220;on|desktop&#8220; text_line_height_tablet=&#8220;&#8220; text_line_height_phone=&#8220;&#8220; text_line_height_last_edited=&#8220;on|phone&#8220; text_orientation_tablet=&#8220;&#8220; text_orientation_phone=&#8220;&#8220; text_orientation_last_edited=&#8220;on|phone&#8220; background_layout_tablet=&#8220;&#8220; background_layout_phone=&#8220;&#8220; background_layout_last_edited=&#8220;on|phone&#8220; global_colors_info=&#8220;{}&#8220; sticky_enabled=&#8220;0&#8243;]<\/p>\n<p style=\"text-align: justify;\"><span style=\"font-weight: 400;\">Sklen\u011bn\u00e1 optika je velmi vhodn\u00e1 pro dopravn\u00ed informa\u010dn\u00ed panely a to d\u00edky v\u00fdhod\u00e1m skla jako materi\u00e1lu:<\/span><\/p>\n<p style=\"text-align: justify;\"><span style=\"font-weight: 400;\"><\/span><\/p>\n<ul>\n<li style=\"font-weight: 400; text-align: justify;\" aria-level=\"1\"><span style=\"font-weight: 400;\">Chemick\u00e1 a teplotn\u00ed odolnost umo\u017e\u0148uje \u010di\u0161t\u011bn\u00ed pomoc\u00ed vysok\u00e9ho tlaku vody, vysok\u00e9 teploty nebo pomoc\u00ed chemik\u00e1li\u00ed bez rizika degradace.<\/span><span style=\"font-weight: 400;\"><\/span><span style=\"font-weight: 400;\"><\/span><\/li>\n<\/ul>\n<p><span style=\"font-weight: 400;\"><\/span><\/p>\n<ul>\n<li style=\"font-weight: 400; text-align: justify;\" aria-level=\"1\"><span style=\"font-weight: 400;\">Vysok\u00e1 stabilita p\u0159i p\u016fsoben\u00ed UV z\u00e1\u0159en\u00ed zajist\u00ed dlouhou \u017eivotnost sv\u011bteln\u00fdch zdroj\u016f i optick\u00fdch komponent\u016f.<\/span><span style=\"font-weight: 400;\"><\/span><span style=\"font-weight: 400;\"><\/span><\/li>\n<\/ul>\n<p><span style=\"font-weight: 400;\"><\/span><\/p>\n<p><span style=\"font-weight: 400;\"><\/span><\/p>\n<ul>\n<li style=\"font-weight: 400; text-align: justify;\" aria-level=\"1\"><span style=\"font-weight: 400;\">Na\u0161e automatick\u00e1 strojn\u00ed technologie umo\u017e\u0148uje vysokou efektivitu v\u00fdroby p\u0159i po\u017eadavku na velk\u00e9 s\u00e9rie.<\/span><\/li>\n<\/ul>\n<p>[\/et_pb_text][\/et_pb_column][\/et_pb_row][et_pb_row _builder_version=&#8220;4.27.0&#8243; _module_preset=&#8220;default&#8220; width=&#8220;90%&#8220; max_width=&#8220;1170px&#8220; global_colors_info=&#8220;{}&#8220;][et_pb_column type=&#8220;4_4&#8243; _builder_version=&#8220;4.27.0&#8243; _module_preset=&#8220;default&#8220; global_colors_info=&#8220;{}&#8220;][difl_imagecarousel item_desktop=&#8220;3&#8243; arrow=&#8220;on&#8220; arrow_prev_icon_use_icon=&#8220;off&#8220; arrow_next_icon_use_icon=&#8220;off&#8220; arrow_color=&#8220;#0057a2&#8243; _builder_version=&#8220;4.27.0&#8243; _module_preset=&#8220;default&#8220; global_colors_info=&#8220;{}&#8220;][difl_imagecarouselitem image=&#8220;https:\/\/ecoglass-optic.com\/wp-content\/uploads\/2024\/08\/DSC6373.jpg&#8220; ic_button_button_url_new_window=&#8220;1&#8243; _builder_version=&#8220;4.27.0&#8243; _module_preset=&#8220;default&#8220; global_colors_info=&#8220;{}&#8220;][\/difl_imagecarouselitem][\/difl_imagecarousel][\/et_pb_column][\/et_pb_row][\/et_pb_section]<\/p>\n","protected":false},"excerpt":{"rendered":"<p>Optika pro informa\u010dn\u00ed panelySklen\u011bn\u00e1 optika je velmi vhodn\u00e1 pro dopravn\u00ed informa\u010dn\u00ed panely a to d\u00edky v\u00fdhod\u00e1m skla jako materi\u00e1lu: Chemick\u00e1 a teplotn\u00ed odolnost umo\u017e\u0148uje \u010di\u0161t\u011bn\u00ed pomoc\u00ed vysok\u00e9ho tlaku vody, vysok\u00e9 teploty nebo pomoc\u00ed chemik\u00e1li\u00ed bez rizika degradace. Vysok\u00e1 stabilita p\u0159i p\u016fsoben\u00ed UV z\u00e1\u0159en\u00ed zajist\u00ed dlouhou \u017eivotnost sv\u011bteln\u00fdch zdroj\u016f i optick\u00fdch komponent\u016f. Na\u0161e automatick\u00e1 strojn\u00ed technologie [&hellip;]<\/p>\n","protected":false},"author":2,"featured_media":0,"parent":0,"menu_order":0,"comment_status":"closed","ping_status":"closed","template":"","meta":{"_et_pb_use_builder":"on","_et_pb_old_content":"","_et_gb_content_width":"","footnotes":""},"difl_page_category":[],"class_list":["post-987513525","page","type-page","status-publish","hentry"],"_links":{"self":[{"href":"https:\/\/ecoglass-optic.com\/cs\/wp-json\/wp\/v2\/pages\/987513525","targetHints":{"allow":["GET"]}}],"collection":[{"href":"https:\/\/ecoglass-optic.com\/cs\/wp-json\/wp\/v2\/pages"}],"about":[{"href":"https:\/\/ecoglass-optic.com\/cs\/wp-json\/wp\/v2\/types\/page"}],"author":[{"embeddable":true,"href":"https:\/\/ecoglass-optic.com\/cs\/wp-json\/wp\/v2\/users\/2"}],"replies":[{"embeddable":true,"href":"https:\/\/ecoglass-optic.com\/cs\/wp-json\/wp\/v2\/comments?post=987513525"}],"version-history":[{"count":3,"href":"https:\/\/ecoglass-optic.com\/cs\/wp-json\/wp\/v2\/pages\/987513525\/revisions"}],"predecessor-version":[{"id":987516529,"href":"https:\/\/ecoglass-optic.com\/cs\/wp-json\/wp\/v2\/pages\/987513525\/revisions\/987516529"}],"wp:attachment":[{"href":"https:\/\/ecoglass-optic.com\/cs\/wp-json\/wp\/v2\/media?parent=987513525"}],"wp:term":[{"taxonomy":"difl_page_category","embeddable":true,"href":"https:\/\/ecoglass-optic.com\/cs\/wp-json\/wp\/v2\/difl_page_category?post=987513525"}],"curies":[{"name":"wp","href":"https:\/\/api.w.org\/{rel}","templated":true}]}}