{"id":987513519,"date":"2024-08-02T14:12:16","date_gmt":"2024-08-02T12:12:16","guid":{"rendered":"https:\/\/ecoglass-optic.com\/letiste-a-vzletova-a-pristavaci-draha\/"},"modified":"2025-08-18T09:10:37","modified_gmt":"2025-08-18T07:10:37","slug":"optika-pro-letecky-prumysl","status":"publish","type":"page","link":"https:\/\/ecoglass-optic.com\/cs\/optika-pro-letecky-prumysl\/","title":{"rendered":"Leti\u0161t\u011b a vzletov\u00e1 a p\u0159ist\u00e1vac\u00ed dr\u00e1ha"},"content":{"rendered":"<p>[et_pb_section fb_built=&#8220;1&#8243; fullwidth=&#8220;on&#8220; _builder_version=&#8220;4.27.4&#8243; _module_preset=&#8220;default&#8220; global_colors_info=&#8220;{}&#8220;][et_pb_fullwidth_image src=&#8220;https:\/\/ecoglass-optic.com\/wp-content\/uploads\/2025\/06\/Airfield_final_70.jpg&#8220; title_text=&#8220;Airfield_final_70%&#8220; _builder_version=&#8220;4.27.4&#8243; _module_preset=&#8220;default&#8220; global_colors_info=&#8220;{}&#8220;][\/et_pb_fullwidth_image][\/et_pb_section][et_pb_section fb_built=&#8220;1&#8243; admin_label=&#8220;About&#8220; _builder_version=&#8220;4.25.1&#8243; _module_preset=&#8220;default&#8220; background_image=&#8220;https:\/\/ecoglass-optic.com\/wp-content\/uploads\/2024\/08\/prouzek-horni-popis.jpg&#8220; locked=&#8220;off&#8220; collapsed=&#8220;off&#8220; global_colors_info=&#8220;{}&#8220;][et_pb_row _builder_version=&#8220;4.27.4&#8243; _module_preset=&#8220;default&#8220; custom_margin=&#8220;||||false|false&#8220; custom_margin_tablet=&#8220;-25px||-25px||false|false&#8220; custom_margin_phone=&#8220;-30px||-35px||false|false&#8220; custom_margin_last_edited=&#8220;on|desktop&#8220; global_colors_info=&#8220;{}&#8220;][et_pb_column type=&#8220;4_4&#8243; _builder_version=&#8220;4.21.0&#8243; _module_preset=&#8220;default&#8220; global_colors_info=&#8220;{}&#8220;][et_pb_text _builder_version=&#8220;4.27.4&#8243; _module_preset=&#8220;default&#8220; header_font=&#8220;&#8211;et_global_heading_font|500||on|||||&#8220; header_text_align=&#8220;center&#8220; header_text_color=&#8220;#0158a2&#8243; header_font_size=&#8220;40px&#8220; header_line_height=&#8220;1.2em&#8220; custom_margin=&#8220;||-25px||false|false&#8220; custom_margin_tablet=&#8220;-15px||-40px||false|false&#8220; custom_margin_phone=&#8220;||-50px||false|false&#8220; custom_margin_last_edited=&#8220;on|phone&#8220; header_font_size_tablet=&#8220;23px&#8220; header_font_size_phone=&#8220;17px&#8220; header_font_size_last_edited=&#8220;on|phone&#8220; global_colors_info=&#8220;{}&#8220;]<\/p>\n<h1><strong>Optick\u00e9 HRANOLY pro leti\u0161t\u011b a heliporty<\/strong><\/h1>\n<p>[\/et_pb_text][\/et_pb_column][\/et_pb_row][\/et_pb_section][et_pb_section fb_built=&#8220;1&#8243; _builder_version=&#8220;4.27.0&#8243; _module_preset=&#8220;default&#8220; global_colors_info=&#8220;{}&#8220;][et_pb_row custom_padding_last_edited=&#8220;on|phone&#8220; _builder_version=&#8220;4.27.4&#8243; _module_preset=&#8220;default&#8220; width=&#8220;90%&#8220; max_width=&#8220;1170px&#8220; custom_margin=&#8220;-10px||||false|false&#8220; custom_padding=&#8220;0px||||false|false&#8220; custom_padding_tablet=&#8220;0px||||false|false&#8220; custom_padding_phone=&#8220;0px||||false|false&#8220; global_colors_info=&#8220;{}&#8220;][et_pb_column type=&#8220;4_4&#8243; _builder_version=&#8220;4.25.1&#8243; _module_preset=&#8220;default&#8220; global_colors_info=&#8220;{}&#8220;][et_pb_text content_tablet=&#8220;<\/p>\n<p style=%22text-align: justify;%22><span style=%22font-weight: 400;%22>Vyv\u00edj\u00edme, vyr\u00e1b\u00edme a dod\u00e1v\u00e1me <\/span><b>sklen\u011bn\u00e9 optick\u00e9 komponenty <\/b><span style=%22font-weight: 400;%22>pro <\/span><span style=%22font-weight: 400;%22>leti\u0161t\u011b, <\/span><span style=%22font-weight: 400;%22>pro osv\u011btlen\u00ed pojezdov\u00fdch drah, heliport\u016f a vzletov\u00fdch a p\u0159ist\u00e1vac\u00edch drah a pro v\u0161esm\u011brov\u00e1 sv\u011btla.<\/span><\/p>\n<p style=%22text-align: justify;%22><span style=%22font-weight: 400;%22>Na\u0161e v\u00fdrobky pou\u017e\u00edvan\u00e9 v t\u011bchto sv\u011btlech jsou p\u0159edev\u0161\u00edm <\/span><span style=%22font-weight: 400;%22>sklen\u011bn\u00e9 hranoly<\/span><span style=%22font-weight: 400;%22>, ale tak\u00e9 <\/span><span style=%22font-weight: 400;%22>kolim\u00e1tory<\/span><span style=%22font-weight: 400;%22> nebo optika TIR.<\/span><\/p>\n<p style=%22text-align: justify;%22><span style=%22font-weight: 400;%22>Spole\u010dnost ECOGLASS v\u00e1m m\u016f\u017ee pomoci tak\u00e9 se slu\u017ebami, jako jsou. <\/span><b>optick\u00fd design nebo reverzn\u00ed in\u017een\u00fdrstv\u00ed<\/b><span style=%22font-weight: 400;%22>.<br \/>In Aviation we have designed several <\/span><b>kolim\u00e1tory <\/b><span style=%22font-weight: 400;%22>pro obousm\u011brn\u00e1 LED sv\u011btla a pod\u00edleli jsme se na projektech v\u0161esm\u011brov\u00fdch sv\u011btel pro heliporty.<br \/>\u00dasp\u011b\u0161n\u011b jsme tak\u00e9 rekonstruovali n\u011bkolik <\/span><b>sklen\u011bn\u00e9 hranoly <\/b><span style=%22font-weight: 400;%22>ze st\u00e1vaj\u00edc\u00edch vzork\u016f pro na\u0161e z\u00e1kazn\u00edky.<\/span><\/p>\n<p style=%22text-align: justify;%22><b>V\u011bt\u0161ina na\u0161ich v\u00fdrobk\u016f je navr\u017eena na zak\u00e1zku<\/b><span style=%22font-weight: 400;%22>, ale m\u00e1me \u0161irok\u00e9 portfolio na\u0161ich <\/span><span style=%22font-weight: 400;%22>standardn\u00ed optiky<\/span><span style=%22font-weight: 400;%22> tak\u00e9.<br \/>Mnoho z na\u0161ich <\/span><span style=%22font-weight: 400;%22>kolim\u00e1tory<\/span><span style=%22font-weight: 400;%22> se \u00fasp\u011b\u0161n\u011b pou\u017e\u00edvaj\u00ed p\u0159i osv\u011btlov\u00e1n\u00ed leti\u0161tn\u00edch ploch nebo vzletov\u00fdch a p\u0159ist\u00e1vac\u00edch drah, stejn\u011b jako v <\/span><span style=%22font-weight: 400;%22>na \u017eeleznici<\/span><span style=%22font-weight: 400;%22> sv\u011btlech.<\/span><\/p>\n<p>&#8220; content_phone=&#8220;<\/p>\n<p style=%22text-align: justify;%22><span style=%22font-weight: 400;%22>Vyv\u00edj\u00edme, vyr\u00e1b\u00edme a dod\u00e1v\u00e1me <\/span><b>sklen\u011bn\u00e9 optick\u00e9 komponenty <\/b><span style=%22font-weight: 400;%22>pro <\/span><span style=%22font-weight: 400;%22>leti\u0161t\u011b, <\/span><span style=%22font-weight: 400;%22>pro osv\u011btlen\u00ed pojezdov\u00fdch drah, heliport\u016f a vzletov\u00fdch a p\u0159ist\u00e1vac\u00edch drah a pro v\u0161esm\u011brov\u00e1 sv\u011btla.<\/span><\/p>\n<p style=%22text-align: justify;%22><span style=%22font-weight: 400;%22>Na\u0161e v\u00fdrobky pou\u017e\u00edvan\u00e9 v t\u011bchto sv\u011btlech jsou p\u0159edev\u0161\u00edm <\/span><span style=%22font-weight: 400;%22>sklen\u011bn\u00e9 hranoly<\/span><span style=%22font-weight: 400;%22>, ale tak\u00e9 <\/span><span style=%22font-weight: 400;%22>kolim\u00e1tory<\/span><span style=%22font-weight: 400;%22> nebo optika TIR.<\/span><\/p>\n<p style=%22text-align: justify;%22><span style=%22font-weight: 400;%22>Spole\u010dnost ECOGLASS v\u00e1m m\u016f\u017ee pomoci tak\u00e9 se slu\u017ebami, jako jsou. <\/span><b>optick\u00fd design nebo reverzn\u00ed in\u017een\u00fdrstv\u00ed<\/b><span style=%22font-weight: 400;%22>.<br \/>In Aviation we have designed several <\/span><b>kolim\u00e1tory <\/b><span style=%22font-weight: 400;%22>pro obousm\u011brn\u00e1 LED sv\u011btla a pod\u00edleli jsme se na projektech v\u0161esm\u011brov\u00fdch sv\u011btel pro heliporty.<br \/>\u00dasp\u011b\u0161n\u011b jsme tak\u00e9 rekonstruovali n\u011bkolik <\/span><b>sklen\u011bn\u00e9 hranoly <\/b><span style=%22font-weight: 400;%22>ze st\u00e1vaj\u00edc\u00edch vzork\u016f pro na\u0161e z\u00e1kazn\u00edky.<\/span><\/p>\n<p style=%22text-align: justify;%22><b>V\u011bt\u0161ina na\u0161ich v\u00fdrobk\u016f je navr\u017eena na zak\u00e1zku<\/b><span style=%22font-weight: 400;%22>, ale m\u00e1me \u0161irok\u00e9 portfolio na\u0161ich <\/span><span style=%22font-weight: 400;%22>standardn\u00ed optiky<\/span><span style=%22font-weight: 400;%22> tak\u00e9.<br \/>Mnoho z na\u0161ich <\/span><span style=%22font-weight: 400;%22>kolim\u00e1tory<\/span><span style=%22font-weight: 400;%22> se \u00fasp\u011b\u0161n\u011b pou\u017e\u00edvaj\u00ed p\u0159i osv\u011btlov\u00e1n\u00ed leti\u0161tn\u00edch ploch nebo vzletov\u00fdch a p\u0159ist\u00e1vac\u00edch drah, stejn\u011b jako v <\/span><span style=%22font-weight: 400;%22>na \u017eeleznici<\/span><span style=%22font-weight: 400;%22> sv\u011btlech.<\/span><\/p>\n<p>&#8220; content_last_edited=&#8220;on|phone&#8220; _builder_version=&#8220;4.27.4&#8243; _module_preset=&#8220;default&#8220; custom_padding=&#8220;8px|||||&#8220; hover_enabled=&#8220;0&#8243; text_font_tablet=&#8220;&#8220; text_font_phone=&#8220;&#8220; text_font_last_edited=&#8220;on|desktop&#8220; text_text_color_tablet=&#8220;&#8220; text_text_color_phone=&#8220;&#8220; text_text_color_last_edited=&#8220;on|desktop&#8220; text_font_size_tablet=&#8220;16px&#8220; text_font_size_phone=&#8220;16px&#8220; text_font_size_last_edited=&#8220;on|phone&#8220; text_letter_spacing_tablet=&#8220;&#8220; text_letter_spacing_phone=&#8220;&#8220; text_letter_spacing_last_edited=&#8220;on|desktop&#8220; text_line_height_tablet=&#8220;&#8220; text_line_height_phone=&#8220;&#8220; text_line_height_last_edited=&#8220;on|desktop&#8220; text_orientation_tablet=&#8220;&#8220; text_orientation_phone=&#8220;&#8220; text_orientation_last_edited=&#8220;on|desktop&#8220; background_layout_tablet=&#8220;&#8220; background_layout_phone=&#8220;&#8220; background_layout_last_edited=&#8220;on|desktop&#8220; global_colors_info=&#8220;{}&#8220; sticky_enabled=&#8220;0&#8243;]<\/p>\n<p style=\"text-align: justify;\"><span style=\"font-weight: 400;\">Vyv\u00edj\u00edme a vyr\u00e1b\u00edme sklen\u011bn\u00e9 <a href=\"https:\/\/ecoglass-optic.com\/cs\/technicka-optika\/#hranoly\">hranoly<\/a> pou\u017e\u00edvan\u00e9 v leti\u0161tn\u00edm a heliportov\u00e9m osv\u011btlen\u00ed ranvej\u00ed nebo pro osv\u011btlen\u00ed p\u0159echod\u016f a tunel\u016f.<\/span><\/p>\n<p style=\"text-align: justify;\"><span style=\"font-weight: 400;\">Mezi na\u0161e v\u00fdrobky pou\u017e\u00edvan\u00e9 v tomto odv\u011btv\u00ed pr\u016fmyslu pat\u0159\u00ed krom\u011b <\/span><span style=\"font-weight: 400;\">sklen\u011bn\u00fdch hranol\u016f<\/span><span style=\"font-weight: 400;\"> tak\u00e9 <\/span><a href=\"https:\/\/ecoglass-optic.com\/cs\/technicka-optika\/#tir\"><span style=\"font-weight: 400;\">kolim\u00e1tory<\/span><\/a><span style=\"font-weight: 400;\"><a href=\"https:\/\/ecoglass-optic.com\/cs\/technicka-optika\/#tir\"> a TIR optika<\/a>.<\/span><\/p>\n<p style=\"text-align: justify;\"><span style=\"font-weight: 400;\">V t\u00e9to oblasti nab\u00edz\u00ed spole\u010dnost ECOGLASS, a.s. i slu\u017eby jako n\u00e1vrh <a href=\"https:\/\/ecoglass-optic.com\/cs\/poradenstvi\/\">optick\u00e9ho designu<\/a> nebo <a href=\"https:\/\/ecoglass-optic.com\/cs\/technicke-zazemi\/#3dskener\">reverzn\u00ed in\u017een\u00fdrstv\u00ed<\/a>. Pro leteck\u00fd pr\u016fmysl jsme navrhli n\u011bkolik kolim\u00e1tor\u016f pro nadzemn\u00ed dvousm\u011brov\u00e9 n\u00e1v\u011bstidlo a \u00fa\u010dastnili jsme se i v\u00fdvoje v\u0161esm\u011brov\u00e9ho maj\u00e1ku pro heliport. Pro na\u0161e z\u00e1kazn\u00edky jsme tak\u00e9 \u00fasp\u011b\u0161n\u011b zrekonstruovali n\u011bkolik optick\u00fdch komponent\u016f podle existuj\u00edc\u00edch vzork\u016f, kdy z d\u016fvodu velmi star\u00fdch komponent\u016f neexistovala \u017e\u00e1dn\u00e1 technick\u00e1 dokumentace k dan\u00fdm d\u00edl\u016fm.<\/span><\/p>\n<p style=\"text-align: justify;\"><span style=\"font-weight: 400;\">V\u011bt\u0161ina na\u0161ich v\u00fdrobk\u016f je vyr\u00e1b\u011bna pro konkr\u00e9tn\u00ed z\u00e1kazn\u00edky, ale velk\u00e9 mno\u017estv\u00ed zejm\u00e9na <\/span><a href=\"https:\/\/www.lustroveovesy.cz\/tir\/\" target=\"_blank\" rel=\"noopener\"><span style=\"font-weight: 400;\">kolim\u00e1tor\u016f<\/span><\/a><span style=\"font-weight: 400;\"> lze nal\u00e9zt i mezi na\u0161\u00ed <\/span><a href=\"https:\/\/www.lustroveovesy.cz\/opticke-cocky\/\" target=\"_blank\" rel=\"noopener\"><span style=\"font-weight: 400;\">voln\u011b prodejnou optikou<\/span><\/a><span style=\"font-weight: 400;\">. N\u011bkter\u00e9 z nich se \u00fasp\u011b\u0161n\u011b pou\u017e\u00edvaj\u00ed v n\u00e1v\u011bstidlech na leti\u0161t\u00edch nebo na \u017eeleznici. V\u00edce informac\u00ed o n\u011bkter\u00fdch projektech najdete v na\u0161ich <\/span><a href=\"https:\/\/ecoglass-optic.com\/cs\/aktuality\/\"><span style=\"font-weight: 400;\">aktualit\u00e1ch<\/span><\/a><span style=\"font-weight: 400;\">.<\/span><\/p>\n<p>[\/et_pb_text][\/et_pb_column][\/et_pb_row][et_pb_row _builder_version=&#8220;4.27.0&#8243; _module_preset=&#8220;default&#8220; width=&#8220;90%&#8220; max_width=&#8220;1170px&#8220; global_colors_info=&#8220;{}&#8220;][et_pb_column type=&#8220;4_4&#8243; _builder_version=&#8220;4.27.0&#8243; _module_preset=&#8220;default&#8220; global_colors_info=&#8220;{}&#8220;][difl_imagecarousel arrow=&#8220;on&#8220; arrow_prev_icon_use_icon=&#8220;off&#8220; arrow_next_icon_use_icon=&#8220;off&#8220; arrow_color=&#8220;#0057a2&#8243; _builder_version=&#8220;4.27.0&#8243; _module_preset=&#8220;default&#8220; global_colors_info=&#8220;{}&#8220;][difl_imagecarouselitem image=&#8220;https:\/\/ecoglass-optic.com\/wp-content\/uploads\/2024\/09\/DSC6550Airfield-and-Runway.jpg&#8220; ic_button_button_url_new_window=&#8220;1&#8243; _builder_version=&#8220;4.27.0&#8243; _module_preset=&#8220;default&#8220; global_colors_info=&#8220;{}&#8220;][\/difl_imagecarouselitem][difl_imagecarouselitem image=&#8220;https:\/\/ecoglass-optic.com\/wp-content\/uploads\/2024\/09\/DSC6551Airfield-and-Runway.jpg&#8220; ic_button_button_url_new_window=&#8220;1&#8243; _builder_version=&#8220;4.27.0&#8243; _module_preset=&#8220;default&#8220; global_colors_info=&#8220;{}&#8220;][\/difl_imagecarouselitem][difl_imagecarouselitem image=&#8220;https:\/\/ecoglass-optic.com\/wp-content\/uploads\/2024\/09\/DSC6554Airfield-and-Runway.jpg&#8220; ic_button_button_url_new_window=&#8220;1&#8243; _builder_version=&#8220;4.27.0&#8243; _module_preset=&#8220;default&#8220; global_colors_info=&#8220;{}&#8220;][\/difl_imagecarouselitem][difl_imagecarouselitem image=&#8220;https:\/\/ecoglass-optic.com\/wp-content\/uploads\/2024\/09\/DSC6560.jpg&#8220; ic_button_button_url_new_window=&#8220;1&#8243; _builder_version=&#8220;4.27.0&#8243; _module_preset=&#8220;default&#8220; global_colors_info=&#8220;{}&#8220;][\/difl_imagecarouselitem][difl_imagecarouselitem image=&#8220;https:\/\/ecoglass-optic.com\/wp-content\/uploads\/2024\/09\/DSC6561Airfield-and-Runway.jpg&#8220; ic_button_button_url_new_window=&#8220;1&#8243; _builder_version=&#8220;4.27.0&#8243; _module_preset=&#8220;default&#8220; global_colors_info=&#8220;{}&#8220;][\/difl_imagecarouselitem][difl_imagecarouselitem image=&#8220;https:\/\/ecoglass-optic.com\/wp-content\/uploads\/2024\/09\/DSC6563.jpg&#8220; ic_button_button_url_new_window=&#8220;1&#8243; _builder_version=&#8220;4.27.0&#8243; _module_preset=&#8220;default&#8220; global_colors_info=&#8220;{}&#8220;][\/difl_imagecarouselitem][difl_imagecarouselitem image=&#8220;https:\/\/ecoglass-optic.com\/wp-content\/uploads\/2024\/09\/DSC6565.jpg&#8220; ic_button_button_url_new_window=&#8220;1&#8243; _builder_version=&#8220;4.27.0&#8243; _module_preset=&#8220;default&#8220; global_colors_info=&#8220;{}&#8220;][\/difl_imagecarouselitem][difl_imagecarouselitem image=&#8220;https:\/\/ecoglass-optic.com\/wp-content\/uploads\/2024\/09\/DSC6567.jpg&#8220; ic_button_button_url_new_window=&#8220;1&#8243; _builder_version=&#8220;4.27.0&#8243; _module_preset=&#8220;default&#8220; global_colors_info=&#8220;{}&#8220;][\/difl_imagecarouselitem][difl_imagecarouselitem image=&#8220;https:\/\/ecoglass-optic.com\/wp-content\/uploads\/2024\/09\/DSC6570.jpg&#8220; ic_button_button_url_new_window=&#8220;1&#8243; _builder_version=&#8220;4.27.0&#8243; _module_preset=&#8220;default&#8220; global_colors_info=&#8220;{}&#8220;][\/difl_imagecarouselitem][difl_imagecarouselitem image=&#8220;https:\/\/ecoglass-optic.com\/wp-content\/uploads\/2024\/09\/DSC6572.jpg&#8220; ic_button_button_url_new_window=&#8220;1&#8243; _builder_version=&#8220;4.27.0&#8243; _module_preset=&#8220;default&#8220; global_colors_info=&#8220;{}&#8220;][\/difl_imagecarouselitem][difl_imagecarouselitem image=&#8220;https:\/\/ecoglass-optic.com\/wp-content\/uploads\/2024\/09\/DSC6574.jpg&#8220; ic_button_button_url_new_window=&#8220;1&#8243; _builder_version=&#8220;4.27.0&#8243; _module_preset=&#8220;default&#8220; global_colors_info=&#8220;{}&#8220;][\/difl_imagecarouselitem][difl_imagecarouselitem image=&#8220;https:\/\/ecoglass-optic.com\/wp-content\/uploads\/2024\/09\/DSC6575.jpg&#8220; ic_button_button_url_new_window=&#8220;1&#8243; _builder_version=&#8220;4.27.0&#8243; _module_preset=&#8220;default&#8220; global_colors_info=&#8220;{}&#8220;][\/difl_imagecarouselitem][difl_imagecarouselitem image=&#8220;https:\/\/ecoglass-optic.com\/wp-content\/uploads\/2024\/09\/DSC6576.jpg&#8220; ic_button_button_url_new_window=&#8220;1&#8243; _builder_version=&#8220;4.27.0&#8243; _module_preset=&#8220;default&#8220; global_colors_info=&#8220;{}&#8220;][\/difl_imagecarouselitem][difl_imagecarouselitem image=&#8220;https:\/\/ecoglass-optic.com\/wp-content\/uploads\/2024\/09\/DSC6578.jpg&#8220; ic_button_button_url_new_window=&#8220;1&#8243; _builder_version=&#8220;4.27.0&#8243; _module_preset=&#8220;default&#8220; global_colors_info=&#8220;{}&#8220;][\/difl_imagecarouselitem][difl_imagecarouselitem image=&#8220;https:\/\/ecoglass-optic.com\/wp-content\/uploads\/2024\/09\/DSC6581.jpg&#8220; ic_button_button_url_new_window=&#8220;1&#8243; _builder_version=&#8220;4.27.0&#8243; _module_preset=&#8220;default&#8220; global_colors_info=&#8220;{}&#8220;][\/difl_imagecarouselitem][difl_imagecarouselitem image=&#8220;https:\/\/ecoglass-optic.com\/wp-content\/uploads\/2024\/09\/DSC6582.jpg&#8220; ic_button_button_url_new_window=&#8220;1&#8243; _builder_version=&#8220;4.27.0&#8243; _module_preset=&#8220;default&#8220; global_colors_info=&#8220;{}&#8220;][\/difl_imagecarouselitem][difl_imagecarouselitem image=&#8220;https:\/\/ecoglass-optic.com\/wp-content\/uploads\/2024\/09\/DSC6585.jpg&#8220; ic_button_button_url_new_window=&#8220;1&#8243; _builder_version=&#8220;4.27.0&#8243; _module_preset=&#8220;default&#8220; global_colors_info=&#8220;{}&#8220;][\/difl_imagecarouselitem][difl_imagecarouselitem image=&#8220;https:\/\/ecoglass-optic.com\/wp-content\/uploads\/2024\/09\/DSC6586.jpg&#8220; ic_button_button_url_new_window=&#8220;1&#8243; _builder_version=&#8220;4.27.0&#8243; _module_preset=&#8220;default&#8220; global_colors_info=&#8220;{}&#8220;][\/difl_imagecarouselitem][difl_imagecarouselitem image=&#8220;https:\/\/ecoglass-optic.com\/wp-content\/uploads\/2024\/09\/DSC6587.jpg&#8220; ic_button_button_url_new_window=&#8220;1&#8243; _builder_version=&#8220;4.27.0&#8243; _module_preset=&#8220;default&#8220; global_colors_info=&#8220;{}&#8220;][\/difl_imagecarouselitem][difl_imagecarouselitem image=&#8220;https:\/\/ecoglass-optic.com\/wp-content\/uploads\/2024\/09\/DSC6588.jpg&#8220; ic_button_button_url_new_window=&#8220;1&#8243; _builder_version=&#8220;4.27.0&#8243; _module_preset=&#8220;default&#8220; global_colors_info=&#8220;{}&#8220;][\/difl_imagecarouselitem][difl_imagecarouselitem image=&#8220;https:\/\/ecoglass-optic.com\/wp-content\/uploads\/2024\/09\/DSC6589.jpg&#8220; ic_button_button_url_new_window=&#8220;1&#8243; _builder_version=&#8220;4.27.0&#8243; _module_preset=&#8220;default&#8220; global_colors_info=&#8220;{}&#8220;][\/difl_imagecarouselitem][difl_imagecarouselitem image=&#8220;https:\/\/ecoglass-optic.com\/wp-content\/uploads\/2024\/09\/DSC6593.jpg&#8220; ic_button_button_url_new_window=&#8220;1&#8243; _builder_version=&#8220;4.27.0&#8243; _module_preset=&#8220;default&#8220; global_colors_info=&#8220;{}&#8220;][\/difl_imagecarouselitem][difl_imagecarouselitem image=&#8220;https:\/\/ecoglass-optic.com\/wp-content\/uploads\/2024\/09\/DSC6594.jpg&#8220; ic_button_button_url_new_window=&#8220;1&#8243; _builder_version=&#8220;4.27.0&#8243; _module_preset=&#8220;default&#8220; global_colors_info=&#8220;{}&#8220;][\/difl_imagecarouselitem][difl_imagecarouselitem image=&#8220;https:\/\/ecoglass-optic.com\/wp-content\/uploads\/2024\/09\/DSC6595.jpg&#8220; ic_button_button_url_new_window=&#8220;1&#8243; _builder_version=&#8220;4.27.0&#8243; _module_preset=&#8220;default&#8220; global_colors_info=&#8220;{}&#8220;][\/difl_imagecarouselitem][difl_imagecarouselitem image=&#8220;https:\/\/ecoglass-optic.com\/wp-content\/uploads\/2024\/09\/DSC6596.jpg&#8220; ic_button_button_url_new_window=&#8220;1&#8243; _builder_version=&#8220;4.27.0&#8243; _module_preset=&#8220;default&#8220; global_colors_info=&#8220;{}&#8220;][\/difl_imagecarouselitem][difl_imagecarouselitem image=&#8220;https:\/\/ecoglass-optic.com\/wp-content\/uploads\/2024\/09\/DSC6600.jpg&#8220; ic_button_button_url_new_window=&#8220;1&#8243; _builder_version=&#8220;4.27.0&#8243; _module_preset=&#8220;default&#8220; global_colors_info=&#8220;{}&#8220;][\/difl_imagecarouselitem][difl_imagecarouselitem image=&#8220;https:\/\/ecoglass-optic.com\/wp-content\/uploads\/2024\/09\/DSC6602.jpg&#8220; ic_button_button_url_new_window=&#8220;1&#8243; _builder_version=&#8220;4.27.0&#8243; _module_preset=&#8220;default&#8220; global_colors_info=&#8220;{}&#8220;][\/difl_imagecarouselitem][difl_imagecarouselitem image=&#8220;https:\/\/ecoglass-optic.com\/wp-content\/uploads\/2024\/09\/DSC6603.jpg&#8220; ic_button_button_url_new_window=&#8220;1&#8243; _builder_version=&#8220;4.27.0&#8243; _module_preset=&#8220;default&#8220; global_colors_info=&#8220;{}&#8220;][\/difl_imagecarouselitem][difl_imagecarouselitem image=&#8220;https:\/\/ecoglass-optic.com\/wp-content\/uploads\/2024\/09\/DSC6604.jpg&#8220; ic_button_button_url_new_window=&#8220;1&#8243; _builder_version=&#8220;4.27.0&#8243; _module_preset=&#8220;default&#8220; global_colors_info=&#8220;{}&#8220;][\/difl_imagecarouselitem][difl_imagecarouselitem image=&#8220;https:\/\/ecoglass-optic.com\/wp-content\/uploads\/2024\/09\/DSC6606.jpg&#8220; ic_button_button_url_new_window=&#8220;1&#8243; _builder_version=&#8220;4.27.0&#8243; _module_preset=&#8220;default&#8220; global_colors_info=&#8220;{}&#8220;][\/difl_imagecarouselitem][difl_imagecarouselitem image=&#8220;https:\/\/ecoglass-optic.com\/wp-content\/uploads\/2024\/09\/DSC6610.jpg&#8220; ic_button_button_url_new_window=&#8220;1&#8243; _builder_version=&#8220;4.27.0&#8243; _module_preset=&#8220;default&#8220; global_colors_info=&#8220;{}&#8220;][\/difl_imagecarouselitem][difl_imagecarouselitem image=&#8220;https:\/\/ecoglass-optic.com\/wp-content\/uploads\/2024\/09\/DSC6629.jpg&#8220; ic_button_button_url_new_window=&#8220;1&#8243; _builder_version=&#8220;4.27.0&#8243; _module_preset=&#8220;default&#8220; global_colors_info=&#8220;{}&#8220;][\/difl_imagecarouselitem][difl_imagecarouselitem image=&#8220;https:\/\/ecoglass-optic.com\/wp-content\/uploads\/2024\/09\/DSC6633.jpg&#8220; ic_button_button_url_new_window=&#8220;1&#8243; _builder_version=&#8220;4.27.0&#8243; _module_preset=&#8220;default&#8220; global_colors_info=&#8220;{}&#8220;][\/difl_imagecarouselitem][difl_imagecarouselitem image=&#8220;https:\/\/ecoglass-optic.com\/wp-content\/uploads\/2024\/09\/DSC6681.jpg&#8220; ic_button_button_url_new_window=&#8220;1&#8243; _builder_version=&#8220;4.27.0&#8243; _module_preset=&#8220;default&#8220; global_colors_info=&#8220;{}&#8220;][\/difl_imagecarouselitem][difl_imagecarouselitem image=&#8220;https:\/\/ecoglass-optic.com\/wp-content\/uploads\/2024\/09\/DSC6682.jpg&#8220; ic_button_button_url_new_window=&#8220;1&#8243; _builder_version=&#8220;4.27.0&#8243; _module_preset=&#8220;default&#8220; global_colors_info=&#8220;{}&#8220;][\/difl_imagecarouselitem][\/difl_imagecarousel][\/et_pb_column][\/et_pb_row][\/et_pb_section]<\/p>\n","protected":false},"excerpt":{"rendered":"<p>Optick\u00e9 HRANOLY pro leti\u0161t\u011b a heliportyVyv\u00edj\u00edme a vyr\u00e1b\u00edme sklen\u011bn\u00e9 hranoly pou\u017e\u00edvan\u00e9 v leti\u0161tn\u00edm a heliportov\u00e9m osv\u011btlen\u00ed ranvej\u00ed nebo pro osv\u011btlen\u00ed p\u0159echod\u016f a tunel\u016f. Mezi na\u0161e v\u00fdrobky pou\u017e\u00edvan\u00e9 v tomto odv\u011btv\u00ed pr\u016fmyslu pat\u0159\u00ed krom\u011b sklen\u011bn\u00fdch hranol\u016f tak\u00e9 kolim\u00e1tory a TIR optika. V t\u00e9to oblasti nab\u00edz\u00ed spole\u010dnost ECOGLASS, a.s. i slu\u017eby jako n\u00e1vrh optick\u00e9ho designu nebo reverzn\u00ed [&hellip;]<\/p>\n","protected":false},"author":2,"featured_media":0,"parent":0,"menu_order":0,"comment_status":"closed","ping_status":"closed","template":"","meta":{"_et_pb_use_builder":"on","_et_pb_old_content":"","_et_gb_content_width":"","footnotes":""},"difl_page_category":[],"class_list":["post-987513519","page","type-page","status-publish","hentry"],"_links":{"self":[{"href":"https:\/\/ecoglass-optic.com\/cs\/wp-json\/wp\/v2\/pages\/987513519","targetHints":{"allow":["GET"]}}],"collection":[{"href":"https:\/\/ecoglass-optic.com\/cs\/wp-json\/wp\/v2\/pages"}],"about":[{"href":"https:\/\/ecoglass-optic.com\/cs\/wp-json\/wp\/v2\/types\/page"}],"author":[{"embeddable":true,"href":"https:\/\/ecoglass-optic.com\/cs\/wp-json\/wp\/v2\/users\/2"}],"replies":[{"embeddable":true,"href":"https:\/\/ecoglass-optic.com\/cs\/wp-json\/wp\/v2\/comments?post=987513519"}],"version-history":[{"count":6,"href":"https:\/\/ecoglass-optic.com\/cs\/wp-json\/wp\/v2\/pages\/987513519\/revisions"}],"predecessor-version":[{"id":987516523,"href":"https:\/\/ecoglass-optic.com\/cs\/wp-json\/wp\/v2\/pages\/987513519\/revisions\/987516523"}],"wp:attachment":[{"href":"https:\/\/ecoglass-optic.com\/cs\/wp-json\/wp\/v2\/media?parent=987513519"}],"wp:term":[{"taxonomy":"difl_page_category","embeddable":true,"href":"https:\/\/ecoglass-optic.com\/cs\/wp-json\/wp\/v2\/difl_page_category?post=987513519"}],"curies":[{"name":"wp","href":"https:\/\/api.w.org\/{rel}","templated":true}]}}