{"id":987513513,"date":"2024-08-02T13:35:27","date_gmt":"2024-08-02T11:35:27","guid":{"rendered":"https:\/\/ecoglass-optic.com\/opticky-design\/"},"modified":"2025-08-18T10:18:07","modified_gmt":"2025-08-18T08:18:07","slug":"opticky-design","status":"publish","type":"page","link":"https:\/\/ecoglass-optic.com\/cs\/opticky-design\/","title":{"rendered":"Optick\u00fd design"},"content":{"rendered":"<p>[et_pb_section fb_built=&#8220;1&#8243; admin_label=&#8220;About&#8220; _builder_version=&#8220;4.25.1&#8243; _module_preset=&#8220;default&#8220; background_image=&#8220;https:\/\/ecoglass-optic.com\/wp-content\/uploads\/2024\/08\/prouzek-horni-popis.jpg&#8220; locked=&#8220;off&#8220; collapsed=&#8220;off&#8220; global_colors_info=&#8220;{}&#8220;][et_pb_row _builder_version=&#8220;4.21.0&#8243; _module_preset=&#8220;default&#8220; global_colors_info=&#8220;{}&#8220;][et_pb_column type=&#8220;4_4&#8243; _builder_version=&#8220;4.21.0&#8243; _module_preset=&#8220;default&#8220; global_colors_info=&#8220;{}&#8220;][et_pb_text _builder_version=&#8220;4.27.0&#8243; _module_preset=&#8220;default&#8220; header_font=&#8220;&#8211;et_global_heading_font|500||on|||||&#8220; header_text_align=&#8220;center&#8220; header_text_color=&#8220;#0158a2&#8243; header_font_size=&#8220;40px&#8220; header_line_height=&#8220;1.2em&#8220; header_font_size_tablet=&#8220;&#8220; header_font_size_phone=&#8220;30px&#8220; header_font_size_last_edited=&#8220;on|desktop&#8220; global_colors_info=&#8220;{}&#8220;]<\/p>\n<h1><strong>Optick\u00fd design a simulace<\/strong><\/h1>\n<p>[\/et_pb_text][\/et_pb_column][\/et_pb_row][\/et_pb_section][et_pb_section fb_built=&#8220;1&#8243; custom_padding_last_edited=&#8220;on|desktop&#8220; _builder_version=&#8220;4.27.0&#8243; background_enable_image=&#8220;off&#8220; custom_margin_last_edited=&#8220;off|phone&#8220; custom_padding=&#8220;100px|0px|100px||true|false&#8220; custom_padding_tablet=&#8220;100px|0px|100px||true|false&#8220; custom_padding_phone=&#8220;30px||30px||true|false&#8220; custom_css_free_form=&#8220;@media only screen and (max-width: 980px) {||    \/* Ak chce\u0161 zmeni\u0165 poradie pre mobiln\u00e9 zariadenia *\/||    ||    \/* Prv\u00fd st\u013apec na 2. miesto *\/||    .et_pb_column_0 {||        order: 2;||    }||    ||    \/* Druh\u00fd st\u013apec na 1. miesto *\/||    .et_pb_column_1 {||        order: 1;||    }}&#8220; global_colors_info=&#8220;{}&#8220;][et_pb_row column_structure=&#8220;1_2,1_2&#8243; use_custom_gutter=&#8220;on&#8220; gutter_width=&#8220;1&#8243; make_equal=&#8220;on&#8220; module_class=&#8220; &#8220; _builder_version=&#8220;4.27.0&#8243; width=&#8220;90%&#8220; width_tablet=&#8220;90%&#8220; width_phone=&#8220;90%&#8220; width_last_edited=&#8220;on|tablet&#8220; max_width=&#8220;1170px&#8220; max_width_tablet=&#8220;90%&#8220; max_width_phone=&#8220;90%&#8220; max_width_last_edited=&#8220;off|desktop&#8220; custom_padding=&#8220;0px||0px|||&#8220; border_width_bottom_tablet=&#8220;1px&#8220; border_width_bottom_phone=&#8220;1px&#8220; border_width_bottom_last_edited=&#8220;on|phone&#8220; border_color_bottom_tablet=&#8220;#c1c1c1&#8243; border_color_bottom_phone=&#8220;#c6c6c6&#8243; border_color_bottom_last_edited=&#8220;on|phone&#8220; global_colors_info=&#8220;{}&#8220; border_width_bottom__hover_enabled=&#8220;off|desktop&#8220;][et_pb_column type=&#8220;1_2&#8243; _builder_version=&#8220;4.27.0&#8243; background_image=&#8220;https:\/\/ecoglass-optic.com\/wp-content\/uploads\/2024\/08\/sl-29-c.jpg&#8220; pac_drh_add_staking_order_tab=&#8220;pac_drh_order_tab_one&#8220; pac_drh_add_staking_order_mob=&#8220;pac_drh_order_mob_one&#8220; global_colors_info=&#8220;{}&#8220;][et_pb_divider show_divider=&#8220;off&#8220; _builder_version=&#8220;4.16&#8243; custom_padding_tablet=&#8220;35%||35%||true|false&#8220; custom_padding_phone=&#8220;40%||40%||true|false&#8220; custom_padding_last_edited=&#8220;on|phone&#8220; global_colors_info=&#8220;{}&#8220;][\/et_pb_divider][\/et_pb_column][et_pb_column type=&#8220;1_2&#8243; module_class=&#8220; pac_drh_order_tab_two pac_drh_order_mob_two&#8220; _builder_version=&#8220;4.27.0&#8243; custom_padding=&#8220;120px|70px|120px|70px|true|true&#8220; custom_padding_tablet=&#8220;&#8220; custom_padding_phone=&#8220;30px|0px|30px|0px|true|true&#8220; custom_padding_last_edited=&#8220;on|phone&#8220; pac_drh_add_staking_order_tab=&#8220;pac_drh_order_tab_two&#8220; pac_drh_add_staking_order_mob=&#8220;pac_drh_order_mob_two&#8220; global_colors_info=&#8220;{}&#8220;][et_pb_text _builder_version=&#8220;4.27.4&#8243; _module_preset=&#8220;default&#8220; hover_enabled=&#8220;0&#8243; text_font_size_tablet=&#8220;16px&#8220; text_font_size_phone=&#8220;16px&#8220; text_font_size_last_edited=&#8220;on|phone&#8220; global_colors_info=&#8220;{}&#8220; sticky_enabled=&#8220;0&#8243;]<\/p>\n<h1><span style=\"font-weight: 400;\">OPTICK\u00dd DESIGN<\/span><\/h1>\n<p><span style=\"font-weight: 400;\"><\/span><\/p>\n<p style=\"text-align: justify;\"><span style=\"font-weight: 400;\">Spole\u010dnost ECOGLASS, a.s. m\u00e1 v\u00edc jak dvacet let zku\u0161enost\u00ed s navrhov\u00e1n\u00edm a v\u00fdvojem optick\u00fdch komponent\u016f pro <a href=\"https:\/\/ecoglass-optic.com\/cs\/led-systemy\/\">LED osv\u011btlen\u00ed<\/a>, optick\u00fdch syst\u00e9m\u016f pro <a href=\"https:\/\/ecoglass-optic.com\/cs\/letecky-prumysl\/\">leteck\u00fd pr\u016fmysl<\/a> nebo hlavn\u00edch sv\u011btlomet\u016f do <a href=\"https:\/\/ecoglass-optic.com\/cs\/vlaky-navestidla\/\">vlak\u016f<\/a>. P\u0159i n\u00e1vrhu klademe d\u016fraz nejen na spr\u00e1vnou optickou funkci, ale i na limity skl\u00e1\u0159sk\u00e9 v\u00fdroby a optimalizujeme tak kone\u010dn\u00fd tvar z pohledu maxim\u00e1ln\u011b efektivn\u00ed v\u00fdroby prototyp\u016f i s\u00e9rie. Optick\u00fd software TracePro n\u00e1m umo\u017e\u0148uje pou\u017e\u00edvat r\u016fzn\u00e9 materi\u00e1ly i ray data nejr\u016fzn\u011bj\u0161\u00edch LED nebo laserov\u00fdch zdroj\u016f. \u00dazce spolupracujeme se z\u00e1kazn\u00edkem a na z\u00e1klad\u011b dat ze simula\u010dn\u00edho programu spole\u010dn\u011b hled\u00e1me nejlep\u0161\u00ed \u0159e\u0161en\u00ed. V\u00fdsledkem na\u0161\u00ed pr\u00e1ce je kone\u010dn\u00fd 3D model optick\u00e9ho d\u00edlu a doporu\u010den\u00e1 pozice mont\u00e1\u017ee. Dal\u0161\u00edm krokem je v\u00fdroba prototyp\u016f a jejich ov\u011b\u0159en\u00ed v testovac\u00edm modulu.<\/span><\/p>\n<p>[\/et_pb_text][\/et_pb_column][\/et_pb_row][et_pb_row column_structure=&#8220;1_2,1_2&#8243; use_custom_gutter=&#8220;on&#8220; gutter_width=&#8220;1&#8243; make_equal=&#8220;on&#8220; _builder_version=&#8220;4.27.0&#8243; width=&#8220;90%&#8220; width_tablet=&#8220;90%&#8220; width_phone=&#8220;90%&#8220; width_last_edited=&#8220;on|tablet&#8220; max_width_tablet=&#8220;90%&#8220; max_width_phone=&#8220;90%&#8220; max_width_last_edited=&#8220;off|desktop&#8220; custom_padding=&#8220;0px||0px|||&#8220; global_colors_info=&#8220;{}&#8220;][et_pb_column type=&#8220;1_2&#8243; _builder_version=&#8220;4.27.0&#8243; custom_padding=&#8220;120px|70px|120px|70px|true|true&#8220; custom_padding_tablet=&#8220;&#8220; custom_padding_phone=&#8220;30px|0px|30px|0px|true|true&#8220; custom_padding_last_edited=&#8220;on|phone&#8220; global_colors_info=&#8220;{}&#8220;][et_pb_text content_tablet=&#8220;<\/p>\n<h2><span style=%22font-weight: 400;%22>Optick\u00e1 simulace<\/span><\/h2>\n<p><span style=%22font-weight: 400;%22>Pokud ji\u017e m\u00e1te 3D model sv\u00e9 optiky, ale cht\u011bli byste jej <\/span><b>otestovat s r\u016fzn\u00fdmi zdroji sv\u011btla <\/b><span style=%22font-weight: 400;%22>m\u016f\u017eeme v\u00e1m p\u0159ipravit zpr\u00e1vu s v\u00fdsledky simulace pomoc\u00ed na\u0161eho softwaru.<\/span><\/p>\n<p><span style=%22font-weight: 400;%22>Nab\u00edz\u00edme <\/span><b>\u0161irok\u00fd sortiment na\u0161ich standardn\u00edch optick\u00fdch prvk\u016f<\/b><span style=%22font-weight: 400;%22>, kter\u00e9 najdete na na\u0161ich <\/span><span style=%22font-weight: 400;%22>e-shopu<\/span><span style=%22font-weight: 400;%22>.<br \/>\nIf you are not sure which lens to choose we can test several of our optics in your optical syst\u00e9m and make a recommendation. <\/span><\/p>\n<p><span style=%22font-weight: 400;%22>Jakmile je z\u00e1kazn\u00edk spokojen s v\u00fdsledkem simulace. <\/span><b>m\u016f\u017eeme n\u00e1sledovat v\u00fdrobu prototyp\u016f a s\u00e9riovou v\u00fdrobu.<\/b><span style=%22font-weight: 400;%22>.<\/span><\/p>\n<p>&#8220; content_phone=&#8220;<\/p>\n<h2><span style=%22font-weight: 400;%22>Optick\u00e1 simulace<\/span><\/h2>\n<p><span style=%22font-weight: 400;%22>Pokud ji\u017e m\u00e1te 3D model sv\u00e9 optiky, ale cht\u011bli byste jej <\/span><b>otestovat s r\u016fzn\u00fdmi zdroji sv\u011btla <\/b><span style=%22font-weight: 400;%22>m\u016f\u017eeme v\u00e1m p\u0159ipravit zpr\u00e1vu s v\u00fdsledky simulace pomoc\u00ed na\u0161eho softwaru.<\/span><\/p>\n<p><span style=%22font-weight: 400;%22>Nab\u00edz\u00edme <\/span><b>\u0161irok\u00fd sortiment na\u0161ich standardn\u00edch optick\u00fdch prvk\u016f<\/b><span style=%22font-weight: 400;%22>, kter\u00e9 najdete na na\u0161ich <\/span><span style=%22font-weight: 400;%22>e-shopu<\/span><span style=%22font-weight: 400;%22>.<br \/>\nIf you are not sure which lens to choose we can test several of our optics in your optical syst\u00e9m and make a recommendation. <\/span><\/p>\n<p><span style=%22font-weight: 400;%22>Jakmile je z\u00e1kazn\u00edk spokojen s v\u00fdsledkem simulace. <\/span><b>m\u016f\u017eeme n\u00e1sledovat v\u00fdrobu prototyp\u016f a s\u00e9riovou v\u00fdrobu.<\/b><span style=%22font-weight: 400;%22>.<\/span><\/p>\n<p>&#8220; content_last_edited=&#8220;on|phone&#8220; _builder_version=&#8220;4.27.4&#8243; _module_preset=&#8220;default&#8220; header_2_font_size=&#8220;30px&#8220; hover_enabled=&#8220;0&#8243; text_font_tablet=&#8220;&#8220; text_font_phone=&#8220;&#8220; text_font_last_edited=&#8220;on|phone&#8220; text_text_color_tablet=&#8220;&#8220; text_text_color_phone=&#8220;&#8220; text_text_color_last_edited=&#8220;on|phone&#8220; text_font_size_tablet=&#8220;16px&#8220; text_font_size_phone=&#8220;14px&#8220; text_font_size_last_edited=&#8220;off|phone&#8220; text_letter_spacing_tablet=&#8220;&#8220; text_letter_spacing_phone=&#8220;&#8220; text_letter_spacing_last_edited=&#8220;on|phone&#8220; text_line_height_tablet=&#8220;&#8220; text_line_height_phone=&#8220;&#8220; text_line_height_last_edited=&#8220;on|phone&#8220; header_2_font_size_tablet=&#8220;30px&#8220; header_2_font_size_phone=&#8220;26px&#8220; header_2_font_size_last_edited=&#8220;on|phone&#8220; text_orientation_tablet=&#8220;&#8220; text_orientation_phone=&#8220;&#8220; text_orientation_last_edited=&#8220;on|phone&#8220; background_layout_tablet=&#8220;&#8220; background_layout_phone=&#8220;&#8220; background_layout_last_edited=&#8220;on|phone&#8220; global_colors_info=&#8220;{}&#8220; sticky_enabled=&#8220;0&#8243;]<\/p>\n<h1><span style=\"font-weight: 400;\">OPTICK\u00c1 SIMULACE<\/span><\/h1>\n<p><span style=\"font-weight: 400;\"><\/span><\/p>\n<p style=\"text-align: justify;\"><span style=\"font-weight: 400;\">Pokud m\u00e1te 3D model optick\u00e9ho komponentu, ale pot\u0159ebujete si ov\u011b\u0159it jeho funkci s r\u016fzn\u00fdmi sv\u011bteln\u00fdmi zdroji, m\u016f\u017eeme pro V\u00e1s p\u0159ipravit report z na\u0161eho simula\u010dn\u00edho programu.<\/span><\/p>\n<p style=\"text-align: justify;\"><span style=\"font-weight: 400;\">V nab\u00eddce na\u0161ich <a href=\"https:\/\/ecoglass-optic.com\/cs\/technicka-optika\/\">v\u00fdrobk\u016f<\/a> naleznete velk\u00e9 mno\u017estv\u00ed <\/span><a href=\"https:\/\/ecoglass-optic.com\/cs\/technicka-optika\/#standardnioptika\"><span style=\"font-weight: 400;\">standardn\u00ed optiky<\/span><\/a><span style=\"font-weight: 400;\">, a\u0165 u\u017e se jedn\u00e1 o <a href=\"https:\/\/www.lustroveovesy.cz\/planokonvex\/\" target=\"_blank\" rel=\"noopener\">asf\u00e9rick\u00e9 \u010do\u010dky<\/a> nebo <a href=\"https:\/\/www.lustroveovesy.cz\/tir\/\" target=\"_blank\" rel=\"noopener\">kolim\u00e1tory<\/a>. Pokud si nejste jisti, kter\u00e1 z na\u0161ich optik by se nejl\u00e9pe hodila pro va\u0161i aplikaci, nev\u00e1hejte n\u00e1s <a href=\"https:\/\/ecoglass-optic.com\/cs\/kontakty\/\">kontaktovat<\/a> a my porovn\u00e1me nejr\u016fzn\u011bj\u0161\u00ed komponenty a doporu\u010d\u00edme ten, kter\u00fd bude nejl\u00e9pe vyhovovat.<\/span><\/p>\n<p>[\/et_pb_text][\/et_pb_column][et_pb_column type=&#8220;1_2&#8243; _builder_version=&#8220;4.27.0&#8243; background_image=&#8220;https:\/\/ecoglass-optic.com\/wp-content\/uploads\/2024\/08\/sl-29-a.jpg&#8220; global_colors_info=&#8220;{}&#8220;][et_pb_divider show_divider=&#8220;off&#8220; _builder_version=&#8220;4.16&#8243; custom_padding_tablet=&#8220;35%||35%||true|false&#8220; custom_padding_phone=&#8220;40%||40%||true|false&#8220; custom_padding_last_edited=&#8220;on|phone&#8220; global_colors_info=&#8220;{}&#8220;][\/et_pb_divider][\/et_pb_column][\/et_pb_row][\/et_pb_section]<\/p>\n","protected":false},"excerpt":{"rendered":"<p>Optick\u00fd design a simulaceOPTICK\u00dd DESIGN Spole\u010dnost ECOGLASS, a.s. m\u00e1 v\u00edc jak dvacet let zku\u0161enost\u00ed s navrhov\u00e1n\u00edm a v\u00fdvojem optick\u00fdch komponent\u016f pro LED osv\u011btlen\u00ed, optick\u00fdch syst\u00e9m\u016f pro leteck\u00fd pr\u016fmysl nebo hlavn\u00edch sv\u011btlomet\u016f do vlak\u016f. P\u0159i n\u00e1vrhu klademe d\u016fraz nejen na spr\u00e1vnou optickou funkci, ale i na limity skl\u00e1\u0159sk\u00e9 v\u00fdroby a optimalizujeme tak kone\u010dn\u00fd tvar z pohledu [&hellip;]<\/p>\n","protected":false},"author":2,"featured_media":0,"parent":0,"menu_order":0,"comment_status":"closed","ping_status":"closed","template":"","meta":{"_et_pb_use_builder":"on","_et_pb_old_content":"","_et_gb_content_width":"","footnotes":""},"difl_page_category":[],"class_list":["post-987513513","page","type-page","status-publish","hentry"],"_links":{"self":[{"href":"https:\/\/ecoglass-optic.com\/cs\/wp-json\/wp\/v2\/pages\/987513513","targetHints":{"allow":["GET"]}}],"collection":[{"href":"https:\/\/ecoglass-optic.com\/cs\/wp-json\/wp\/v2\/pages"}],"about":[{"href":"https:\/\/ecoglass-optic.com\/cs\/wp-json\/wp\/v2\/types\/page"}],"author":[{"embeddable":true,"href":"https:\/\/ecoglass-optic.com\/cs\/wp-json\/wp\/v2\/users\/2"}],"replies":[{"embeddable":true,"href":"https:\/\/ecoglass-optic.com\/cs\/wp-json\/wp\/v2\/comments?post=987513513"}],"version-history":[{"count":3,"href":"https:\/\/ecoglass-optic.com\/cs\/wp-json\/wp\/v2\/pages\/987513513\/revisions"}],"predecessor-version":[{"id":987516534,"href":"https:\/\/ecoglass-optic.com\/cs\/wp-json\/wp\/v2\/pages\/987513513\/revisions\/987516534"}],"wp:attachment":[{"href":"https:\/\/ecoglass-optic.com\/cs\/wp-json\/wp\/v2\/media?parent=987513513"}],"wp:term":[{"taxonomy":"difl_page_category","embeddable":true,"href":"https:\/\/ecoglass-optic.com\/cs\/wp-json\/wp\/v2\/difl_page_category?post=987513513"}],"curies":[{"name":"wp","href":"https:\/\/api.w.org\/{rel}","templated":true}]}}