{"id":987513505,"date":"2024-08-27T23:55:02","date_gmt":"2024-08-27T21:55:02","guid":{"rendered":"https:\/\/ecoglass-optic.com\/poulicni-osvetleni\/"},"modified":"2025-08-18T09:08:54","modified_gmt":"2025-08-18T07:08:54","slug":"optika-pro-venkovni-prumyslove-osvetleni","status":"publish","type":"page","link":"https:\/\/ecoglass-optic.com\/cs\/optika-pro-venkovni-prumyslove-osvetleni\/","title":{"rendered":"Verejn\u00e1 osv\u011btlen\u00ed"},"content":{"rendered":"<p>[et_pb_section fb_built=&#8220;1&#8243; fullwidth=&#8220;on&#8220; _builder_version=&#8220;4.27.4&#8243; _module_preset=&#8220;default&#8220; global_colors_info=&#8220;{}&#8220;][et_pb_fullwidth_image src=&#8220;https:\/\/ecoglass-optic.com\/wp-content\/uploads\/2025\/06\/Streetlightning_final_70.jpg&#8220; title_text=&#8220;Streetlightning_final_70%&#8220; _builder_version=&#8220;4.27.4&#8243; _module_preset=&#8220;default&#8220; global_colors_info=&#8220;{}&#8220;][\/et_pb_fullwidth_image][\/et_pb_section][et_pb_section fb_built=&#8220;1&#8243; admin_label=&#8220;About&#8220; _builder_version=&#8220;4.25.1&#8243; _module_preset=&#8220;default&#8220; background_image=&#8220;https:\/\/ecoglass-optic.com\/wp-content\/uploads\/2024\/08\/prouzek-horni-popis.jpg&#8220; locked=&#8220;off&#8220; collapsed=&#8220;off&#8220; global_colors_info=&#8220;{}&#8220;][et_pb_row _builder_version=&#8220;4.27.4&#8243; _module_preset=&#8220;default&#8220; custom_margin_tablet=&#8220;-25px||-25px||false|false&#8220; custom_margin_phone=&#8220;-30px||-35px||false|false&#8220; custom_margin_last_edited=&#8220;on|phone&#8220; global_colors_info=&#8220;{}&#8220;][et_pb_column type=&#8220;4_4&#8243; _builder_version=&#8220;4.21.0&#8243; _module_preset=&#8220;default&#8220; global_colors_info=&#8220;{}&#8220;][et_pb_text _builder_version=&#8220;4.27.4&#8243; _module_preset=&#8220;default&#8220; header_font=&#8220;&#8211;et_global_heading_font|500||on|||||&#8220; header_text_align=&#8220;center&#8220; header_text_color=&#8220;#0158a2&#8243; header_font_size=&#8220;40px&#8220; header_line_height=&#8220;1.2em&#8220; custom_margin=&#8220;||-25px||false|false&#8220; custom_margin_tablet=&#8220;-15px||-40px||false|false&#8220; custom_margin_phone=&#8220;-15px||-50px||false|false&#8220; custom_margin_last_edited=&#8220;on|phone&#8220; custom_padding=&#8220;||0px||false|false&#8220; custom_padding_tablet=&#8220;||0px||false|false&#8220; custom_padding_phone=&#8220;||0px||false|false&#8220; custom_padding_last_edited=&#8220;on|desktop&#8220; header_font_size_tablet=&#8220;23px&#8220; header_font_size_phone=&#8220;18px&#8220; header_font_size_last_edited=&#8220;on|phone&#8220; global_colors_info=&#8220;{}&#8220;]<\/p>\n<h1><strong>Optika pro Pouli\u010dn\u00ed osv\u011btlen\u00ed<\/strong><\/h1>\n<p>[\/et_pb_text][\/et_pb_column][\/et_pb_row][\/et_pb_section][et_pb_section fb_built=&#8220;1&#8243; _builder_version=&#8220;4.27.0&#8243; _module_preset=&#8220;default&#8220; global_colors_info=&#8220;{}&#8220;][et_pb_row custom_padding_last_edited=&#8220;on|tablet&#8220; _builder_version=&#8220;4.27.4&#8243; _module_preset=&#8220;default&#8220; width=&#8220;90%&#8220; max_width=&#8220;1170px&#8220; custom_padding=&#8220;0px||||false|false&#8220; custom_padding_tablet=&#8220;0px||||false|false&#8220; custom_padding_phone=&#8220;0px||||false|false&#8220; global_colors_info=&#8220;{}&#8220;][et_pb_column type=&#8220;4_4&#8243; _builder_version=&#8220;4.25.1&#8243; _module_preset=&#8220;default&#8220; global_colors_info=&#8220;{}&#8220;][et_pb_text content_tablet=&#8220;<\/p>\n<p style=%22text-align: justify;%22><span style=%22font-weight: 400;%22>Sklo je jedin\u00fdm materi\u00e1lem, kter\u00fd EcoGlass pou\u017e\u00edv\u00e1 a propaguje a kter\u00fd p\u0159in\u00e1\u0161\u00ed z\u00e1kazn\u00edk\u016fm dlouhodobou stabilitu v\u00fdrobk\u016f pou\u017e\u00edvan\u00fdch venku nebo v n\u00e1ro\u010dn\u00fdch pr\u016fmyslov\u00fdch podm\u00ednk\u00e1ch.<br \/>V\u00fdrobci pouli\u010dn\u00edho a pr\u016fmyslov\u00e9ho osv\u011btlen\u00ed pou\u017e\u00edvaj\u00edc\u00ed na\u0161i sklen\u011bnou optiku dosahuj\u00ed optim\u00e1ln\u00ed \u00fa\u010dinnosti nejen p\u0159i \u010derstv\u00e9 instalaci, ale i po letech provozu. <\/span><\/p>\n<p style=%22text-align: justify;%22><span style=%22font-weight: 400;%22>Jsme schopni <\/span><strong>navrhovat optick\u00e9 komponenty<\/strong><span style=%22font-weight: 400;%22> podle po\u017eadavk\u016f z\u00e1kazn\u00edka a s ohledem na mimo\u0159\u00e1dn\u00fd optick\u00fd v\u00fdkon p\u0159i zachov\u00e1n\u00ed n\u00e1kladov\u011b efektivn\u00ed v\u00fdroby.<\/span><\/p>\n<p style=%22text-align: justify;%22><span style=%22font-weight: 400;%22>V\u011bt\u0161ina na\u0161ich \u010do\u010dek pro pouli\u010dn\u00ed osv\u011btlen\u00ed je vyrobena na zak\u00e1zku, ale nab\u00edz\u00edme tak\u00e9 jednu <\/span><strong>\u010do\u010dky optim\u00e1ln\u00ed pro pouli\u010dn\u00ed pou\u017eit\u00ed <\/strong><span style=%22font-weight: 400;%22>mezi na\u0161imi <\/span><strong>standardn\u00ed optiky.<\/strong><\/p>\n<p style=%22text-align: justify;%22><span style=%22font-weight: 400;%22>Sklo je materi\u00e1l, kter\u00fd lze recyklovat, a proto lze star\u0161\u00ed sklen\u011bn\u00e9 v\u00fdrobky vr\u00e1tit v\u00fdrobci skla a pou\u017e\u00edt je jako sklen\u011bnou dr\u0165.<br \/>Jsme p\u0159ipraveni p\u0159ijmout zp\u011bt v\u0161echny na\u0161e v\u00fdrobky, kter\u00e9 ji\u017e nejsou u na\u0161ich z\u00e1kazn\u00edk\u016f pot\u0159eba, a zajistit, aby dostaly novou \u0161anci u v\u00fdrobce skla.<br \/>Pou\u017e\u00edv\u00e1n\u00ed sklen\u011bn\u00fdch st\u0159ep\u016f v\u00fdrazn\u011b sni\u017euje spot\u0159ebu energie.<br \/>V\u00edce informac\u00ed o recyklaci skla se m\u016f\u017eete dozv\u011bd\u011bt na na\u0161ich str\u00e1nk\u00e1ch <\/span><strong>Str\u00e1nka s novinkami.<\/strong><\/p>\n<p>&#8220; content_phone=&#8220;<\/p>\n<p style=%22text-align: justify;%22><span style=%22font-weight: 400;%22>Sklo je jedin\u00fdm materi\u00e1lem, kter\u00fd EcoGlass pou\u017e\u00edv\u00e1 a propaguje a kter\u00fd p\u0159in\u00e1\u0161\u00ed z\u00e1kazn\u00edk\u016fm dlouhodobou stabilitu v\u00fdrobk\u016f pou\u017e\u00edvan\u00fdch venku nebo v n\u00e1ro\u010dn\u00fdch pr\u016fmyslov\u00fdch podm\u00ednk\u00e1ch.<br \/>V\u00fdrobci pouli\u010dn\u00edho a pr\u016fmyslov\u00e9ho osv\u011btlen\u00ed pou\u017e\u00edvaj\u00edc\u00ed na\u0161i sklen\u011bnou optiku dosahuj\u00ed optim\u00e1ln\u00ed \u00fa\u010dinnosti nejen p\u0159i \u010derstv\u00e9 instalaci, ale i po letech provozu. <\/span><\/p>\n<p style=%22text-align: justify;%22><span style=%22font-weight: 400;%22>Jsme schopni <\/span><strong>navrhovat optick\u00e9 komponenty<\/strong><span style=%22font-weight: 400;%22> podle po\u017eadavk\u016f z\u00e1kazn\u00edka a s ohledem na mimo\u0159\u00e1dn\u00fd optick\u00fd v\u00fdkon p\u0159i zachov\u00e1n\u00ed n\u00e1kladov\u011b efektivn\u00ed v\u00fdroby.<\/span><\/p>\n<p style=%22text-align: justify;%22><span style=%22font-weight: 400;%22>V\u011bt\u0161ina na\u0161ich \u010do\u010dek pro pouli\u010dn\u00ed osv\u011btlen\u00ed je vyrobena na zak\u00e1zku, ale nab\u00edz\u00edme tak\u00e9 jednu <\/span><strong>\u010do\u010dky optim\u00e1ln\u00ed pro pouli\u010dn\u00ed pou\u017eit\u00ed <\/strong><span style=%22font-weight: 400;%22>mezi na\u0161imi <\/span><strong>standardn\u00ed optiky.<\/strong><\/p>\n<p style=%22text-align: justify;%22><span style=%22font-weight: 400;%22>Sklo je materi\u00e1l, kter\u00fd lze recyklovat, a proto lze star\u0161\u00ed sklen\u011bn\u00e9 v\u00fdrobky vr\u00e1tit v\u00fdrobci skla a pou\u017e\u00edt je jako sklen\u011bnou dr\u0165.<br \/>Jsme p\u0159ipraveni p\u0159ijmout zp\u011bt v\u0161echny na\u0161e v\u00fdrobky, kter\u00e9 ji\u017e nejsou u na\u0161ich z\u00e1kazn\u00edk\u016f pot\u0159eba, a zajistit, aby dostaly novou \u0161anci u v\u00fdrobce skla.<br \/>Pou\u017e\u00edv\u00e1n\u00ed sklen\u011bn\u00fdch st\u0159ep\u016f v\u00fdrazn\u011b sni\u017euje spot\u0159ebu energie.<br \/>V\u00edce informac\u00ed o recyklaci skla se m\u016f\u017eete dozv\u011bd\u011bt na na\u0161ich str\u00e1nk\u00e1ch <\/span><strong>Str\u00e1nka s novinkami.<\/strong><\/p>\n<p>&#8220; content_last_edited=&#8220;on|phone&#8220; _builder_version=&#8220;4.27.4&#8243; _module_preset=&#8220;default&#8220; hover_enabled=&#8220;0&#8243; text_font_tablet=&#8220;&#8220; text_font_phone=&#8220;&#8220; text_font_last_edited=&#8220;on|desktop&#8220; text_text_color_tablet=&#8220;&#8220; text_text_color_phone=&#8220;&#8220; text_text_color_last_edited=&#8220;on|desktop&#8220; text_font_size_tablet=&#8220;16px&#8220; text_font_size_phone=&#8220;16px&#8220; text_font_size_last_edited=&#8220;on|phone&#8220; text_letter_spacing_tablet=&#8220;&#8220; text_letter_spacing_phone=&#8220;&#8220; text_letter_spacing_last_edited=&#8220;on|desktop&#8220; text_line_height_tablet=&#8220;&#8220; text_line_height_phone=&#8220;&#8220; text_line_height_last_edited=&#8220;on|desktop&#8220; text_orientation_tablet=&#8220;&#8220; text_orientation_phone=&#8220;&#8220; text_orientation_last_edited=&#8220;on|desktop&#8220; background_layout_tablet=&#8220;&#8220; background_layout_phone=&#8220;&#8220; background_layout_last_edited=&#8220;on|desktop&#8220; global_colors_info=&#8220;{}&#8220; sticky_enabled=&#8220;0&#8243;]<\/p>\n<p style=\"text-align: justify;\"><span style=\"font-weight: 400;\">ECOGLASS pou\u017e\u00edv\u00e1 pro v\u00fdrobu \u010do\u010dek pouze sklo, kter\u00e9 se ukazuje jako jedin\u00fd dlouhodob\u011b stabiln\u00ed materi\u00e1l pro venkovn\u00ed pou\u017eit\u00ed. V\u00fdrobci ve\u0159ejn\u00e9ho osv\u011btlen\u00ed dosahuj\u00ed se sklen\u011bnou optikou optim\u00e1ln\u00ed \u00fa\u010dinnosti nejen u nov\u00e9 instalace, ale tak\u00e9 po dlouhodob\u00e9m provozov\u00e1n\u00ed sv\u00edtidel.<\/span><\/p>\n<p style=\"text-align: justify;\"><span style=\"font-weight: 400;\">I kdy\u017e je v\u011bt\u0161ina na\u0161ich v\u00fdrobk\u016f v t\u00e9to kategorii dod\u00e1v\u00e1na z\u00e1kazn\u00edk\u016fm podle jejich designu, najdete v na\u0161\u00ed nab\u00eddce <\/span><a href=\"https:\/\/www.lustroveovesy.cz\/opticke-cocky\/\" target=\"_blank\" rel=\"noopener\"><span style=\"font-weight: 400;\">standardn\u00ed optiky<\/span><\/a><span style=\"font-weight: 400;\"> tak\u00e9 jednu \u010do\u010dku pro <\/span><a href=\"https:\/\/www.lustroveovesy.cz\/cocka-pro-led-poulicni-osvetleni-a569-7624\/\" target=\"_blank\" rel=\"noopener\"><span style=\"font-weight: 400;\">pouli\u010dn\u00ed osv\u011btlen\u00ed<\/span><\/a><span style=\"font-weight: 400;\">.<\/span><\/p>\n<p style=\"text-align: justify;\"><span style=\"font-weight: 400;\">V t\u00e9to kategorii jsme tak\u00e9 navrhli velk\u00fd po\u010det <\/span><span style=\"font-weight: 400;\">optick\u00fdch \u0159e\u0161en\u00ed<\/span><span style=\"font-weight: 400;\"> pro na\u0161e z\u00e1kazn\u00edky, kdy vych\u00e1z\u00edme v\u00fdrobc\u016fm vst\u0159\u00edc a \u0159e\u0161\u00edme <a href=\"https:\/\/ecoglass-optic.com\/cs\/poradenstvi\/\">tvar optiky<\/a> podle p\u0159\u00e1n\u00ed a zad\u00e1n\u00ed.<\/span><\/p>\n<p style=\"text-align: justify;\"><span style=\"font-weight: 400;\">Sklo je snadno recyklovateln\u00fd materi\u00e1l a proto lze jak\u00e9koliv na\u0161e star\u0161\u00ed v\u00fdrobky vr\u00e1tit k n\u00e1m do z\u00e1vodu a my zajist\u00edme jejich n\u00e1vrat do skl\u00e1rny, kde se pou\u017eij\u00ed jako st\u0159epy pro dal\u0161\u00ed v\u00fdrobu skla. Pod\u00edl st\u0159ep\u016f m\u00e1 p\u0159i tavb\u011b nov\u00e9ho skla velk\u00fd v\u00fdznam p\u0159i sn\u00ed\u017een\u00ed spot\u0159eby energie. V\u00edce informac\u00ed o recyklov\u00e1n\u00ed st\u0159ep\u016f v na\u0161\u00ed spole\u010dnosti naleznete na str\u00e1nce <\/span><a href=\"https:\/\/ecoglass-optic.com\/cs\/aktuality\/\"><span style=\"font-weight: 400;\">aktualit<\/span><\/a><span style=\"font-weight: 400;\">.<\/span><\/p>\n<p>[\/et_pb_text][\/et_pb_column][\/et_pb_row][et_pb_row _builder_version=&#8220;4.27.0&#8243; _module_preset=&#8220;default&#8220; width=&#8220;90%&#8220; max_width=&#8220;1170px&#8220; global_colors_info=&#8220;{}&#8220;][et_pb_column type=&#8220;4_4&#8243; _builder_version=&#8220;4.27.0&#8243; _module_preset=&#8220;default&#8220; global_colors_info=&#8220;{}&#8220;][difl_imagecarousel arrow=&#8220;on&#8220; arrow_prev_icon_use_icon=&#8220;off&#8220; arrow_next_icon_use_icon=&#8220;off&#8220; arrow_color=&#8220;#0057a2&#8243; _builder_version=&#8220;4.27.0&#8243; _module_preset=&#8220;default&#8220; global_colors_info=&#8220;{}&#8220;][difl_imagecarouselitem image=&#8220;https:\/\/ecoglass-optic.com\/wp-content\/uploads\/2024\/09\/DSC5777street-lighting.jpg&#8220; ic_button_button_url_new_window=&#8220;1&#8243; _builder_version=&#8220;4.27.0&#8243; _module_preset=&#8220;default&#8220; global_colors_info=&#8220;{}&#8220;][\/difl_imagecarouselitem][difl_imagecarouselitem image=&#8220;https:\/\/ecoglass-optic.com\/wp-content\/uploads\/2024\/09\/DSC5781street-lighting.jpg&#8220; ic_button_button_url_new_window=&#8220;1&#8243; _builder_version=&#8220;4.27.0&#8243; _module_preset=&#8220;default&#8220; global_colors_info=&#8220;{}&#8220;][\/difl_imagecarouselitem][difl_imagecarouselitem image=&#8220;https:\/\/ecoglass-optic.com\/wp-content\/uploads\/2024\/09\/DSC5800street-lighting.jpg&#8220; ic_button_button_url_new_window=&#8220;1&#8243; _builder_version=&#8220;4.27.0&#8243; _module_preset=&#8220;default&#8220; global_colors_info=&#8220;{}&#8220;][\/difl_imagecarouselitem][difl_imagecarouselitem image=&#8220;https:\/\/ecoglass-optic.com\/wp-content\/uploads\/2024\/09\/DSC5801street-lighting.jpg&#8220; ic_button_button_url_new_window=&#8220;1&#8243; _builder_version=&#8220;4.27.0&#8243; _module_preset=&#8220;default&#8220; global_colors_info=&#8220;{}&#8220;][\/difl_imagecarouselitem][difl_imagecarouselitem image=&#8220;https:\/\/ecoglass-optic.com\/wp-content\/uploads\/2024\/09\/DSC5802street-lighting.jpg&#8220; ic_button_button_url_new_window=&#8220;1&#8243; _builder_version=&#8220;4.27.0&#8243; _module_preset=&#8220;default&#8220; global_colors_info=&#8220;{}&#8220;][\/difl_imagecarouselitem][difl_imagecarouselitem image=&#8220;https:\/\/ecoglass-optic.com\/wp-content\/uploads\/2024\/09\/DSC5803.jpg&#8220; ic_button_button_url_new_window=&#8220;1&#8243; _builder_version=&#8220;4.27.0&#8243; _module_preset=&#8220;default&#8220; global_colors_info=&#8220;{}&#8220;][\/difl_imagecarouselitem][difl_imagecarouselitem image=&#8220;https:\/\/ecoglass-optic.com\/wp-content\/uploads\/2024\/09\/DSC6384.jpg&#8220; ic_button_button_url_new_window=&#8220;1&#8243; _builder_version=&#8220;4.27.0&#8243; _module_preset=&#8220;default&#8220; global_colors_info=&#8220;{}&#8220;][\/difl_imagecarouselitem][difl_imagecarouselitem image=&#8220;https:\/\/ecoglass-optic.com\/wp-content\/uploads\/2024\/09\/DSC6385.jpg&#8220; ic_button_button_url_new_window=&#8220;1&#8243; _builder_version=&#8220;4.27.0&#8243; _module_preset=&#8220;default&#8220; global_colors_info=&#8220;{}&#8220;][\/difl_imagecarouselitem][difl_imagecarouselitem image=&#8220;https:\/\/ecoglass-optic.com\/wp-content\/uploads\/2024\/09\/DSC6421.jpg&#8220; ic_button_button_url_new_window=&#8220;1&#8243; _builder_version=&#8220;4.27.0&#8243; _module_preset=&#8220;default&#8220; global_colors_info=&#8220;{}&#8220;][\/difl_imagecarouselitem][difl_imagecarouselitem image=&#8220;https:\/\/ecoglass-optic.com\/wp-content\/uploads\/2024\/09\/DSC6422.jpg&#8220; ic_button_button_url_new_window=&#8220;1&#8243; _builder_version=&#8220;4.27.0&#8243; _module_preset=&#8220;default&#8220; global_colors_info=&#8220;{}&#8220;][\/difl_imagecarouselitem][difl_imagecarouselitem image=&#8220;https:\/\/ecoglass-optic.com\/wp-content\/uploads\/2024\/09\/DSC6427.jpg&#8220; ic_button_button_url_new_window=&#8220;1&#8243; _builder_version=&#8220;4.27.0&#8243; _module_preset=&#8220;default&#8220; global_colors_info=&#8220;{}&#8220;][\/difl_imagecarouselitem][difl_imagecarouselitem image=&#8220;https:\/\/ecoglass-optic.com\/wp-content\/uploads\/2024\/09\/DSC6429.jpg&#8220; ic_button_button_url_new_window=&#8220;1&#8243; _builder_version=&#8220;4.27.0&#8243; _module_preset=&#8220;default&#8220; global_colors_info=&#8220;{}&#8220;][\/difl_imagecarouselitem][difl_imagecarouselitem image=&#8220;https:\/\/ecoglass-optic.com\/wp-content\/uploads\/2024\/09\/DSC6431.jpg&#8220; ic_button_button_url_new_window=&#8220;1&#8243; _builder_version=&#8220;4.27.0&#8243; _module_preset=&#8220;default&#8220; global_colors_info=&#8220;{}&#8220;][\/difl_imagecarouselitem][difl_imagecarouselitem image=&#8220;https:\/\/ecoglass-optic.com\/wp-content\/uploads\/2024\/09\/DSC6445.jpg&#8220; ic_button_button_url_new_window=&#8220;1&#8243; _builder_version=&#8220;4.27.0&#8243; _module_preset=&#8220;default&#8220; global_colors_info=&#8220;{}&#8220;][\/difl_imagecarouselitem][difl_imagecarouselitem image=&#8220;https:\/\/ecoglass-optic.com\/wp-content\/uploads\/2024\/09\/DSC6447.jpg&#8220; ic_button_button_url_new_window=&#8220;1&#8243; _builder_version=&#8220;4.27.0&#8243; _module_preset=&#8220;default&#8220; global_colors_info=&#8220;{}&#8220;][\/difl_imagecarouselitem][difl_imagecarouselitem image=&#8220;https:\/\/ecoglass-optic.com\/wp-content\/uploads\/2024\/09\/DSC6637.jpg&#8220; ic_button_button_url_new_window=&#8220;1&#8243; _builder_version=&#8220;4.27.0&#8243; _module_preset=&#8220;default&#8220; global_colors_info=&#8220;{}&#8220;][\/difl_imagecarouselitem][difl_imagecarouselitem image=&#8220;https:\/\/ecoglass-optic.com\/wp-content\/uploads\/2024\/09\/DSC6638.jpg&#8220; ic_button_button_url_new_window=&#8220;1&#8243; _builder_version=&#8220;4.27.0&#8243; _module_preset=&#8220;default&#8220; global_colors_info=&#8220;{}&#8220;][\/difl_imagecarouselitem][difl_imagecarouselitem image=&#8220;https:\/\/ecoglass-optic.com\/wp-content\/uploads\/2024\/09\/DSC6640.jpg&#8220; ic_button_button_url_new_window=&#8220;1&#8243; _builder_version=&#8220;4.27.0&#8243; _module_preset=&#8220;default&#8220; global_colors_info=&#8220;{}&#8220;][\/difl_imagecarouselitem][difl_imagecarouselitem image=&#8220;https:\/\/ecoglass-optic.com\/wp-content\/uploads\/2024\/09\/DSC6641.jpg&#8220; ic_button_button_url_new_window=&#8220;1&#8243; _builder_version=&#8220;4.27.0&#8243; _module_preset=&#8220;default&#8220; global_colors_info=&#8220;{}&#8220;][\/difl_imagecarouselitem][difl_imagecarouselitem image=&#8220;https:\/\/ecoglass-optic.com\/wp-content\/uploads\/2024\/09\/DSC6643.jpg&#8220; ic_button_button_url_new_window=&#8220;1&#8243; _builder_version=&#8220;4.27.0&#8243; _module_preset=&#8220;default&#8220; global_colors_info=&#8220;{}&#8220;][\/difl_imagecarouselitem][difl_imagecarouselitem image=&#8220;https:\/\/ecoglass-optic.com\/wp-content\/uploads\/2024\/09\/DSC6644.jpg&#8220; ic_button_button_url_new_window=&#8220;1&#8243; _builder_version=&#8220;4.27.0&#8243; _module_preset=&#8220;default&#8220; global_colors_info=&#8220;{}&#8220;][\/difl_imagecarouselitem][difl_imagecarouselitem image=&#8220;https:\/\/ecoglass-optic.com\/wp-content\/uploads\/2024\/09\/DSC6661.jpg&#8220; ic_button_button_url_new_window=&#8220;1&#8243; _builder_version=&#8220;4.27.0&#8243; _module_preset=&#8220;default&#8220; global_colors_info=&#8220;{}&#8220;][\/difl_imagecarouselitem][difl_imagecarouselitem image=&#8220;https:\/\/ecoglass-optic.com\/wp-content\/uploads\/2024\/09\/DSC6662.jpg&#8220; ic_button_button_url_new_window=&#8220;1&#8243; _builder_version=&#8220;4.27.0&#8243; _module_preset=&#8220;default&#8220; global_colors_info=&#8220;{}&#8220;][\/difl_imagecarouselitem][\/difl_imagecarousel][\/et_pb_column][\/et_pb_row][\/et_pb_section]<\/p>\n","protected":false},"excerpt":{"rendered":"<p>Optika pro Pouli\u010dn\u00ed osv\u011btlen\u00edECOGLASS pou\u017e\u00edv\u00e1 pro v\u00fdrobu \u010do\u010dek pouze sklo, kter\u00e9 se ukazuje jako jedin\u00fd dlouhodob\u011b stabiln\u00ed materi\u00e1l pro venkovn\u00ed pou\u017eit\u00ed. V\u00fdrobci ve\u0159ejn\u00e9ho osv\u011btlen\u00ed dosahuj\u00ed se sklen\u011bnou optikou optim\u00e1ln\u00ed \u00fa\u010dinnosti nejen u nov\u00e9 instalace, ale tak\u00e9 po dlouhodob\u00e9m provozov\u00e1n\u00ed sv\u00edtidel. I kdy\u017e je v\u011bt\u0161ina na\u0161ich v\u00fdrobk\u016f v t\u00e9to kategorii dod\u00e1v\u00e1na z\u00e1kazn\u00edk\u016fm podle jejich designu, najdete [&hellip;]<\/p>\n","protected":false},"author":2,"featured_media":0,"parent":0,"menu_order":0,"comment_status":"closed","ping_status":"closed","template":"","meta":{"_et_pb_use_builder":"on","_et_pb_old_content":"","_et_gb_content_width":"","footnotes":""},"difl_page_category":[],"class_list":["post-987513505","page","type-page","status-publish","hentry"],"_links":{"self":[{"href":"https:\/\/ecoglass-optic.com\/cs\/wp-json\/wp\/v2\/pages\/987513505","targetHints":{"allow":["GET"]}}],"collection":[{"href":"https:\/\/ecoglass-optic.com\/cs\/wp-json\/wp\/v2\/pages"}],"about":[{"href":"https:\/\/ecoglass-optic.com\/cs\/wp-json\/wp\/v2\/types\/page"}],"author":[{"embeddable":true,"href":"https:\/\/ecoglass-optic.com\/cs\/wp-json\/wp\/v2\/users\/2"}],"replies":[{"embeddable":true,"href":"https:\/\/ecoglass-optic.com\/cs\/wp-json\/wp\/v2\/comments?post=987513505"}],"version-history":[{"count":5,"href":"https:\/\/ecoglass-optic.com\/cs\/wp-json\/wp\/v2\/pages\/987513505\/revisions"}],"predecessor-version":[{"id":987516521,"href":"https:\/\/ecoglass-optic.com\/cs\/wp-json\/wp\/v2\/pages\/987513505\/revisions\/987516521"}],"wp:attachment":[{"href":"https:\/\/ecoglass-optic.com\/cs\/wp-json\/wp\/v2\/media?parent=987513505"}],"wp:term":[{"taxonomy":"difl_page_category","embeddable":true,"href":"https:\/\/ecoglass-optic.com\/cs\/wp-json\/wp\/v2\/difl_page_category?post=987513505"}],"curies":[{"name":"wp","href":"https:\/\/api.w.org\/{rel}","templated":true}]}}