{"id":987513504,"date":"2024-08-02T14:24:41","date_gmt":"2024-08-02T12:24:41","guid":{"rendered":"https:\/\/ecoglass-optic.com\/zeleznice\/"},"modified":"2025-08-18T08:56:48","modified_gmt":"2025-08-18T06:56:48","slug":"optika-pro-zeleznice-vlaky","status":"publish","type":"page","link":"https:\/\/ecoglass-optic.com\/cs\/optika-pro-zeleznice-vlaky\/","title":{"rendered":"Optika pro \u017deleznice"},"content":{"rendered":"<p>[et_pb_section fb_built=&#8220;1&#8243; fullwidth=&#8220;on&#8220; _builder_version=&#8220;4.27.4&#8243; _module_preset=&#8220;default&#8220; global_colors_info=&#8220;{}&#8220;][et_pb_fullwidth_image src=&#8220;https:\/\/ecoglass-optic.com\/wp-content\/uploads\/2025\/06\/Railway_final_70.jpg&#8220; title_text=&#8220;Railway_final_70%&#8220; _builder_version=&#8220;4.27.4&#8243; _module_preset=&#8220;default&#8220; global_colors_info=&#8220;{}&#8220;][\/et_pb_fullwidth_image][\/et_pb_section][et_pb_section fb_built=&#8220;1&#8243; admin_label=&#8220;About&#8220; _builder_version=&#8220;4.25.1&#8243; _module_preset=&#8220;default&#8220; background_image=&#8220;https:\/\/ecoglass-optic.com\/wp-content\/uploads\/2024\/08\/prouzek-horni-popis.jpg&#8220; locked=&#8220;off&#8220; collapsed=&#8220;off&#8220; global_colors_info=&#8220;{}&#8220;][et_pb_row custom_padding_last_edited=&#8220;on|tablet&#8220; _builder_version=&#8220;4.27.4&#8243; _module_preset=&#8220;default&#8220; custom_margin_tablet=&#8220;-25px||-25px||false|false&#8220; custom_margin_phone=&#8220;-30px||-35px||false|false&#8220; custom_margin_last_edited=&#8220;on|phone&#8220; custom_padding_tablet=&#8220;0px||||false|false&#8220; custom_padding_phone=&#8220;0px||||false|false&#8220; global_colors_info=&#8220;{}&#8220;][et_pb_column type=&#8220;4_4&#8243; _builder_version=&#8220;4.21.0&#8243; _module_preset=&#8220;default&#8220; global_colors_info=&#8220;{}&#8220;][et_pb_text _builder_version=&#8220;4.27.4&#8243; _module_preset=&#8220;default&#8220; header_font=&#8220;&#8211;et_global_heading_font|500||on|||||&#8220; header_text_align=&#8220;center&#8220; header_text_color=&#8220;#0158a2&#8243; header_font_size=&#8220;40px&#8220; header_line_height=&#8220;1.2em&#8220; custom_margin=&#8220;||-25px||false|false&#8220; custom_margin_tablet=&#8220;-15px||-40px||false|false&#8220; custom_margin_phone=&#8220;-15px||-50px||false|false&#8220; custom_margin_last_edited=&#8220;on|phone&#8220; custom_padding=&#8220;||0px||false|false&#8220; custom_padding_tablet=&#8220;||0px||false|false&#8220; custom_padding_phone=&#8220;||0px||false|false&#8220; custom_padding_last_edited=&#8220;on|desktop&#8220; header_font_size_tablet=&#8220;23px&#8220; header_font_size_phone=&#8220;17px&#8220; header_font_size_last_edited=&#8220;on|phone&#8220; global_colors_info=&#8220;{}&#8220;]<\/p>\n<h1><strong>Optika pro \u017eeleznici, sv\u011btlomety vlak\u016f a sign\u00e1ln\u00ed sv\u011btla<\/strong><\/h1>\n<p>[\/et_pb_text][\/et_pb_column][\/et_pb_row][\/et_pb_section][et_pb_section fb_built=&#8220;1&#8243; _builder_version=&#8220;4.27.0&#8243; _module_preset=&#8220;default&#8220; global_colors_info=&#8220;{}&#8220;][et_pb_row custom_padding_last_edited=&#8220;on|phone&#8220; _builder_version=&#8220;4.27.4&#8243; _module_preset=&#8220;default&#8220; width=&#8220;90%&#8220; max_width=&#8220;1170px&#8220; custom_padding=&#8220;0px||||false|false&#8220; custom_padding_tablet=&#8220;0px||||false|false&#8220; custom_padding_phone=&#8220;0px||||false|false&#8220; global_colors_info=&#8220;{}&#8220;][et_pb_column type=&#8220;4_4&#8243; _builder_version=&#8220;4.25.1&#8243; _module_preset=&#8220;default&#8220; global_colors_info=&#8220;{}&#8220;][et_pb_text content_tablet=&#8220;<\/p>\n<p style=%22text-align: justify;%22><span style=%22font-weight: 400;%22>Spole\u010dnost ECOGLASS m\u00e1 dlouholet\u00e9 zku\u0161enosti s navrhov\u00e1n\u00edm, v\u00fdrobou a dod\u00e1vkami optiky pro vlakov\u00e9 sv\u011btlomety a sign\u00e1ln\u00ed sv\u011btla.<br \/>Na\u0161e v\u00fdrobky najdete ve sv\u011btlometech v\u011bt\u0161iny vlak\u016f v \u010cesk\u00e9 republice nebo v sign\u00e1ln\u00edch sv\u011btlech pra\u017esk\u00e9ho metra. <\/span><\/p>\n<p style=%22text-align: justify;%22><span style=%22font-weight: 400;%22>Po\u017eadavky na sv\u011btlomety vlak\u016f jsou v posledn\u00edch letech slo\u017eit\u011bj\u0161\u00ed.<br \/>Optika mus\u00ed b\u00fdt spr\u00e1vn\u011b navr\u017eena, aby byl zaru\u010den rychl\u00fd pokles intenzity a homogenn\u00ed osv\u011btlen\u00ed po\u017eadovan\u00e9 oblasti.<br \/>M\u00e1me zku\u0161enosti s <\/span><strong><span style=%22text-decoration: underline;%22>optick\u00fd design <\/span><\/strong><span style=%22font-weight: 400;%22>respektov\u00e1n\u00ed t\u011bchto vysok\u00fdch standard\u016f a jsme p\u0159ipraveni v\u00e1s podpo\u0159it.<\/span><\/p>\n<p style=%22text-align: justify;%22><span style=%22font-weight: 400;%22>Pokud je t\u0159eba nahradit star\u0161\u00ed verzi sv\u011bteln\u00e9ho zdroje nov\u00fdm zdrojem LED, m\u011bla by b\u00fdt optika optimalizov\u00e1na p\u0159i n\u00e1vrhu tak, aby byla dodr\u017eena p\u016fvodn\u00ed optick\u00e1 funkce a po\u017eadavky na osv\u011btlen\u00ed.<br \/>M\u016f\u017eeme p\u0159epracovat optick\u00fd prvek a dos\u00e1hnout po\u017eadavk\u016f na osv\u011btlen\u00ed p\u0159i zachov\u00e1n\u00ed st\u00e1vaj\u00edc\u00edch parametr\u016f mont\u00e1\u017ee.<br \/>T\u00edm se sn\u00ed\u017e\u00ed investice do v\u00fdzkumu a v\u00fdvoje zcela nov\u00e9ho sv\u011btla. <\/span><\/p>\n<p style=%22text-align: justify;%22><span style=%22font-weight: 400;%22>S ohledem na na\u0161i v\u00fdrobn\u00ed technologii lze optickou konstrukci doplnit o mont\u00e1\u017en\u00ed a polohovac\u00ed prvky.<\/span><span style=%22font-weight: 400;%22><br \/><\/span><\/p>\n<p>&#8220; content_phone=&#8220;<\/p>\n<p style=%22text-align: justify;%22><span style=%22font-weight: 400;%22>Spole\u010dnost ECOGLASS m\u00e1 dlouholet\u00e9 zku\u0161enosti s navrhov\u00e1n\u00edm, v\u00fdrobou a dod\u00e1vkami optiky pro vlakov\u00e9 sv\u011btlomety a sign\u00e1ln\u00ed sv\u011btla.<br \/>Na\u0161e v\u00fdrobky najdete ve sv\u011btlometech v\u011bt\u0161iny vlak\u016f v \u010cesk\u00e9 republice nebo v sign\u00e1ln\u00edch sv\u011btlech pra\u017esk\u00e9ho metra. <\/span><\/p>\n<p style=%22text-align: justify;%22><span style=%22font-weight: 400;%22>Po\u017eadavky na sv\u011btlomety vlak\u016f jsou v posledn\u00edch letech slo\u017eit\u011bj\u0161\u00ed.<br \/>Optika mus\u00ed b\u00fdt spr\u00e1vn\u011b navr\u017eena, aby byl zaru\u010den rychl\u00fd pokles intenzity a homogenn\u00ed osv\u011btlen\u00ed po\u017eadovan\u00e9 oblasti.<br \/>M\u00e1me zku\u0161enosti s <\/span><strong><span style=%22text-decoration: underline;%22>optick\u00fd design <\/span><\/strong><span style=%22font-weight: 400;%22>respektov\u00e1n\u00ed t\u011bchto vysok\u00fdch standard\u016f a jsme p\u0159ipraveni v\u00e1s podpo\u0159it.<\/span><\/p>\n<p style=%22text-align: justify;%22><span style=%22font-weight: 400;%22>Pokud je t\u0159eba nahradit star\u0161\u00ed verzi sv\u011bteln\u00e9ho zdroje nov\u00fdm zdrojem LED, m\u011bla by b\u00fdt optika optimalizov\u00e1na p\u0159i n\u00e1vrhu tak, aby byla dodr\u017eena p\u016fvodn\u00ed optick\u00e1 funkce a po\u017eadavky na osv\u011btlen\u00ed.<br \/>M\u016f\u017eeme p\u0159epracovat optick\u00fd prvek a dos\u00e1hnout po\u017eadavk\u016f na osv\u011btlen\u00ed p\u0159i zachov\u00e1n\u00ed st\u00e1vaj\u00edc\u00edch parametr\u016f mont\u00e1\u017ee.<br \/>T\u00edm se sn\u00ed\u017e\u00ed investice do v\u00fdzkumu a v\u00fdvoje zcela nov\u00e9ho sv\u011btla. <\/span><\/p>\n<p style=%22text-align: justify;%22><span style=%22font-weight: 400;%22>S ohledem na na\u0161i v\u00fdrobn\u00ed technologii lze optickou konstrukci doplnit o mont\u00e1\u017en\u00ed a polohovac\u00ed prvky.<\/span><span style=%22font-weight: 400;%22><br \/><\/span><\/p>\n<p>&#8220; content_last_edited=&#8220;on|phone&#8220; _builder_version=&#8220;4.27.4&#8243; _module_preset=&#8220;default&#8220; hover_enabled=&#8220;0&#8243; text_font_tablet=&#8220;&#8220; text_font_phone=&#8220;&#8220; text_font_last_edited=&#8220;on|desktop&#8220; text_text_color_tablet=&#8220;&#8220; text_text_color_phone=&#8220;&#8220; text_text_color_last_edited=&#8220;on|desktop&#8220; text_font_size_tablet=&#8220;16px&#8220; text_font_size_phone=&#8220;16px&#8220; text_font_size_last_edited=&#8220;on|phone&#8220; text_letter_spacing_tablet=&#8220;&#8220; text_letter_spacing_phone=&#8220;&#8220; text_letter_spacing_last_edited=&#8220;on|desktop&#8220; text_line_height_tablet=&#8220;&#8220; text_line_height_phone=&#8220;&#8220; text_line_height_last_edited=&#8220;on|desktop&#8220; text_orientation_tablet=&#8220;&#8220; text_orientation_phone=&#8220;&#8220; text_orientation_last_edited=&#8220;on|desktop&#8220; background_layout_tablet=&#8220;&#8220; background_layout_phone=&#8220;&#8220; background_layout_last_edited=&#8220;on|desktop&#8220; global_colors_info=&#8220;{}&#8220; sticky_enabled=&#8220;0&#8243;]<\/p>\n<p style=\"text-align: justify;\"><span style=\"font-weight: 400;\">ECOGLASS, a.s. m\u00e1 zku\u0161enost s n\u00e1vrhem, v\u00fdrobou a dod\u00e1vkami sklen\u011bn\u00fdch optik do \u010deln\u00edch sv\u011btlomet\u016f, pozi\u010dn\u00edch nebo koncov\u00fdch sv\u011btel vlak\u016f.<\/span><\/p>\n<p style=\"text-align: justify;\"><span style=\"font-weight: 400;\">Na\u0161e komponenty naleznete ve v\u011bt\u0161in\u011b vlak\u016f, kter\u00e9 jezd\u00ed v \u010cesk\u00e9 Republice nebo i v n\u00e1v\u011bstidle v <a href=\"https:\/\/www.linkedin.com\/feed\/update\/urn:li:activity:7215950255777820673\/\" target=\"_blank\" rel=\"noopener\">pra\u017esk\u00e9m metru<\/a>.<\/span><\/p>\n<p style=\"text-align: justify;\"><span style=\"font-weight: 400;\">Normativn\u00ed po\u017eadavky se v posledn\u00edch letech neust\u00e1le zp\u0159\u00eds\u0148uj\u00ed. P\u0159esn\u00fd tvar optiky stejn\u011b tak jako spolehliv\u00fd optick\u00fd design jsou tak nezbytn\u00e9 pro zaji\u0161t\u011bn\u00ed spr\u00e1vn\u00e9 funkce. S <\/span><a href=\"https:\/\/ecoglass-optic.com\/cs\/poradenstvi\/\"><span style=\"font-weight: 400;\">optick\u00fdm n\u00e1vrhem<\/span><\/a><span style=\"font-weight: 400;\"> m\u00e1me dlouholet\u00e9 zku\u0161enosti a jsme p\u0159ipraveni podpo\u0159it v\u00e1\u0161 intern\u00ed v\u00fdvoj.<\/span><\/p>\n<p style=\"text-align: justify;\"><span style=\"font-weight: 400;\">Mezi na\u0161e \u00fasp\u011b\u0161n\u00e9 projekty pat\u0159\u00ed i n\u00e1hrada star\u0161\u00ed optiky, kter\u00e1 dob\u0159e fungovala se \u017e\u00e1rovkov\u00fdm zdrojem, ale p\u0159i p\u0159echodu na LED zdroje s ni\u017e\u0161\u00ed spot\u0159ebou energi\u00ed, bylo nezbytn\u00e9 optick\u00fd design komponentu upravit. \u010casto \u00faprava sklen\u011bn\u00e9 optiky umo\u017en\u00ed ponech\u00e1n\u00ed zbyl\u00fdch komponent\u016f cel\u00e9ho sv\u011btla a t\u00edm \u00fasporu n\u00e1klad\u016f i zdroj\u016f a zajist\u00ed del\u0161\u00ed \u017eivotnost pro cel\u00fd optick\u00fd syst\u00e9m.<\/span><\/p>\n<p style=\"text-align: justify;\"><span style=\"font-weight: 400;\">Na optick\u00e9 d\u00edly je mo\u017en\u00e9 navrhnout vhodn\u00e9 mont\u00e1\u017en\u00ed a pozi\u010dn\u00ed prvky.<\/span><\/p>\n<p>[\/et_pb_text][\/et_pb_column][\/et_pb_row][et_pb_row _builder_version=&#8220;4.27.0&#8243; _module_preset=&#8220;default&#8220; width=&#8220;90%&#8220; max_width=&#8220;1170px&#8220; global_colors_info=&#8220;{}&#8220;][et_pb_column type=&#8220;4_4&#8243; _builder_version=&#8220;4.27.0&#8243; _module_preset=&#8220;default&#8220; global_colors_info=&#8220;{}&#8220;][difl_imagecarousel arrow=&#8220;on&#8220; arrow_prev_icon_use_icon=&#8220;off&#8220; arrow_next_icon_use_icon=&#8220;off&#8220; arrow_color=&#8220;#0057a2&#8243; _builder_version=&#8220;4.27.0&#8243; _module_preset=&#8220;default&#8220; global_colors_info=&#8220;{}&#8220;][difl_imagecarouselitem image=&#8220;https:\/\/ecoglass-optic.com\/wp-content\/uploads\/2024\/09\/DSC6387-1.jpg&#8220; ic_button_button_url_new_window=&#8220;1&#8243; _builder_version=&#8220;4.27.0&#8243; _module_preset=&#8220;default&#8220; global_colors_info=&#8220;{}&#8220;][\/difl_imagecarouselitem][difl_imagecarouselitem image=&#8220;https:\/\/ecoglass-optic.com\/wp-content\/uploads\/2024\/09\/DSC6388.jpg&#8220; ic_button_button_url_new_window=&#8220;1&#8243; _builder_version=&#8220;4.27.0&#8243; _module_preset=&#8220;default&#8220; global_colors_info=&#8220;{}&#8220;][\/difl_imagecarouselitem][difl_imagecarouselitem image=&#8220;https:\/\/ecoglass-optic.com\/wp-content\/uploads\/2024\/09\/DSC6413.jpg&#8220; ic_button_button_url_new_window=&#8220;1&#8243; _builder_version=&#8220;4.27.0&#8243; _module_preset=&#8220;default&#8220; global_colors_info=&#8220;{}&#8220;][\/difl_imagecarouselitem][difl_imagecarouselitem image=&#8220;https:\/\/ecoglass-optic.com\/wp-content\/uploads\/2024\/09\/DSC6621.jpg&#8220; ic_button_button_url_new_window=&#8220;1&#8243; _builder_version=&#8220;4.27.0&#8243; _module_preset=&#8220;default&#8220; global_colors_info=&#8220;{}&#8220;][\/difl_imagecarouselitem][difl_imagecarouselitem image=&#8220;https:\/\/ecoglass-optic.com\/wp-content\/uploads\/2024\/09\/DSC6623.jpg&#8220; ic_button_button_url_new_window=&#8220;1&#8243; _builder_version=&#8220;4.27.0&#8243; _module_preset=&#8220;default&#8220; global_colors_info=&#8220;{}&#8220;][\/difl_imagecarouselitem][difl_imagecarouselitem image=&#8220;https:\/\/ecoglass-optic.com\/wp-content\/uploads\/2024\/09\/DSC6624.jpg&#8220; ic_button_button_url_new_window=&#8220;1&#8243; _builder_version=&#8220;4.27.0&#8243; _module_preset=&#8220;default&#8220; global_colors_info=&#8220;{}&#8220;][\/difl_imagecarouselitem][difl_imagecarouselitem image=&#8220;https:\/\/ecoglass-optic.com\/wp-content\/uploads\/2024\/09\/DSC6668.jpg&#8220; ic_button_button_url_new_window=&#8220;1&#8243; _builder_version=&#8220;4.27.0&#8243; _module_preset=&#8220;default&#8220; global_colors_info=&#8220;{}&#8220;][\/difl_imagecarouselitem][difl_imagecarouselitem image=&#8220;https:\/\/ecoglass-optic.com\/wp-content\/uploads\/2024\/09\/DSC6669.jpg&#8220; ic_button_button_url_new_window=&#8220;1&#8243; _builder_version=&#8220;4.27.0&#8243; _module_preset=&#8220;default&#8220; global_colors_info=&#8220;{}&#8220;][\/difl_imagecarouselitem][\/difl_imagecarousel][\/et_pb_column][\/et_pb_row][\/et_pb_section]<\/p>\n","protected":false},"excerpt":{"rendered":"<p>Optika pro \u017eeleznici, sv\u011btlomety vlak\u016f a sign\u00e1ln\u00ed sv\u011btlaECOGLASS, a.s. m\u00e1 zku\u0161enost s n\u00e1vrhem, v\u00fdrobou a dod\u00e1vkami sklen\u011bn\u00fdch optik do \u010deln\u00edch sv\u011btlomet\u016f, pozi\u010dn\u00edch nebo koncov\u00fdch sv\u011btel vlak\u016f. Na\u0161e komponenty naleznete ve v\u011bt\u0161in\u011b vlak\u016f, kter\u00e9 jezd\u00ed v \u010cesk\u00e9 Republice nebo i v n\u00e1v\u011bstidle v pra\u017esk\u00e9m metru. Normativn\u00ed po\u017eadavky se v posledn\u00edch letech neust\u00e1le zp\u0159\u00eds\u0148uj\u00ed. P\u0159esn\u00fd tvar optiky [&hellip;]<\/p>\n","protected":false},"author":2,"featured_media":0,"parent":0,"menu_order":0,"comment_status":"closed","ping_status":"closed","template":"","meta":{"_et_pb_use_builder":"on","_et_pb_old_content":"","_et_gb_content_width":"","footnotes":""},"difl_page_category":[],"class_list":["post-987513504","page","type-page","status-publish","hentry"],"_links":{"self":[{"href":"https:\/\/ecoglass-optic.com\/cs\/wp-json\/wp\/v2\/pages\/987513504","targetHints":{"allow":["GET"]}}],"collection":[{"href":"https:\/\/ecoglass-optic.com\/cs\/wp-json\/wp\/v2\/pages"}],"about":[{"href":"https:\/\/ecoglass-optic.com\/cs\/wp-json\/wp\/v2\/types\/page"}],"author":[{"embeddable":true,"href":"https:\/\/ecoglass-optic.com\/cs\/wp-json\/wp\/v2\/users\/2"}],"replies":[{"embeddable":true,"href":"https:\/\/ecoglass-optic.com\/cs\/wp-json\/wp\/v2\/comments?post=987513504"}],"version-history":[{"count":4,"href":"https:\/\/ecoglass-optic.com\/cs\/wp-json\/wp\/v2\/pages\/987513504\/revisions"}],"predecessor-version":[{"id":987516520,"href":"https:\/\/ecoglass-optic.com\/cs\/wp-json\/wp\/v2\/pages\/987513504\/revisions\/987516520"}],"wp:attachment":[{"href":"https:\/\/ecoglass-optic.com\/cs\/wp-json\/wp\/v2\/media?parent=987513504"}],"wp:term":[{"taxonomy":"difl_page_category","embeddable":true,"href":"https:\/\/ecoglass-optic.com\/cs\/wp-json\/wp\/v2\/difl_page_category?post=987513504"}],"curies":[{"name":"wp","href":"https:\/\/api.w.org\/{rel}","templated":true}]}}