{"id":987513501,"date":"2024-08-02T14:22:19","date_gmt":"2024-08-02T12:22:19","guid":{"rendered":"https:\/\/ecoglass-optic.com\/dily-interieru-automobilu\/"},"modified":"2025-08-18T09:38:57","modified_gmt":"2025-08-18T07:38:57","slug":"interierove-sklenene-dily-do-aut","status":"publish","type":"page","link":"https:\/\/ecoglass-optic.com\/cs\/interierove-sklenene-dily-do-aut\/","title":{"rendered":"D\u00edly interi\u00e9ru automobil\u016f"},"content":{"rendered":"<p>[et_pb_section fb_built=&#8220;1&#8243; fullwidth=&#8220;on&#8220; _builder_version=&#8220;4.27.4&#8243; _module_preset=&#8220;default&#8220; global_colors_info=&#8220;{}&#8220;][et_pb_fullwidth_image src=&#8220;https:\/\/ecoglass-optic.com\/wp-content\/uploads\/2025\/07\/Glass-parts-for-automotive-interior_final_1_70.jpg&#8220; title_text=&#8220;Glass parts for automotive interior_final_1_70%&#8220; _builder_version=&#8220;4.27.4&#8243; _module_preset=&#8220;default&#8220; global_colors_info=&#8220;{}&#8220;][\/et_pb_fullwidth_image][\/et_pb_section][et_pb_section fb_built=&#8220;1&#8243; admin_label=&#8220;About&#8220; _builder_version=&#8220;4.25.1&#8243; _module_preset=&#8220;default&#8220; background_image=&#8220;https:\/\/ecoglass-optic.com\/wp-content\/uploads\/2024\/08\/prouzek-horni-popis.jpg&#8220; locked=&#8220;off&#8220; collapsed=&#8220;off&#8220; global_colors_info=&#8220;{}&#8220;][et_pb_row _builder_version=&#8220;4.27.4&#8243; _module_preset=&#8220;default&#8220; custom_margin_tablet=&#8220;-25px||-25px||false|false&#8220; custom_margin_phone=&#8220;-30px||-35px||false|false&#8220; custom_margin_last_edited=&#8220;on|phone&#8220; global_colors_info=&#8220;{}&#8220;][et_pb_column type=&#8220;4_4&#8243; _builder_version=&#8220;4.21.0&#8243; _module_preset=&#8220;default&#8220; global_colors_info=&#8220;{}&#8220;][et_pb_text _builder_version=&#8220;4.27.4&#8243; _module_preset=&#8220;default&#8220; header_font=&#8220;&#8211;et_global_heading_font|500||on|||||&#8220; header_text_align=&#8220;center&#8220; header_text_color=&#8220;#0158a2&#8243; header_font_size=&#8220;40px&#8220; header_line_height=&#8220;1.2em&#8220; custom_margin=&#8220;||-25px||false|false&#8220; custom_margin_tablet=&#8220;-15px||-40px||false|false&#8220; custom_margin_phone=&#8220;-15px||-50px||false|false&#8220; custom_margin_last_edited=&#8220;on|desktop&#8220; header_font_size_tablet=&#8220;23px&#8220; header_font_size_phone=&#8220;17px&#8220; header_font_size_last_edited=&#8220;on|phone&#8220; global_colors_info=&#8220;{}&#8220;]<\/p>\n<h1><strong>Interi\u00e9rov\u00e9 sklen\u011bn\u00e9 d\u00edly do aut<\/strong><\/h1>\n<p>[\/et_pb_text][\/et_pb_column][\/et_pb_row][\/et_pb_section][et_pb_section fb_built=&#8220;1&#8243; _builder_version=&#8220;4.27.0&#8243; _module_preset=&#8220;default&#8220; global_colors_info=&#8220;{}&#8220;][et_pb_row custom_padding_last_edited=&#8220;on|phone&#8220; _builder_version=&#8220;4.27.4&#8243; _module_preset=&#8220;default&#8220; width=&#8220;90%&#8220; max_width=&#8220;1170px&#8220; custom_margin_tablet=&#8220;&#8220; custom_margin_phone=&#8220;-10px||||false|false&#8220; custom_margin_last_edited=&#8220;on|phone&#8220; custom_padding=&#8220;0px||||false|false&#8220; custom_padding_tablet=&#8220;0px||||false|false&#8220; custom_padding_phone=&#8220;0px||||false|false&#8220; global_colors_info=&#8220;{}&#8220;][et_pb_column type=&#8220;4_4&#8243; _builder_version=&#8220;4.25.1&#8243; _module_preset=&#8220;default&#8220; global_colors_info=&#8220;{}&#8220;][et_pb_text content_tablet=&#8220;<\/p>\n<p style=%22text-align: justify;%22><span style=%22font-weight: 400;%22>ECOGLASS je velmi stabiln\u00edm a spolehliv\u00fdm dodavatelem. <\/span><b>pro automobilov\u00fd pr\u016fmysl ji\u017e od roku 1995<\/b><span style=%22font-weight: 400;%22>.<\/span><\/p>\n<p style=%22text-align: justify;%22><b>Sklen\u011bn\u00e9 komponenty <\/b><b>a d\u00edly <\/b><span style=%22font-weight: 400;%22>p\u0159in\u00e1\u0161ej\u00ed vy\u0161\u0161\u00ed p\u0159idanou hodnotu v <\/span><b>kvalitu <\/b><span style=%22font-weight: 400;%22>a zaru\u010duj\u00ed <\/span><b>luxusn\u00ed vzhled <\/b> <span style=%22font-weight: 400;%22>interi\u00e9ru vozu.<br \/>Na rozd\u00edl od velk\u00fdch dotykov\u00fdch displej\u016f, kter\u00e9 mohou v\u00e9st ke sn\u00ed\u017een\u00ed koncentrace \u0159idi\u010de, tla\u010d\u00edtka zaru\u010duj\u00ed snadn\u00e9 a p\u0159esn\u00e9 ovl\u00e1d\u00e1n\u00ed jak\u00e9hokoli vozidla. <\/span><\/p>\n<p style=%22text-align: justify;%22><span style=%22font-weight: 400;%22>Spole\u010dnost ECOGLASS m\u00e1 zku\u0161enosti s v\u00fdrobou <\/span><b>tla\u010d\u00edtek <\/b> <span style=%22font-weight: 400;%22>a m\u016f\u017eeme dodat tyto kusy se speci\u00e1ln\u00edmi symboly\/ozna\u010den\u00edm um\u00edst\u011bn\u00fdmi na volantu i na p\u0159\u00edstrojov\u00e9 desce.<br \/>Men\u0161\u00ed panely lze vyrobit pomoc\u00ed na\u0161ich <\/span><b>v\u00fdrobn\u00ed proces ru\u010dn\u00edho lisov\u00e1n\u00ed <\/b><span style=%22font-weight: 400;%22>tak\u00e9.<\/span><\/p>\n<p>&#8220; content_phone=&#8220;<\/p>\n<p><span style=%22font-weight: 400;%22>ECOGLASS je velmi stabiln\u00edm a spolehliv\u00fdm dodavatelem. <\/span><b>pro automobilov\u00fd pr\u016fmysl ji\u017e od roku 1995<\/b><span style=%22font-weight: 400;%22>.<\/span><\/p>\n<p><b>Sklen\u011bn\u00e9 komponenty <\/b><b>a d\u00edly <\/b><span style=%22font-weight: 400;%22>p\u0159in\u00e1\u0161ej\u00ed vy\u0161\u0161\u00ed p\u0159idanou hodnotu v <\/span><b>kvalitu <\/b><span style=%22font-weight: 400;%22>a zaru\u010duj\u00ed <\/span><b>luxusn\u00ed vzhled <\/b> <span style=%22font-weight: 400;%22>interi\u00e9ru vozu.<br \/>\nNa rozd\u00edl od velk\u00fdch dotykov\u00fdch displej\u016f, kter\u00e9 mohou v\u00e9st ke sn\u00ed\u017een\u00ed koncentrace \u0159idi\u010de, tla\u010d\u00edtka zaru\u010duj\u00ed snadn\u00e9 a p\u0159esn\u00e9 ovl\u00e1d\u00e1n\u00ed jak\u00e9hokoli vozidla. <\/span><\/p>\n<p><span style=%22font-weight: 400;%22>Spole\u010dnost ECOGLASS m\u00e1 zku\u0161enosti s v\u00fdrobou <\/span><b>tla\u010d\u00edtek <\/b> <span style=%22font-weight: 400;%22>a m\u016f\u017eeme dodat tyto kusy se speci\u00e1ln\u00edmi symboly\/ozna\u010den\u00edm um\u00edst\u011bn\u00fdmi na volantu i na p\u0159\u00edstrojov\u00e9 desce.<br \/>\nMen\u0161\u00ed panely lze vyrobit pomoc\u00ed na\u0161ich   <\/span><b>v\u00fdrobn\u00ed proces ru\u010dn\u00edho lisov\u00e1n\u00ed <\/b><span style=%22font-weight: 400;%22>tak\u00e9.<\/span><\/p>\n<p>&#8220; content_last_edited=&#8220;on|phone&#8220; _builder_version=&#8220;4.27.4&#8243; _module_preset=&#8220;default&#8220; hover_enabled=&#8220;0&#8243; text_font_tablet=&#8220;&#8220; text_font_phone=&#8220;&#8220; text_font_last_edited=&#8220;on|desktop&#8220; text_text_color_tablet=&#8220;&#8220; text_text_color_phone=&#8220;&#8220; text_text_color_last_edited=&#8220;on|desktop&#8220; text_font_size_tablet=&#8220;16px&#8220; text_font_size_phone=&#8220;16px&#8220; text_font_size_last_edited=&#8220;on|phone&#8220; text_letter_spacing_tablet=&#8220;&#8220; text_letter_spacing_phone=&#8220;&#8220; text_letter_spacing_last_edited=&#8220;on|desktop&#8220; text_line_height_tablet=&#8220;&#8220; text_line_height_phone=&#8220;&#8220; text_line_height_last_edited=&#8220;on|desktop&#8220; text_orientation_tablet=&#8220;&#8220; text_orientation_phone=&#8220;&#8220; text_orientation_last_edited=&#8220;on|desktop&#8220; background_layout_tablet=&#8220;&#8220; background_layout_phone=&#8220;&#8220; background_layout_last_edited=&#8220;on|desktop&#8220; global_colors_info=&#8220;{}&#8220; sticky_enabled=&#8220;0&#8243;]<\/p>\n<p style=\"text-align: justify;\"><span style=\"font-weight: 400;\">ECOGLASS, a.s. je stabiln\u00ed a spolehliv\u00fd dodavatel pro automobilov\u00fd pr\u016fmysl od roku 1995.<\/span><\/p>\n<p style=\"text-align: justify;\"><span style=\"font-weight: 400;\">Sklen\u011bn\u00e9 d\u00edly jsou v interi\u00e9ru automobil\u016f v\u00fdrazn\u00fdm prvkem zna\u010d\u00edc\u00edm vysokou kvalitu a luxus. Na rozd\u00edl od dotykov\u00fdch displej\u016f, kter\u00e9 mohou odv\u00e1d\u011bt pozornost od \u0159\u00edzen\u00ed, je ovl\u00e1d\u00e1n\u00ed pomoc\u00ed dotykov\u00fdch tla\u010d\u00edtek rychl\u00e9, efektivn\u00ed a spolehliv\u00e9.<\/span><\/p>\n<p style=\"text-align: justify;\"><span style=\"font-weight: 400;\">Na\u0161e spole\u010dnost m\u00e1 dlouholetou zku\u0161enost s v\u00fdrobou a dod\u00e1vkami pro interi\u00e9ry t\u011bch nejluxusn\u011bj\u0161\u00edch zna\u010dek aut. Vyr\u00e1b\u00edme sklen\u011bn\u00e1 tla\u010d\u00edtka jako ovl\u00e1dac\u00ed prvky do volantu, \u0159ad\u00edc\u00ed p\u00e1ky, kl\u00ed\u010denky nebo na palubn\u00ed desku a dod\u00e1v\u00e1me je v\u010detn\u011b ti\u0161t\u011bn\u00fdch symbol\u016f.<\/span><\/p>\n<p style=\"text-align: justify;\">ECOGLASS, a.s. je na trhu zn\u00e1m tak\u00e9 jako dodavatel <a href=\"https:\/\/ecoglass-optic.com\/cs\/autococky\/\">prim\u00e1rn\u00ed a sekund\u00e1rn\u00ed optiky<\/a> do hlavn\u00edch sv\u011btlomet\u016f aut.<span style=\"font-weight: 400;\"><\/span><\/p>\n<p><span style=\"font-weight: 400;\"><\/span><\/p>\n<p>[\/et_pb_text][\/et_pb_column][\/et_pb_row][et_pb_row _builder_version=&#8220;4.27.0&#8243; _module_preset=&#8220;default&#8220; width=&#8220;90%&#8220; max_width=&#8220;1170px&#8220; global_colors_info=&#8220;{}&#8220;][et_pb_column type=&#8220;4_4&#8243; _builder_version=&#8220;4.27.0&#8243; _module_preset=&#8220;default&#8220; global_colors_info=&#8220;{}&#8220;][difl_imagecarousel arrow=&#8220;on&#8220; arrow_prev_icon_use_icon=&#8220;off&#8220; arrow_next_icon_use_icon=&#8220;off&#8220; arrow_color=&#8220;#0057a2&#8243; _builder_version=&#8220;4.27.0&#8243; _module_preset=&#8220;default&#8220; global_colors_info=&#8220;{}&#8220;][difl_imagecarouselitem image=&#8220;https:\/\/ecoglass-optic.com\/wp-content\/uploads\/2024\/09\/DSC6346.jpg&#8220; ic_button_button_url_new_window=&#8220;1&#8243; _builder_version=&#8220;4.27.0&#8243; _module_preset=&#8220;default&#8220; global_colors_info=&#8220;{}&#8220;][\/difl_imagecarouselitem][difl_imagecarouselitem image=&#8220;https:\/\/ecoglass-optic.com\/wp-content\/uploads\/2024\/09\/DSC6347.jpg&#8220; ic_button_button_url_new_window=&#8220;1&#8243; _builder_version=&#8220;4.27.0&#8243; _module_preset=&#8220;default&#8220; global_colors_info=&#8220;{}&#8220;][\/difl_imagecarouselitem][difl_imagecarouselitem image=&#8220;https:\/\/ecoglass-optic.com\/wp-content\/uploads\/2024\/09\/DSC6529.jpg&#8220; ic_button_button_url_new_window=&#8220;1&#8243; _builder_version=&#8220;4.27.0&#8243; _module_preset=&#8220;default&#8220; global_colors_info=&#8220;{}&#8220;][\/difl_imagecarouselitem][difl_imagecarouselitem image=&#8220;https:\/\/ecoglass-optic.com\/wp-content\/uploads\/2024\/09\/DSC6531.jpg&#8220; ic_button_button_url_new_window=&#8220;1&#8243; _builder_version=&#8220;4.27.0&#8243; _module_preset=&#8220;default&#8220; global_colors_info=&#8220;{}&#8220;][\/difl_imagecarouselitem][difl_imagecarouselitem image=&#8220;https:\/\/ecoglass-optic.com\/wp-content\/uploads\/2024\/09\/DSC6532.jpg&#8220; ic_button_button_url_new_window=&#8220;1&#8243; _builder_version=&#8220;4.27.0&#8243; _module_preset=&#8220;default&#8220; global_colors_info=&#8220;{}&#8220;][\/difl_imagecarouselitem][difl_imagecarouselitem image=&#8220;https:\/\/ecoglass-optic.com\/wp-content\/uploads\/2024\/09\/DSC6535.jpg&#8220; ic_button_button_url_new_window=&#8220;1&#8243; _builder_version=&#8220;4.27.0&#8243; _module_preset=&#8220;default&#8220; global_colors_info=&#8220;{}&#8220;][\/difl_imagecarouselitem][difl_imagecarouselitem image=&#8220;https:\/\/ecoglass-optic.com\/wp-content\/uploads\/2024\/09\/DSC6537.jpg&#8220; ic_button_button_url_new_window=&#8220;1&#8243; _builder_version=&#8220;4.27.0&#8243; _module_preset=&#8220;default&#8220; global_colors_info=&#8220;{}&#8220;][\/difl_imagecarouselitem][difl_imagecarouselitem image=&#8220;https:\/\/ecoglass-optic.com\/wp-content\/uploads\/2024\/09\/DSC6538.jpg&#8220; ic_button_button_url_new_window=&#8220;1&#8243; _builder_version=&#8220;4.27.0&#8243; _module_preset=&#8220;default&#8220; global_colors_info=&#8220;{}&#8220;][\/difl_imagecarouselitem][difl_imagecarouselitem image=&#8220;https:\/\/ecoglass-optic.com\/wp-content\/uploads\/2024\/09\/DSC6540.jpg&#8220; ic_button_button_url_new_window=&#8220;1&#8243; _builder_version=&#8220;4.27.0&#8243; _module_preset=&#8220;default&#8220; global_colors_info=&#8220;{}&#8220;][\/difl_imagecarouselitem][difl_imagecarouselitem image=&#8220;https:\/\/ecoglass-optic.com\/wp-content\/uploads\/2024\/09\/DSC6543.jpg&#8220; ic_button_button_url_new_window=&#8220;1&#8243; _builder_version=&#8220;4.27.0&#8243; _module_preset=&#8220;default&#8220; global_colors_info=&#8220;{}&#8220;][\/difl_imagecarouselitem][difl_imagecarouselitem image=&#8220;https:\/\/ecoglass-optic.com\/wp-content\/uploads\/2024\/09\/DSC6544.jpg&#8220; ic_button_button_url_new_window=&#8220;1&#8243; _builder_version=&#8220;4.27.0&#8243; _module_preset=&#8220;default&#8220; global_colors_info=&#8220;{}&#8220;][\/difl_imagecarouselitem][difl_imagecarouselitem image=&#8220;https:\/\/ecoglass-optic.com\/wp-content\/uploads\/2024\/09\/DSC6545.jpg&#8220; ic_button_button_url_new_window=&#8220;1&#8243; _builder_version=&#8220;4.27.0&#8243; _module_preset=&#8220;default&#8220; global_colors_info=&#8220;{}&#8220;][\/difl_imagecarouselitem][difl_imagecarouselitem image=&#8220;https:\/\/ecoglass-optic.com\/wp-content\/uploads\/2024\/09\/DSC6547.jpg&#8220; ic_button_button_url_new_window=&#8220;1&#8243; _builder_version=&#8220;4.27.0&#8243; _module_preset=&#8220;default&#8220; global_colors_info=&#8220;{}&#8220;][\/difl_imagecarouselitem][difl_imagecarouselitem image=&#8220;https:\/\/ecoglass-optic.com\/wp-content\/uploads\/2024\/09\/DSC6685.jpg&#8220; ic_button_button_url_new_window=&#8220;1&#8243; _builder_version=&#8220;4.27.0&#8243; _module_preset=&#8220;default&#8220; global_colors_info=&#8220;{}&#8220;][\/difl_imagecarouselitem][difl_imagecarouselitem image=&#8220;https:\/\/ecoglass-optic.com\/wp-content\/uploads\/2024\/09\/DSC6687.jpg&#8220; ic_button_button_url_new_window=&#8220;1&#8243; _builder_version=&#8220;4.27.0&#8243; _module_preset=&#8220;default&#8220; global_colors_info=&#8220;{}&#8220;][\/difl_imagecarouselitem][\/difl_imagecarousel][\/et_pb_column][\/et_pb_row][\/et_pb_section]<\/p>\n","protected":false},"excerpt":{"rendered":"<p>Interi\u00e9rov\u00e9 sklen\u011bn\u00e9 d\u00edly do autECOGLASS, a.s. je stabiln\u00ed a spolehliv\u00fd dodavatel pro automobilov\u00fd pr\u016fmysl od roku 1995. Sklen\u011bn\u00e9 d\u00edly jsou v interi\u00e9ru automobil\u016f v\u00fdrazn\u00fdm prvkem zna\u010d\u00edc\u00edm vysokou kvalitu a luxus. Na rozd\u00edl od dotykov\u00fdch displej\u016f, kter\u00e9 mohou odv\u00e1d\u011bt pozornost od \u0159\u00edzen\u00ed, je ovl\u00e1d\u00e1n\u00ed pomoc\u00ed dotykov\u00fdch tla\u010d\u00edtek rychl\u00e9, efektivn\u00ed a spolehliv\u00e9. Na\u0161e spole\u010dnost m\u00e1 dlouholetou zku\u0161enost [&hellip;]<\/p>\n","protected":false},"author":2,"featured_media":0,"parent":0,"menu_order":0,"comment_status":"closed","ping_status":"closed","template":"","meta":{"_et_pb_use_builder":"on","_et_pb_old_content":"","_et_gb_content_width":"","footnotes":""},"difl_page_category":[],"class_list":["post-987513501","page","type-page","status-publish","hentry"],"_links":{"self":[{"href":"https:\/\/ecoglass-optic.com\/cs\/wp-json\/wp\/v2\/pages\/987513501","targetHints":{"allow":["GET"]}}],"collection":[{"href":"https:\/\/ecoglass-optic.com\/cs\/wp-json\/wp\/v2\/pages"}],"about":[{"href":"https:\/\/ecoglass-optic.com\/cs\/wp-json\/wp\/v2\/types\/page"}],"author":[{"embeddable":true,"href":"https:\/\/ecoglass-optic.com\/cs\/wp-json\/wp\/v2\/users\/2"}],"replies":[{"embeddable":true,"href":"https:\/\/ecoglass-optic.com\/cs\/wp-json\/wp\/v2\/comments?post=987513501"}],"version-history":[{"count":4,"href":"https:\/\/ecoglass-optic.com\/cs\/wp-json\/wp\/v2\/pages\/987513501\/revisions"}],"predecessor-version":[{"id":987516526,"href":"https:\/\/ecoglass-optic.com\/cs\/wp-json\/wp\/v2\/pages\/987513501\/revisions\/987516526"}],"wp:attachment":[{"href":"https:\/\/ecoglass-optic.com\/cs\/wp-json\/wp\/v2\/media?parent=987513501"}],"wp:term":[{"taxonomy":"difl_page_category","embeddable":true,"href":"https:\/\/ecoglass-optic.com\/cs\/wp-json\/wp\/v2\/difl_page_category?post=987513501"}],"curies":[{"name":"wp","href":"https:\/\/api.w.org\/{rel}","templated":true}]}}